{"id":151,"date":"2019-01-14T15:57:29","date_gmt":"2019-01-14T23:57:29","guid":{"rendered":"http:\/\/www.bernadettecalonego.com\/de\/?page_id=151"},"modified":"2019-02-07T22:13:50","modified_gmt":"2019-02-08T06:13:50","slug":"fans","status":"publish","type":"page","link":"https:\/\/www.bernadettecalonego.com\/de\/fans\/","title":{"rendered":"Fans"},"content":{"rendered":"\n<p class=\"has-background has-medium-font-size has-very-light-gray-background-color\"> Schickt mir doch einige Zeilen, ich schreibe bestimmt zur\u00fcck! Ich freue mich riesig, wenn ich von meinen Leserinnen und Lesern h\u00f6re. <\/p>\n\n\n\nngg_shortcode_0_placeholder\n\n\n\n<p><a href=\"https:\/\/www.bernadettecalonego.com\/de\/category\/fanposts\/\"><strong>Hier k\u00f6nnt ihr Mitteilungen meiner Leserinnen und<\/strong> <strong>Leser abrufen.<\/strong><\/a><\/p>\n\n\n\n<div class=\"wp-block-image\"><figure class=\"alignleft is-resized\"><img loading=\"lazy\" decoding=\"async\" src=\"https:\/\/www.bernadettecalonego.com\/de\/wp-content\/uploads\/OleJakobsen-Copy-1024x897.jpg\" alt=\"\" class=\"wp-image-1795\" width=\"456\" height=\"399\" srcset=\"https:\/\/www.bernadettecalonego.com\/de\/wp-content\/uploads\/OleJakobsen-Copy-1024x897.jpg 1024w, https:\/\/www.bernadettecalonego.com\/de\/wp-content\/uploads\/OleJakobsen-Copy-300x263.jpg 300w, https:\/\/www.bernadettecalonego.com\/de\/wp-content\/uploads\/OleJakobsen-Copy-768x673.jpg 768w, https:\/\/www.bernadettecalonego.com\/de\/wp-content\/uploads\/OleJakobsen-Copy.jpg 1096w\" sizes=\"auto, (max-width: 456px) 100vw, 456px\" \/><figcaption><strong>Ole aus Vancouver mit &#8220;The Stranger on the Ice&#8221;.<\/strong><\/figcaption><\/figure><\/div>\n\n\n\n<figure class=\"wp-block-image is-resized\"><img loading=\"lazy\" decoding=\"async\" src=\"https:\/\/www.bernadettecalonego.com\/de\/wp-content\/uploads\/IMG_4438-Copy-1-1024x768.jpg\" alt=\"\" class=\"wp-image-1814\" width=\"562\" height=\"422\" srcset=\"https:\/\/www.bernadettecalonego.com\/de\/wp-content\/uploads\/IMG_4438-Copy-1-1024x768.jpg 1024w, https:\/\/www.bernadettecalonego.com\/de\/wp-content\/uploads\/IMG_4438-Copy-1-300x225.jpg 300w, https:\/\/www.bernadettecalonego.com\/de\/wp-content\/uploads\/IMG_4438-Copy-1-768x576.jpg 768w, https:\/\/www.bernadettecalonego.com\/de\/wp-content\/uploads\/IMG_4438-Copy-1.jpg 1031w\" sizes=\"auto, (max-width: 562px) 100vw, 562px\" \/><figcaption><strong>Buchclub in Seewen, Schweiz, mit &#8220;Die letzte Erkenntnis&#8221;.<\/strong><\/figcaption><\/figure>\n\n\n<p>&nbsp;<\/p>\n<p><strong>12. Januar 2019<\/strong><\/p>\n<p><em>&#8220;Ich habe bereits sieben Kapitel des Buches gelesen und kann es nicht mehr aus der Hand legen. Ich bin so gespannt, wie es weitergeht!&#8221;<\/em><\/p>\n<p>Susanne aus Gibsons, Kanada<\/p>\n<p>&nbsp;<\/p>\n<p><strong>2. Juni 2018<\/strong><\/p>\n<p>Aus Chemnitz in Sachsen erreichten mich diese Zeilen:<\/p>\n<p><em>\u201cHi Frau Calonego, nun sind Sie in Kanada gelandet. Gratuliere! Ihr Buch \u201cOh, wie sch\u00f6n ist Kanada\u201d hat meine Tochter auf ihrer dreiviertel-Jahres-Tour dorthin begleitet und danach haben wir alle Ihre Romane \u201cNutze Deine Feinde\u201d und \u201cUnter dunklen Wassern\u201d gelesen. Meine Tochter ist schon eine Weile zur\u00fcck und eben habe ich einen Artikel von Ihnen im \u201cStandard\u201d entdeckt \u2013 Sie sind also dorthin gewechselt. Viel Gl\u00fcck in Kanada!&nbsp; Sie k\u00f6nnen mir ja mal schreiben, f\u00fcr welche deutschsprachigen Bl\u00e4tter Sie t\u00e4tig sind.<\/em><\/p>\n<p><em>Viele Gr\u00fc\u00dfe, Volkmar du Puits\u201d<\/em><\/p>\n<p>Meine B\u00fccher als Reisebegleiter einer jungen Frau in einem Land wie Kanada \u2013 was kann man sich als Autorin Besseres w\u00fcnschen? So sch\u00f6n, dass ich davon erfahren habe!<\/p>\n\n\n<div class=\"wp-block-media-text alignwide\"><figure class=\"wp-block-media-text__media\"><img loading=\"lazy\" decoding=\"async\" width=\"1024\" height=\"885\" src=\"https:\/\/www.bernadettecalonego.com\/de\/wp-content\/uploads\/BibianeSteiner-Copy-2-1024x885.jpg\" alt=\"\" class=\"wp-image-1832\" srcset=\"https:\/\/www.bernadettecalonego.com\/de\/wp-content\/uploads\/BibianeSteiner-Copy-2-1024x885.jpg 1024w, https:\/\/www.bernadettecalonego.com\/de\/wp-content\/uploads\/BibianeSteiner-Copy-2-300x259.jpg 300w, https:\/\/www.bernadettecalonego.com\/de\/wp-content\/uploads\/BibianeSteiner-Copy-2-768x664.jpg 768w, https:\/\/www.bernadettecalonego.com\/de\/wp-content\/uploads\/BibianeSteiner-Copy-2.jpg 1582w\" sizes=\"auto, (max-width: 1024px) 100vw, 1024px\" \/><\/figure><div class=\"wp-block-media-text__content\">\n<p class=\"has-medium-font-size\"><strong>27. Dezember 2018 <\/strong><\/p>\n\n\n\n<p class=\"has-medium-font-size\">&#8220;Gr\u00fc\u00df dich, ich hab zu Weihnachten zwei B\u00fccher von dir bekommen. Stormy Cove und The Stranger on the Ice. &#8221; <\/p>\n\n\n\n<p class=\"has-medium-font-size\">Bibiana Steiner  aus  Prince Edwards Island, Kanada.<\/p>\n<\/div><\/div>\n\n\n\n<p><\/p>\n\n\n\n<div class=\"wp-block-media-text alignwide has-media-on-the-right\"><figure class=\"wp-block-media-text__media\"><img loading=\"lazy\" decoding=\"async\" width=\"667\" height=\"500\" src=\"https:\/\/www.bernadettecalonego.com\/de\/wp-content\/uploads\/IMG_2095-Copy-667x500.jpg\" alt=\"\" class=\"wp-image-1841\" srcset=\"https:\/\/www.bernadettecalonego.com\/de\/wp-content\/uploads\/IMG_2095-Copy-667x500.jpg 667w, https:\/\/www.bernadettecalonego.com\/de\/wp-content\/uploads\/IMG_2095-Copy-667x500-300x225.jpg 300w\" sizes=\"auto, (max-width: 667px) 100vw, 667px\" \/><\/figure><div class=\"wp-block-media-text__content\">\n<p class=\"has-medium-font-size\"><strong>28. August 2018<\/strong><\/p>\n\n\n\n<p class=\"has-medium-font-size\"> Bei einer Lesung in St. Lunaire-Griquet, Neufundland, traf ich ein Paar aus Berlin, Gabriele Fester und Manfred Eyhorn. Sie hatten sogar meinen Neufundland-Krimi \u201cDie Bucht des Schweigens\u201d auf die Reise mitgebracht! <\/p>\n<\/div><\/div>\n\n\n<p><strong>22. Februar 2018<\/strong><\/p>\n<p>&nbsp;<\/p>\n<p><strong>Margaritha Minjonn aus den Niederlanden<\/strong>&nbsp;schrieb diese sch\u00f6nen Zeilen \u00fcber meinen Krimi \u201c<strong>Die letzte Erkenntnis<\/strong>\u201c f\u00fcr mein Facebookkonto.<\/p>\n<p>Mein Herz h\u00fcpft, Margaritha!<\/p>\n<p><em>\u201cDas ist ein sehr gutes Buch, das beste, das ich in j\u00fcngster Zeit gelesen habe. Der Plot ist raffiniert und nimmt unerwartete, aber v\u00f6llig \u00fcberzeugende Wendungen. Die Charaktere wirken echt und lebensnah \u2013 kein Melodrama hier.<\/em><\/p>\n<div><span lang=\"de\">&nbsp;<\/span><em><span lang=\"de\">Ich liebte auch die Beschreibung der unterschiedlichen Schaupl\u00e4tze. Die Autorin, eine Schweizerin, die in Kanada lebt, schildert die Ereignisse auf einer Pferderanch im Norden von British Columbia treffend, oder die Atmosph\u00e4re einer Schweizer Kleinstadt. Mir gefiel vor allem die Beschreibung eines Besuchs, der zu einem alten Schweizer Haus f\u00fchrte: samt knarrenden Holztreppen und dem Geb\u00e4ck, das den G\u00e4sten gereicht wurde. Ich reite sehr gern, und es ist offensichtlich, dass die Autorin sich da auskennt. Wie l\u00e4uft ein Reitunfall ab? Sie beschreibt es sehr lebendig, es k\u00f6nnte ein Filmdrehbuch sein.<\/span><\/em><\/div>\n<div><em><span lang=\"de\">Ich will hier nichts \u00fcber den Plot schreiben, weil ich zuviel verraten k\u00f6nnte. Es gen\u00fcgt zu sagen, dass er intelligent ist. Der Sprachstil ist sehr pr\u00e4zise und konzentriert.<\/span><\/em><\/div>\n<div><em><span lang=\"de\">Ich konnte dieses Buch nicht mehr weglegen. Fing im B<\/span><\/em><em><span lang=\"de\">ett an zu lesen, aber schon bald las ich es w\u00e4hrend der Mahlzeiten (ich wohne allein!) und vor dem Fernseher, anstatt die Nachrichten zu verfolgen.\u201d<\/span><\/em><\/div>\n<div>&nbsp;<\/div>\n<div>&nbsp;<\/div>\n\n\n<div class=\"wp-block-image\"><figure class=\"alignleft is-resized\"><img loading=\"lazy\" decoding=\"async\" src=\"https:\/\/www.bernadettecalonego.com\/de\/wp-content\/uploads\/IMG_4614-Copy-768x1024.jpg\" alt=\"\" class=\"wp-image-1854\" width=\"399\" height=\"531\" srcset=\"https:\/\/www.bernadettecalonego.com\/de\/wp-content\/uploads\/IMG_4614-Copy-768x1024.jpg 768w, https:\/\/www.bernadettecalonego.com\/de\/wp-content\/uploads\/IMG_4614-Copy-225x300.jpg 225w, https:\/\/www.bernadettecalonego.com\/de\/wp-content\/uploads\/IMG_4614-Copy.jpg 1160w\" sizes=\"auto, (max-width: 399px) 100vw, 399px\" \/><figcaption><strong>Leserin in Steinen, Schweiz, mit &#8220;Die letzte Erkenntnis&#8221;<\/strong><\/figcaption><\/figure><\/div>\n\n\n\n<div class=\"wp-block-image\"><figure class=\"alignright is-resized\"><img loading=\"lazy\" decoding=\"async\" src=\"https:\/\/www.bernadettecalonego.com\/de\/wp-content\/uploads\/IMG_4616-Copy-768x1024.jpg\" alt=\"\" class=\"wp-image-1855\" width=\"378\" height=\"504\" srcset=\"https:\/\/www.bernadettecalonego.com\/de\/wp-content\/uploads\/IMG_4616-Copy-768x1024.jpg 768w, https:\/\/www.bernadettecalonego.com\/de\/wp-content\/uploads\/IMG_4616-Copy-225x300.jpg 225w, https:\/\/www.bernadettecalonego.com\/de\/wp-content\/uploads\/IMG_4616-Copy.jpg 1160w\" sizes=\"auto, (max-width: 378px) 100vw, 378px\" \/><\/figure><\/div>\n\n\n\n<figure class=\"wp-block-image is-resized\"><img loading=\"lazy\" decoding=\"async\" src=\"https:\/\/www.bernadettecalonego.com\/de\/wp-content\/uploads\/IMG_4601-Copy-1.jpg\" alt=\"\" class=\"wp-image-1873\" width=\"355\" height=\"323\" srcset=\"https:\/\/www.bernadettecalonego.com\/de\/wp-content\/uploads\/IMG_4601-Copy-1.jpg 806w, https:\/\/www.bernadettecalonego.com\/de\/wp-content\/uploads\/IMG_4601-Copy-1-300x274.jpg 300w, https:\/\/www.bernadettecalonego.com\/de\/wp-content\/uploads\/IMG_4601-Copy-1-768x700.jpg 768w\" sizes=\"auto, (max-width: 355px) 100vw, 355px\" \/><figcaption><strong>Diese Leserin wollte unbedingt &#8220;Die Bucht des Schweigens&#8221;  haben.<\/strong><\/figcaption><\/figure>\n\n\n\n<figure class=\"wp-block-image is-resized\"><img loading=\"lazy\" decoding=\"async\" src=\"https:\/\/www.bernadettecalonego.com\/de\/wp-content\/uploads\/DSC00733-Copy-1024x768.jpg\" alt=\"This image has an empty alt attribute; its file name is DSC00733-Copy-1024x768.jpg\" width=\"512\" height=\"384\"\/><figcaption>Margrith in Beckenried, Schweitz.<\/figcaption><\/figure>\n\n\n\n<div class=\"wp-block-image\"><figure class=\"aligncenter\"><img loading=\"lazy\" decoding=\"async\" width=\"773\" height=\"580\" src=\"https:\/\/www.bernadettecalonego.com\/de\/wp-content\/uploads\/DSC00775-Copy-1.jpg\" alt=\"\" class=\"wp-image-1888\" srcset=\"https:\/\/www.bernadettecalonego.com\/de\/wp-content\/uploads\/DSC00775-Copy-1.jpg 773w, https:\/\/www.bernadettecalonego.com\/de\/wp-content\/uploads\/DSC00775-Copy-1-300x225.jpg 300w, https:\/\/www.bernadettecalonego.com\/de\/wp-content\/uploads\/DSC00775-Copy-1-768x576.jpg 768w\" sizes=\"auto, (max-width: 773px) 100vw, 773px\" \/><figcaption><strong>Artikel \u00fcber meine Arbeit und meine B\u00fccher in der Schweizer Nidwaldner Zeitung, 2018.<\/strong><\/figcaption><\/figure><\/div>\n\n\n\n<div class=\"wp-block-columns has-2-columns is-layout-flex wp-container-core-columns-is-layout-9d6595d7 wp-block-columns-is-layout-flex\">\n<div class=\"wp-block-column is-layout-flow wp-block-column-is-layout-flow\"><div id='Facebook' class='widgets_on_page wop_tiny1  wop_small1  wop_medium1  wop_large1  wop_wide1'>\n\t\t\t<ul><li id=\"fbw_id-3\" class=\"widget widget_fbw_id\"><h2 class=\"widgettitle\">Facebook<\/h2>        <div class=\"fb-widget-container\" style=\"position: relative; min-height: 500px;\">\n            <div class=\"fb_loader\" style=\"text-align: center !important;\">\n                <img decoding=\"async\" src=\"https:\/\/www.bernadettecalonego.com\/de\/wp-content\/plugins\/facebook-pagelike-widget\/assets\/images\/loader.gif\" alt=\"Loading...\" \/>\n            <\/div>\n\n            <div id=\"fb-root\"><\/div>\n            <div class=\"fb-page\" \n                data-href=\"https:\/\/www.facebook.com\/BernadetteCalonego.Author\/\" \n                data-width=\"336\" \n                data-height=\"500\" \n                data-small-header=\"false\" \n                data-adapt-container-width=\"false\" \n                data-hide-cover=\"false\" \n                data-show-facepile=\"false\" \n                data-tabs=\"timeline\" \n                data-lazy=\"false\"\n                data-xfbml-parse-ignore=\"false\">\n            <\/div>\n        <\/div>\n        <\/li><\/ul><\/div><!-- widgets_on_page -->\n\n\n<div id='1' class='widgets_on_page wop_tiny1  wop_small1  wop_medium1  wop_large1  wop_wide1'>\n\t\t\t<ul><li id=\"custom_html-2\" class=\"widget_text widget widget_custom_html\"><h2 class=\"widgettitle\">Anmelden<\/h2><div class=\"textwidget custom-html-widget\"><div class=\"tnp tnp-subscription\">\r\n<form method=\"post\" action=\"https:\/\/www.bernadettecalonego.com\/de\/?na=s\" onsubmit=\"return newsletter_check(this)\">\r\n\r\n<input type=\"hidden\" name=\"nlang\" value=\"\">\r\n<div class=\"tnp-field tnp-field-email\"><label>E-Mail<\/label><input class=\"tnp-email\" type=\"email\" name=\"ne\" required><\/div>\r\n<div class=\"tnp-field tnp-field-button\"><input class=\"tnp-submit\" type=\"submit\" value=\"Abonnieren\" >\r\n<\/div>\r\n<\/form>\r\n<\/div><\/div><\/li><\/ul><\/div><!-- widgets_on_page -->\n<\/div>\n\n\n\n<div class=\"wp-block-column is-layout-flow wp-block-column-is-layout-flow\"><div id='Instagram' class='widgets_on_page wop_tiny1  wop_small1  wop_medium1  wop_large1  wop_wide1'>\n\t\t\t<ul><li id=\"meks_instagram-3\" class=\"widget widget_meks_instagram\"><h2 class=\"widgettitle\">Instagram<\/h2>Instagram has returned empty data. Please authorize your Instagram account in the <a href=\"https:\/\/www.bernadettecalonego.com\/de\/wp-admin\/options-general.php?page=meks-instagram\"> plugin settings <\/a>.<\/li><\/ul><\/div><!-- widgets_on_page -->\n<\/div>\n<\/div>\n","protected":false},"excerpt":{"rendered":"<p>Schickt mir doch einige Zeilen, ich schreibe bestimmt zur\u00fcck! Ich freue mich riesig, wenn ich von meinen Leserinnen und Lesern h\u00f6re. Hier k\u00f6nnt ihr Mitteilungen meiner Leserinnen und Leser abrufen. &nbsp; 12. Januar 2019 &#8220;Ich habe bereits sieben Kapitel des Buches gelesen und kann es nicht mehr aus der Hand <a class=\"read-more-link\" href=\"https:\/\/www.bernadettecalonego.com\/de\/fans\/\">   Lesen Sie weiter<\/a><\/p>\n","protected":false},"author":1,"featured_media":0,"parent":0,"menu_order":8,"comment_status":"closed","ping_status":"closed","template":"","meta":{"ngg_post_thumbnail":0,"footnotes":""},"class_list":["post-151","page","type-page","status-publish","hentry"],"jetpack_sharing_enabled":true,"_links":{"self":[{"href":"https:\/\/www.bernadettecalonego.com\/de\/wp-json\/wp\/v2\/pages\/151","targetHints":{"allow":["GET"]}}],"collection":[{"href":"https:\/\/www.bernadettecalonego.com\/de\/wp-json\/wp\/v2\/pages"}],"about":[{"href":"https:\/\/www.bernadettecalonego.com\/de\/wp-json\/wp\/v2\/types\/page"}],"author":[{"embeddable":true,"href":"https:\/\/www.bernadettecalonego.com\/de\/wp-json\/wp\/v2\/users\/1"}],"replies":[{"embeddable":true,"href":"https:\/\/www.bernadettecalonego.com\/de\/wp-json\/wp\/v2\/comments?post=151"}],"version-history":[{"count":4,"href":"https:\/\/www.bernadettecalonego.com\/de\/wp-json\/wp\/v2\/pages\/151\/revisions"}],"predecessor-version":[{"id":2124,"href":"https:\/\/www.bernadettecalonego.com\/de\/wp-json\/wp\/v2\/pages\/151\/revisions\/2124"}],"wp:attachment":[{"href":"https:\/\/www.bernadettecalonego.com\/de\/wp-json\/wp\/v2\/media?parent=151"}],"curies":[{"name":"wp","href":"https:\/\/api.w.org\/{rel}","templated":true}]}}