{"id":1639,"date":"2019-01-21T10:18:50","date_gmt":"2019-01-21T18:18:50","guid":{"rendered":"http:\/\/www.bernadettecalonego.com\/de\/?page_id=1639"},"modified":"2019-02-08T08:19:46","modified_gmt":"2019-02-08T16:19:46","slug":"leben-in-neufundland","status":"publish","type":"page","link":"https:\/\/www.bernadettecalonego.com\/de\/biografie\/leben-in-neufundland\/","title":{"rendered":"Leben in Neufundland"},"content":{"rendered":"\n<div class=\"wp-block-media-text alignwide has-media-on-the-right\"><figure class=\"wp-block-media-text__media\"><img loading=\"lazy\" decoding=\"async\" width=\"1024\" height=\"768\" src=\"https:\/\/www.bernadettecalonego.com\/de\/wp-content\/uploads\/Iceberg1-Copy-2-1024x768.jpg\" alt=\"\" class=\"wp-image-1691\" srcset=\"https:\/\/www.bernadettecalonego.com\/de\/wp-content\/uploads\/Iceberg1-Copy-2-1024x768.jpg 1024w, https:\/\/www.bernadettecalonego.com\/de\/wp-content\/uploads\/Iceberg1-Copy-2-300x225.jpg 300w, https:\/\/www.bernadettecalonego.com\/de\/wp-content\/uploads\/Iceberg1-Copy-2-768x576.jpg 768w\" sizes=\"auto, (max-width: 1024px) 100vw, 1024px\" \/><\/figure><div class=\"wp-block-media-text__content\">\n<p class=\"has-medium-font-size\">Meine winzige Person vor einem gigantischen Eisberg in St. Anthony.<\/p>\n<\/div><\/div>\n\n\n\n<div class=\"wp-block-media-text alignwide\"><figure class=\"wp-block-media-text__media\"><img loading=\"lazy\" decoding=\"async\" width=\"1024\" height=\"768\" src=\"https:\/\/www.bernadettecalonego.com\/de\/wp-content\/uploads\/Whale19-Copy-1024x768.jpg\" alt=\"\" class=\"wp-image-1640\" srcset=\"https:\/\/www.bernadettecalonego.com\/de\/wp-content\/uploads\/Whale19-Copy-1024x768.jpg 1024w, https:\/\/www.bernadettecalonego.com\/de\/wp-content\/uploads\/Whale19-Copy-300x225.jpg 300w, https:\/\/www.bernadettecalonego.com\/de\/wp-content\/uploads\/Whale19-Copy-768x576.jpg 768w, https:\/\/www.bernadettecalonego.com\/de\/wp-content\/uploads\/Whale19-Copy.jpg 1167w\" sizes=\"auto, (max-width: 1024px) 100vw, 1024px\" \/><\/figure><div class=\"wp-block-media-text__content\">\n<p class=\"has-medium-font-size\">Nirgendwo kann ich Buckelwale von so nahe sehen wie im Norden Neufundlands.<\/p>\n<\/div><\/div>\n\n\n\n<div class=\"wp-block-media-text alignwide has-media-on-the-right\"><figure class=\"wp-block-media-text__media\"><img loading=\"lazy\" decoding=\"async\" width=\"768\" height=\"576\" src=\"https:\/\/www.bernadettecalonego.com\/de\/wp-content\/uploads\/Bernadette.April1-Copy.jpg\" alt=\"\" class=\"wp-image-1642\" srcset=\"https:\/\/www.bernadettecalonego.com\/de\/wp-content\/uploads\/Bernadette.April1-Copy.jpg 768w, https:\/\/www.bernadettecalonego.com\/de\/wp-content\/uploads\/Bernadette.April1-Copy-300x225.jpg 300w\" sizes=\"auto, (max-width: 768px) 100vw, 768px\" \/><\/figure><div class=\"wp-block-media-text__content\">\n<p class=\"has-medium-font-size\">Im Winter m\u00fcssen die Holzvorr\u00e4te f\u00fcr den Heizofen aufgestockt werden. Mit Schneemobilen geht`s \u00fcber die gefrorene Tundra, im Sommer w\u00e4re das nicht m\u00f6glich wegen der S\u00fcmpfe und Seen.<\/p>\n<\/div><\/div>\n\n\n\n<div class=\"wp-block-media-text alignwide\"><figure class=\"wp-block-media-text__media\"><img loading=\"lazy\" decoding=\"async\" width=\"1024\" height=\"768\" src=\"https:\/\/www.bernadettecalonego.com\/de\/wp-content\/uploads\/IMG_6606-Copy-1-1024x768.jpg\" alt=\"\" class=\"wp-image-1646\" srcset=\"https:\/\/www.bernadettecalonego.com\/de\/wp-content\/uploads\/IMG_6606-Copy-1-1024x768.jpg 1024w, https:\/\/www.bernadettecalonego.com\/de\/wp-content\/uploads\/IMG_6606-Copy-1-300x225.jpg 300w, https:\/\/www.bernadettecalonego.com\/de\/wp-content\/uploads\/IMG_6606-Copy-1-768x576.jpg 768w, https:\/\/www.bernadettecalonego.com\/de\/wp-content\/uploads\/IMG_6606-Copy-1.jpg 1229w\" sizes=\"auto, (max-width: 1024px) 100vw, 1024px\" \/><\/figure><div class=\"wp-block-media-text__content\">\n<p class=\"has-medium-font-size\"> Fischen geh\u00f6rt zum \u00dcberleben in den K\u00fcstend\u00f6rfern, die &#8220;Outports&#8221; genannt werden. Manchmal fahre ich mit meinem Lieblingsfischer in seinem kleinen Motorboot hinaus. Dort drau\u00dfen auf dem m\u00e4chtigen Nordatlantik f\u00fchlt man sich wie ein Tropfen im Wasser. <\/p>\n<\/div><\/div>\n\n\n\n<div class=\"wp-block-media-text alignwide has-media-on-the-right\"><figure class=\"wp-block-media-text__media\"><img loading=\"lazy\" decoding=\"async\" width=\"1024\" height=\"768\" src=\"https:\/\/www.bernadettecalonego.com\/de\/wp-content\/uploads\/Berries11-Copy-1024x768.jpg\" alt=\"\" class=\"wp-image-1648\" srcset=\"https:\/\/www.bernadettecalonego.com\/de\/wp-content\/uploads\/Berries11-Copy-1024x768.jpg 1024w, https:\/\/www.bernadettecalonego.com\/de\/wp-content\/uploads\/Berries11-Copy-300x225.jpg 300w, https:\/\/www.bernadettecalonego.com\/de\/wp-content\/uploads\/Berries11-Copy-768x576.jpg 768w, https:\/\/www.bernadettecalonego.com\/de\/wp-content\/uploads\/Berries11-Copy.jpg 1031w\" sizes=\"auto, (max-width: 1024px) 100vw, 1024px\" \/><\/figure><div class=\"wp-block-media-text__content\">\n<p class=\"has-medium-font-size\">\u00c4pfel und anderes Obst w\u00e4chst nicht im rauen Klima an der Nordspitze Neufundlands. Einzige Ausnahme: Rhabarber. Daf\u00fcr gibt es unterschiedliche Sorten von Beeren, die im Sommer gepfl\u00fcckt und gefroren oder zu Konfit\u00fcre eingekocht werden. Hier habe ich die schmackhaften Bakeapple-Beeren gesammelt.<\/p>\n<\/div><\/div>\n\n\n\n<div class=\"wp-block-media-text alignwide\"><figure class=\"wp-block-media-text__media\"><img loading=\"lazy\" decoding=\"async\" width=\"768\" height=\"1024\" src=\"https:\/\/www.bernadettecalonego.com\/de\/wp-content\/uploads\/eisfischen11-Copy-768x1024.jpg\" alt=\"\" class=\"wp-image-1652\" srcset=\"https:\/\/www.bernadettecalonego.com\/de\/wp-content\/uploads\/eisfischen11-Copy-768x1024.jpg 768w, https:\/\/www.bernadettecalonego.com\/de\/wp-content\/uploads\/eisfischen11-Copy-225x300.jpg 225w, https:\/\/www.bernadettecalonego.com\/de\/wp-content\/uploads\/eisfischen11-Copy.jpg 972w\" sizes=\"auto, (max-width: 768px) 100vw, 768px\" \/><\/figure><div class=\"wp-block-media-text__content\">\n<p class=\"has-medium-font-size\">Das ist das Ergebnis meiner Geduld im Eisfischen. <\/p>\n<\/div><\/div>\n\n\n\n<div class=\"wp-block-media-text alignwide has-media-on-the-right\"><figure class=\"wp-block-media-text__media\"><img loading=\"lazy\" decoding=\"async\" width=\"768\" height=\"1024\" src=\"https:\/\/www.bernadettecalonego.com\/de\/wp-content\/uploads\/shark11-Copy-768x1024.jpg\" alt=\"\" class=\"wp-image-1655\" srcset=\"https:\/\/www.bernadettecalonego.com\/de\/wp-content\/uploads\/shark11-Copy-768x1024.jpg 768w, https:\/\/www.bernadettecalonego.com\/de\/wp-content\/uploads\/shark11-Copy-225x300.jpg 225w, https:\/\/www.bernadettecalonego.com\/de\/wp-content\/uploads\/shark11-Copy.jpg 972w\" sizes=\"auto, (max-width: 768px) 100vw, 768px\" \/><\/figure><div class=\"wp-block-media-text__content\">\n<p class=\"has-medium-font-size\">Begegnung mit einem Heringshai (ich mag die Haie aber lieber lebend)&#8230;<\/p>\n<\/div><\/div>\n\n\n\n<div class=\"wp-block-media-text alignwide\"><figure class=\"wp-block-media-text__media\"><img loading=\"lazy\" decoding=\"async\" width=\"1024\" height=\"768\" src=\"https:\/\/www.bernadettecalonego.com\/de\/wp-content\/uploads\/Robben17-Copy-1024x768.jpg\" alt=\"\" class=\"wp-image-1658\" srcset=\"https:\/\/www.bernadettecalonego.com\/de\/wp-content\/uploads\/Robben17-Copy-1024x768.jpg 1024w, https:\/\/www.bernadettecalonego.com\/de\/wp-content\/uploads\/Robben17-Copy-300x225.jpg 300w, https:\/\/www.bernadettecalonego.com\/de\/wp-content\/uploads\/Robben17-Copy-768x576.jpg 768w, https:\/\/www.bernadettecalonego.com\/de\/wp-content\/uploads\/Robben17-Copy.jpg 1536w\" sizes=\"auto, (max-width: 1024px) 100vw, 1024px\" \/><\/figure><div class=\"wp-block-media-text__content\">\n<p class=\"has-medium-font-size\">&#8230; und mit einem Robbenbaby.<\/p>\n<\/div><\/div>\n\n\n\n<div class=\"wp-block-media-text alignwide has-media-on-the-right\"><figure class=\"wp-block-media-text__media\"><img loading=\"lazy\" decoding=\"async\" width=\"1024\" height=\"768\" src=\"https:\/\/www.bernadettecalonego.com\/de\/wp-content\/uploads\/CapeRaven6-Copy-1024x768.jpg\" alt=\"\" class=\"wp-image-1661\" srcset=\"https:\/\/www.bernadettecalonego.com\/de\/wp-content\/uploads\/CapeRaven6-Copy-1024x768.jpg 1024w, https:\/\/www.bernadettecalonego.com\/de\/wp-content\/uploads\/CapeRaven6-Copy-300x225.jpg 300w, https:\/\/www.bernadettecalonego.com\/de\/wp-content\/uploads\/CapeRaven6-Copy-768x576.jpg 768w, https:\/\/www.bernadettecalonego.com\/de\/wp-content\/uploads\/CapeRaven6-Copy.jpg 1037w\" sizes=\"auto, (max-width: 1024px) 100vw, 1024px\" \/><\/figure><div class=\"wp-block-media-text__content\">\n<p class=\"has-medium-font-size\">Was ich nach dem Schreiben mache: wandern in der Tundra &#8230;<\/p>\n<\/div><\/div>\n\n\n\n<div class=\"wp-block-media-text alignwide\"><figure class=\"wp-block-media-text__media\"><img loading=\"lazy\" decoding=\"async\" width=\"1024\" height=\"768\" src=\"https:\/\/www.bernadettecalonego.com\/de\/wp-content\/uploads\/DSCN3831-Copy-Copy-1024x768.jpg\" alt=\"\" class=\"wp-image-1664\" srcset=\"https:\/\/www.bernadettecalonego.com\/de\/wp-content\/uploads\/DSCN3831-Copy-Copy-1024x768.jpg 1024w, https:\/\/www.bernadettecalonego.com\/de\/wp-content\/uploads\/DSCN3831-Copy-Copy-300x225.jpg 300w, https:\/\/www.bernadettecalonego.com\/de\/wp-content\/uploads\/DSCN3831-Copy-Copy-768x576.jpg 768w, https:\/\/www.bernadettecalonego.com\/de\/wp-content\/uploads\/DSCN3831-Copy-Copy.jpg 1167w\" sizes=\"auto, (max-width: 1024px) 100vw, 1024px\" \/><\/figure><div class=\"wp-block-media-text__content\">\n<p class=\"has-medium-font-size\">&#8230; am liebsten mit einem Hund.<\/p>\n<\/div><\/div>\n","protected":false},"excerpt":{"rendered":"<p>Meine winzige Person vor einem gigantischen Eisberg in St. Anthony. Nirgendwo kann ich Buckelwale von so nahe sehen wie im Norden Neufundlands. Im Winter m\u00fcssen die Holzvorr\u00e4te f\u00fcr den Heizofen aufgestockt werden. Mit Schneemobilen geht`s \u00fcber die gefrorene Tundra, im Sommer w\u00e4re das nicht m\u00f6glich wegen der S\u00fcmpfe und Seen. <a class=\"read-more-link\" href=\"https:\/\/www.bernadettecalonego.com\/de\/biografie\/leben-in-neufundland\/\">   Lesen Sie weiter<\/a><\/p>\n","protected":false},"author":1,"featured_media":0,"parent":18,"menu_order":0,"comment_status":"closed","ping_status":"closed","template":"","meta":{"ngg_post_thumbnail":0,"footnotes":""},"class_list":["post-1639","page","type-page","status-publish","hentry"],"jetpack_sharing_enabled":true,"_links":{"self":[{"href":"https:\/\/www.bernadettecalonego.com\/de\/wp-json\/wp\/v2\/pages\/1639","targetHints":{"allow":["GET"]}}],"collection":[{"href":"https:\/\/www.bernadettecalonego.com\/de\/wp-json\/wp\/v2\/pages"}],"about":[{"href":"https:\/\/www.bernadettecalonego.com\/de\/wp-json\/wp\/v2\/types\/page"}],"author":[{"embeddable":true,"href":"https:\/\/www.bernadettecalonego.com\/de\/wp-json\/wp\/v2\/users\/1"}],"replies":[{"embeddable":true,"href":"https:\/\/www.bernadettecalonego.com\/de\/wp-json\/wp\/v2\/comments?post=1639"}],"version-history":[{"count":5,"href":"https:\/\/www.bernadettecalonego.com\/de\/wp-json\/wp\/v2\/pages\/1639\/revisions"}],"predecessor-version":[{"id":2130,"href":"https:\/\/www.bernadettecalonego.com\/de\/wp-json\/wp\/v2\/pages\/1639\/revisions\/2130"}],"up":[{"embeddable":true,"href":"https:\/\/www.bernadettecalonego.com\/de\/wp-json\/wp\/v2\/pages\/18"}],"wp:attachment":[{"href":"https:\/\/www.bernadettecalonego.com\/de\/wp-json\/wp\/v2\/media?parent=1639"}],"curies":[{"name":"wp","href":"https:\/\/api.w.org\/{rel}","templated":true}]}}