{"id":1673,"date":"2019-01-21T11:15:45","date_gmt":"2019-01-21T19:15:45","guid":{"rendered":"http:\/\/www.bernadettecalonego.com\/de\/?page_id=1673"},"modified":"2019-01-21T11:30:59","modified_gmt":"2019-01-21T19:30:59","slug":"die-westkuste","status":"publish","type":"page","link":"https:\/\/www.bernadettecalonego.com\/de\/biografie\/die-westkuste\/","title":{"rendered":"Die Westk\u00fcste"},"content":{"rendered":"\n<div class=\"wp-block-media-text alignwide\" style=\"grid-template-columns:57% auto\"><figure class=\"wp-block-media-text__media\"><img loading=\"lazy\" decoding=\"async\" width=\"1024\" height=\"681\" src=\"https:\/\/www.bernadettecalonego.com\/de\/wp-content\/uploads\/SAM_0008-Copy-1-1024x681.jpg\" alt=\"\" class=\"wp-image-1674\" srcset=\"https:\/\/www.bernadettecalonego.com\/de\/wp-content\/uploads\/SAM_0008-Copy-1-1024x681.jpg 1024w, https:\/\/www.bernadettecalonego.com\/de\/wp-content\/uploads\/SAM_0008-Copy-1-300x200.jpg 300w, https:\/\/www.bernadettecalonego.com\/de\/wp-content\/uploads\/SAM_0008-Copy-1-768x511.jpg 768w, https:\/\/www.bernadettecalonego.com\/de\/wp-content\/uploads\/SAM_0008-Copy-1.jpg 1378w\" sizes=\"auto, (max-width: 1024px) 100vw, 1024px\" \/><\/figure><div class=\"wp-block-media-text__content\">\n<p class=\"has-medium-font-size\"> Vancouver ist mein Liebling unter Kanadas St\u00e4dten. Vancouver ist ein Paradies f\u00fcr Radler, Spazierg\u00e4nger, Jogger, Wanderer, Schwimmer, Segler und andere Freiluftbegeisterte. Ich lie\u00df mich in Vancouver nieder, als ich nach Kanada auswanderte. Sp\u00e4ter \u00fcbersiedelte ich an die Sunshine Coast. <\/p>\n<\/div><\/div>\n\n\n\n<div class=\"wp-block-image\"><figure class=\"alignright is-resized\"><img loading=\"lazy\" decoding=\"async\" src=\"https:\/\/www.bernadettecalonego.com\/de\/wp-content\/uploads\/SAM_9765-Copy.jpg\" alt=\"\" class=\"wp-image-1677\" width=\"494\" height=\"329\" srcset=\"https:\/\/www.bernadettecalonego.com\/de\/wp-content\/uploads\/SAM_9765-Copy.jpg 960w, https:\/\/www.bernadettecalonego.com\/de\/wp-content\/uploads\/SAM_9765-Copy-300x200.jpg 300w, https:\/\/www.bernadettecalonego.com\/de\/wp-content\/uploads\/SAM_9765-Copy-768x512.jpg 768w\" sizes=\"auto, (max-width: 494px) 100vw, 494px\" \/><\/figure><\/div>\n\n\n\n<div class=\"wp-block-image\"><figure class=\"alignright is-resized\"><img loading=\"lazy\" decoding=\"async\" src=\"https:\/\/www.bernadettecalonego.com\/de\/wp-content\/uploads\/IMG_2212-Copy-1024x768.jpg\" alt=\"\" class=\"wp-image-1678\" width=\"380\" height=\"285\" srcset=\"https:\/\/www.bernadettecalonego.com\/de\/wp-content\/uploads\/IMG_2212-Copy-1024x768.jpg 1024w, https:\/\/www.bernadettecalonego.com\/de\/wp-content\/uploads\/IMG_2212-Copy-300x225.jpg 300w, https:\/\/www.bernadettecalonego.com\/de\/wp-content\/uploads\/IMG_2212-Copy-768x576.jpg 768w, https:\/\/www.bernadettecalonego.com\/de\/wp-content\/uploads\/IMG_2212-Copy.jpg 1229w\" sizes=\"auto, (max-width: 380px) 100vw, 380px\" \/><\/figure><\/div>\n\n\n\n<div class=\"wp-block-image\"><figure class=\"alignleft is-resized\"><img loading=\"lazy\" decoding=\"async\" src=\"https:\/\/www.bernadettecalonego.com\/de\/wp-content\/uploads\/IMG_2207-Copy.jpg\" alt=\"\" class=\"wp-image-1679\" width=\"593\" height=\"446\" srcset=\"https:\/\/www.bernadettecalonego.com\/de\/wp-content\/uploads\/IMG_2207-Copy.jpg 922w, https:\/\/www.bernadettecalonego.com\/de\/wp-content\/uploads\/IMG_2207-Copy-300x225.jpg 300w, https:\/\/www.bernadettecalonego.com\/de\/wp-content\/uploads\/IMG_2207-Copy-768x576.jpg 768w\" sizes=\"auto, (max-width: 593px) 100vw, 593px\" \/><\/figure><\/div>\n","protected":false},"excerpt":{"rendered":"<p>Vancouver ist mein Liebling unter Kanadas St\u00e4dten. Vancouver ist ein Paradies f\u00fcr Radler, Spazierg\u00e4nger, Jogger, Wanderer, Schwimmer, Segler und andere Freiluftbegeisterte. Ich lie\u00df mich in Vancouver nieder, als ich nach Kanada auswanderte. Sp\u00e4ter \u00fcbersiedelte ich an die Sunshine Coast.<\/p>\n","protected":false},"author":1,"featured_media":0,"parent":18,"menu_order":0,"comment_status":"closed","ping_status":"closed","template":"","meta":{"ngg_post_thumbnail":0,"footnotes":""},"class_list":["post-1673","page","type-page","status-publish","hentry"],"jetpack_sharing_enabled":true,"_links":{"self":[{"href":"https:\/\/www.bernadettecalonego.com\/de\/wp-json\/wp\/v2\/pages\/1673","targetHints":{"allow":["GET"]}}],"collection":[{"href":"https:\/\/www.bernadettecalonego.com\/de\/wp-json\/wp\/v2\/pages"}],"about":[{"href":"https:\/\/www.bernadettecalonego.com\/de\/wp-json\/wp\/v2\/types\/page"}],"author":[{"embeddable":true,"href":"https:\/\/www.bernadettecalonego.com\/de\/wp-json\/wp\/v2\/users\/1"}],"replies":[{"embeddable":true,"href":"https:\/\/www.bernadettecalonego.com\/de\/wp-json\/wp\/v2\/comments?post=1673"}],"version-history":[{"count":5,"href":"https:\/\/www.bernadettecalonego.com\/de\/wp-json\/wp\/v2\/pages\/1673\/revisions"}],"predecessor-version":[{"id":1684,"href":"https:\/\/www.bernadettecalonego.com\/de\/wp-json\/wp\/v2\/pages\/1673\/revisions\/1684"}],"up":[{"embeddable":true,"href":"https:\/\/www.bernadettecalonego.com\/de\/wp-json\/wp\/v2\/pages\/18"}],"wp:attachment":[{"href":"https:\/\/www.bernadettecalonego.com\/de\/wp-json\/wp\/v2\/media?parent=1673"}],"curies":[{"name":"wp","href":"https:\/\/api.w.org\/{rel}","templated":true}]}}