{"id":18,"date":"2019-01-11T14:59:21","date_gmt":"2019-01-11T22:59:21","guid":{"rendered":"http:\/\/www.bernadettecalonego.com\/de\/?page_id=18"},"modified":"2024-01-11T22:22:05","modified_gmt":"2024-01-12T06:22:05","slug":"biografie","status":"publish","type":"page","link":"https:\/\/www.bernadettecalonego.com\/de\/biografie\/","title":{"rendered":"Biografie"},"content":{"rendered":"\n<div class=\"wp-block-media-text alignwide is-stacked-on-mobile\" style=\"grid-template-columns:41% auto\"><figure class=\"wp-block-media-text__media\"><img loading=\"lazy\" decoding=\"async\" width=\"1024\" height=\"768\" src=\"https:\/\/www.bernadettecalonego.com\/de\/wp-content\/uploads\/Huberts-pictures-523-Copy-2-1024x768.jpg\" alt=\"\" class=\"wp-image-1499 size-full\" srcset=\"https:\/\/www.bernadettecalonego.com\/de\/wp-content\/uploads\/Huberts-pictures-523-Copy-2-1024x768.jpg 1024w, https:\/\/www.bernadettecalonego.com\/de\/wp-content\/uploads\/Huberts-pictures-523-Copy-2-300x225.jpg 300w, https:\/\/www.bernadettecalonego.com\/de\/wp-content\/uploads\/Huberts-pictures-523-Copy-2-768x576.jpg 768w, https:\/\/www.bernadettecalonego.com\/de\/wp-content\/uploads\/Huberts-pictures-523-Copy-2.jpg 1167w\" sizes=\"auto, (max-width: 1024px) 100vw, 1024px\" \/><\/figure><div class=\"wp-block-media-text__content\">\n<p class=\"has-medium-font-size\">Bernadette Calonego hat bisher dreizehn deutsche B\u00fccher ver\u00f6ffentlicht, zehn ihrer Krimis sind auch auf Englisch erschienen, einer auf Holl\u00e4ndisch.<\/p>\n\n\n\n<p class=\"has-medium-font-size\">Sie ist in der Schweiz geboren und aufgewachsen, lebt heute in Kanada und arbeitet dort als Schriftstellerin. Fr\u00fcher war sie <a href=\"https:\/\/www.bernadettecalonego.com\/de\/biografie\/journalismus\/\">freie Auslandskorrespondentin<\/a> f\u00fcr deutschsprachige Medien in Europa.<\/p>\n\n\n\n<p class=\"has-medium-font-size\">Sie wohnt an der Sunshine Coast in Vancouver und in Neufundland. Ihr Krimi &#8220;Die Bucht des Schweigens&#8221; und das Buch &#8220;Oh, wie sch\u00f6n ist Kanada!&#8221; waren Bestseller in Deutschland. <\/p>\n\n\n\n<p><strong><a href=\"https:\/\/www.bernadettecalonego.com\/de\/biografie\/curriculum\/\">Weiterlesen.<\/a><\/strong><\/p>\n<\/div><\/div>\n\n\n\n<div class=\"wp-block-media-text alignwide has-media-on-the-right is-stacked-on-mobile\" style=\"grid-template-columns:auto 46%\"><div class=\"wp-block-media-text__content\">\n<p class=\"has-medium-font-size\">Bernadette Calonego ist am Vierwaldst\u00e4ttersee aufgewachsen. &#8220;Es ist eine wundersch\u00f6ne l\u00e4ndliche Gegend, man kann in den Bergen wandern und im See schwimmen. Ich denke, dass deswegen die St\u00e4rke der Natur und die Faszination eindr\u00fccklicher Landschaften eine wichtige Rolle in meinen Romanen spielen.&#8221; <\/p>\n\n\n\n<p class=\"has-medium-font-size\">Sie war schon als Kind eine uners\u00e4ttliche Leserin. Sie verschlang B\u00fccher wie <em>Lederstrumpf,<\/em> <em>Die Schatzinsel<\/em>, <em>Ivanhoe<\/em> und <em>Tom Sawyer und Huckleberry Finn&nbsp;<\/em>und die Romane von Karl May. Mit nur elf Jahren schrieb sie ein M\u00e4rchen, das in der \u00f6rtlichen Zeitung ver\u00f6ffentlicht wurde. <\/p>\n\n\n\n<p class=\"has-medium-font-size\">&#8220;Ich schrieb auch Gedichte, was ich von meiner Mutter, einer Dichterin, lernte.&#8221;<\/p>\n\n\n\n<p><strong><a href=\"https:\/\/www.bernadettecalonego.com\/de\/biografie\/switzerland\/\">Weiterlesen.<\/a><\/strong><\/p>\n\n\n\n<p><\/p>\n<\/div><figure class=\"wp-block-media-text__media\"><img loading=\"lazy\" decoding=\"async\" width=\"773\" height=\"580\" src=\"https:\/\/www.bernadettecalonego.com\/de\/wp-content\/uploads\/DSC00715-Copy.jpg\" alt=\"\" class=\"wp-image-1504 size-full\" srcset=\"https:\/\/www.bernadettecalonego.com\/de\/wp-content\/uploads\/DSC00715-Copy.jpg 773w, https:\/\/www.bernadettecalonego.com\/de\/wp-content\/uploads\/DSC00715-Copy-300x225.jpg 300w, https:\/\/www.bernadettecalonego.com\/de\/wp-content\/uploads\/DSC00715-Copy-768x576.jpg 768w\" sizes=\"auto, (max-width: 773px) 100vw, 773px\" \/><\/figure><\/div>\n\n\n\n<div class=\"wp-block-media-text alignwide is-stacked-on-mobile\"><figure class=\"wp-block-media-text__media\"><img loading=\"lazy\" decoding=\"async\" width=\"1024\" height=\"768\" src=\"https:\/\/www.bernadettecalonego.com\/de\/wp-content\/uploads\/calonego-hubschrauber-1024x768.jpg\" alt=\"\" class=\"wp-image-1510 size-full\" srcset=\"https:\/\/www.bernadettecalonego.com\/de\/wp-content\/uploads\/calonego-hubschrauber-1024x768.jpg 1024w, https:\/\/www.bernadettecalonego.com\/de\/wp-content\/uploads\/calonego-hubschrauber-300x225.jpg 300w, https:\/\/www.bernadettecalonego.com\/de\/wp-content\/uploads\/calonego-hubschrauber-768x576.jpg 768w\" sizes=\"auto, (max-width: 1024px) 100vw, 1024px\" \/><\/figure><div class=\"wp-block-media-text__content\">\n<p class=\"has-medium-font-size\">Als <a href=\"https:\/\/www.bernadettecalonego.com\/de\/biografie\/journalismus\/\">Auslandskorrespondentin<\/a> hat Bernadette Calonego abenteuerliche Reisen unternommen, zum Beispiel in die kanadische Arktis. &#8220;Ich liebe den Norden Kanadas, die K\u00e4lte und karge, wilde Regionen.&#8221; Sie ist auf einem Eisbrecher der kanadischen K\u00fcstenwache durch die legend\u00e4re Nordwestpassage gekreuzt. Im Winter fuhr sie auf dem einsamen Dempster Highway von Dawson City nach Inuvik  und von dort auf einem gefrorenen Fluss zum Arktischen Ozean.  Sie bestieg Berge in British Columbia, begegnete B\u00e4ren in Alberta, trekkte zum Kratersee im Norden Quebecs und beobachtete junge M\u00e4nner, wie sie Eisberge in Neufundland erkletterten. &#8220;Meine Erlebnisse als Journalistin und die Orte, an die ich reiste, haben mich  als Buchautorin ganz stark inspiriert.&#8221; Zum Beispiel im Buch<strong> <\/strong><em><strong>Oh, wie sch\u00f6n ist Kanada!<\/strong><\/em><\/p>\n\n\n\n<p><strong><a href=\"https:\/\/www.bernadettecalonego.com\/de\/biografie\/abenteuer\/\">Weiterlesen.<\/a><\/strong><\/p>\n<\/div><\/div>\n\n\n\n<div class=\"wp-block-media-text alignwide has-media-on-the-right is-stacked-on-mobile\"><div class=\"wp-block-media-text__content\">\n<p class=\"has-medium-font-size\"><\/p>\n\n\n\n<p><\/p>\n\n\n\n<p>H\u00e4ufige Fragen und die Antworten darauf.<\/p>\n\n\n\n<p><strong>Wollten Sie schon immer Schriftstellerin werden?<\/strong> <\/p>\n\n\n\n<p class=\"has-medium-font-size\">&#8220;Was ich sicher immer wollte, war Geschichten schreiben. Das habe ich  schon als Kind getan. Sp\u00e4ter wollte ich Journalistin werden, aber ich  ging dann erstmal auf die Universit\u00e4t und schloss mein Studium mit einem  Lehrerdiplom ab. Ich unterrichtete sechs Jahre lang und wechselte  darauf in den Journalismus. Mit dem B\u00fccherschreiben fing ich relativ  sp\u00e4t an, n\u00e4mlich Ende der neunziger Jahre. Manchmal sind Umwege im Leben  ganz gut, denn man sammelt dabei ganz wichtige Erfahrungen. &#8220;<\/p>\n\n\n\n<p><strong><a href=\"https:\/\/www.bernadettecalonego.com\/de\/biografie\/frage-antwort\/\">Weiterlesen.<\/a><\/strong><\/p>\n<\/div><figure class=\"wp-block-media-text__media\"><img loading=\"lazy\" decoding=\"async\" width=\"1024\" height=\"683\" src=\"https:\/\/www.bernadettecalonego.com\/de\/wp-content\/uploads\/BCalonego4-1024x683.jpg\" alt=\"\" class=\"wp-image-1513 size-full\" srcset=\"https:\/\/www.bernadettecalonego.com\/de\/wp-content\/uploads\/BCalonego4-1024x683.jpg 1024w, https:\/\/www.bernadettecalonego.com\/de\/wp-content\/uploads\/BCalonego4-300x200.jpg 300w, https:\/\/www.bernadettecalonego.com\/de\/wp-content\/uploads\/BCalonego4-768x512.jpg 768w, https:\/\/www.bernadettecalonego.com\/de\/wp-content\/uploads\/BCalonego4.jpg 1920w\" sizes=\"auto, (max-width: 1024px) 100vw, 1024px\" \/><\/figure><\/div>\n\n\n\n<div class=\"wp-block-media-text alignwide is-stacked-on-mobile\"><figure class=\"wp-block-media-text__media\"><img loading=\"lazy\" decoding=\"async\" width=\"1024\" height=\"768\" src=\"https:\/\/www.bernadettecalonego.com\/de\/wp-content\/uploads\/bc-and-nl-2012-1146-1024x768.jpg\" alt=\"\" class=\"wp-image-1523 size-full\" srcset=\"https:\/\/www.bernadettecalonego.com\/de\/wp-content\/uploads\/bc-and-nl-2012-1146-1024x768.jpg 1024w, https:\/\/www.bernadettecalonego.com\/de\/wp-content\/uploads\/bc-and-nl-2012-1146-300x225.jpg 300w, https:\/\/www.bernadettecalonego.com\/de\/wp-content\/uploads\/bc-and-nl-2012-1146-768x576.jpg 768w\" sizes=\"auto, (max-width: 1024px) 100vw, 1024px\" \/><\/figure><div class=\"wp-block-media-text__content\">\n<p class=\"has-medium-font-size\">Jedes Jahr verbringt Bernadette einige Monate in der kanadischen Provinz Neufundland, in deren raue, archaische Sch\u00f6nheit sie sich verliebt hat. Ihr Verkaufserfolg <strong>&#8220;Die Bucht des Schweigens&#8221;<\/strong>, ein Krimi, spielt in einem entlegenen Dorf im Norden Neufundlands, und viele ihrer pers\u00f6nlichen Erfahrungen (Kulturschock!) sind in das Buch hineingeflossen.<\/p>\n\n\n\n<p class=\"has-medium-font-size\"> &#8220;Ich liebe  die Landschaft und die unverw\u00f6hnten Menschen am Nordatlantik und die N\u00e4he zur Arktis. Wenn ich dort bin, f\u00fchre ich ein einfaches Leben, das aber eine gro\u00dfe Qualit\u00e4t hat. Alles dreht sich um die Natur, das \u00dcberleben und die Abh\u00e4ngigkeit der Menschen voneinander. Darin liegt ein Zauber.&#8221;<\/p>\n\n\n\n<p><strong><a href=\"https:\/\/www.bernadettecalonego.com\/de\/biografie\/leben-in-neufundland\/\">Weiterlesen.<\/a><\/strong><\/p>\n<\/div><\/div>\n\n\n\n<div class=\"wp-block-media-text alignwide has-media-on-the-right is-stacked-on-mobile\" style=\"grid-template-columns:auto 56%\"><div class=\"wp-block-media-text__content\">\n<p class=\"has-medium-font-size\">Vor \u00fcber zwanzig Jahren wanderte Bernadette nach Vancouver aus, um dort als <a href=\"https:\/\/www.bernadettecalonego.com\/de\/biografie\/journalismus\/\">Auslandskorrespondentin<\/a> zu arbeiten. &#8220;Ich mochte den entspannten Lebensstil sofort, das Schwimmen im Pazifik, die kleinen Inseln in der Umgebung, die interessante Mischung von Leuten, den Urwald mit den Riesenzedern, die wilden Tiere darin, und das milde Klima im Winter.&#8221;<\/p>\n\n\n\n<p class=\"has-medium-font-size\">In Gibsons an der Sunshine Coast, einem K\u00fcstenstreifen, der rund zwei Stunden von Vancouver entfernt ist, hat sie noch mehr Natur und Zeit f\u00fcrs Wandern und Fotografieren. &#8220;Hier leben B\u00e4ren und Pumas nahe bei den D\u00f6rfern, man sieht Seeadler und Wale und Waschb\u00e4ren, was mir total gut gef\u00e4llt.&#8221;<\/p>\n\n\n\n<p><strong><a href=\"https:\/\/www.bernadettecalonego.com\/de\/biografie\/die-westkuste\/\">Weiterlesen.<\/a><\/strong><\/p>\n<\/div><figure class=\"wp-block-media-text__media\"><img loading=\"lazy\" decoding=\"async\" width=\"1024\" height=\"681\" src=\"https:\/\/www.bernadettecalonego.com\/de\/wp-content\/uploads\/SAM_0008-Copy-1024x681.jpg\" alt=\"\" class=\"wp-image-1531 size-full\" srcset=\"https:\/\/www.bernadettecalonego.com\/de\/wp-content\/uploads\/SAM_0008-Copy-1024x681.jpg 1024w, https:\/\/www.bernadettecalonego.com\/de\/wp-content\/uploads\/SAM_0008-Copy-300x200.jpg 300w, https:\/\/www.bernadettecalonego.com\/de\/wp-content\/uploads\/SAM_0008-Copy-768x511.jpg 768w, https:\/\/www.bernadettecalonego.com\/de\/wp-content\/uploads\/SAM_0008-Copy.jpg 1378w\" sizes=\"auto, (max-width: 1024px) 100vw, 1024px\" \/><\/figure><\/div>\n\n\n\n<div class=\"wp-block-media-text alignwide is-stacked-on-mobile\"><figure class=\"wp-block-media-text__media\"><img loading=\"lazy\" decoding=\"async\" width=\"1024\" height=\"684\" src=\"https:\/\/www.bernadettecalonego.com\/de\/wp-content\/uploads\/Adriana5-Copy-2-1024x684.jpg\" alt=\"\" class=\"wp-image-1537 size-full\" srcset=\"https:\/\/www.bernadettecalonego.com\/de\/wp-content\/uploads\/Adriana5-Copy-2-1024x684.jpg 1024w, https:\/\/www.bernadettecalonego.com\/de\/wp-content\/uploads\/Adriana5-Copy-2-300x200.jpg 300w, https:\/\/www.bernadettecalonego.com\/de\/wp-content\/uploads\/Adriana5-Copy-2-768x513.jpg 768w, https:\/\/www.bernadettecalonego.com\/de\/wp-content\/uploads\/Adriana5-Copy-2.jpg 1348w\" sizes=\"auto, (max-width: 1024px) 100vw, 1024px\" \/><\/figure><div class=\"wp-block-media-text__content\">\n<p class=\"has-medium-font-size\">&#8220;Ich habe noch eine enge Verbindung zur Schweiz, meiner ersten Heimat, wo meine Geschwister und deren Kinder leben, und wo ich noch viele Freunde habe. Ich besuche sie, wann immer es geht. Der erste meiner Krimis, <em>Nutze deine Feinde,<\/em> spielt in Z\u00fcrich.&#8221; <\/p>\n\n\n\n<p class=\"has-medium-font-size\">&#8220;Ich halte mich oft in Z\u00fcrich auf, eine ganz tolle Stadt, und ich reise stets in die Innerschweiz, wo ich auf dem Land aufwuchs. In Luzern besuchte ich das Gymnasium und in Fribourg die Universit\u00e4t. Was f\u00fcr eine sch\u00f6ne historische Stadt! Es geh\u00f6rt zu meinem Ritual, dort ein K\u00e4sefondue mit Vacherin und Greyerzer zu essen.&#8221;<\/p>\n\n\n\n<p><strong><a href=\"https:\/\/www.bernadettecalonego.com\/de\/biografie\/die-anfange\/\">Weiterlesen.<\/a><\/strong><\/p>\n<\/div><\/div>\n\n\n\n<p><\/p>\n\n\n\n<p><\/p>\n\n\n\n<p><\/p>\n\n\n\n<p><\/p>\n\n\n\n<p><\/p>\n\n\n\n<p><\/p>\n\n\n\n<p><\/p>\n\n\n\n<p><\/p>\n\n\n\n<p><\/p>\n\n\n\n<p><\/p>\n\n\n\n<p><\/p>\n\n\n\n<p><\/p>\n\n\n\n<p><\/p>\n\n\n\n<p><\/p>\n\n\n\n<p><\/p>\n\n\n\n<p><\/p>\n\n\n\n<p><\/p>\n\n\n\n<p><\/p>\n\n\n\n<p><\/p>\n\n\n\n<p><\/p>\n\n\n\n<p><\/p>\n\n\n\n<p><\/p>\n\n\n\n<p><\/p>\n\n\n\n<p><\/p>\n\n\n\n<p><\/p>\n\n\n\n<p><\/p>\n\n\n\n<p><\/p>\n\n\n\n<p><\/p>\n\n\n\n<p><\/p>\n\n\n\n<p><\/p>\n\n\n\n<p><\/p>\n\n\n\n<p><\/p>\n\n\n\n<p><\/p>\n\n\n\n<p><\/p>\n\n\n\n<p><\/p>\n\n\n\n<p><br><\/p>\n\n\n\n<p><\/p>\n","protected":false},"excerpt":{"rendered":"<p>Bernadette Calonego hat bisher dreizehn deutsche B\u00fccher ver\u00f6ffentlicht, zehn ihrer Krimis sind auch auf Englisch erschienen, einer auf Holl\u00e4ndisch. Sie ist in der Schweiz geboren und aufgewachsen, lebt heute in Kanada und arbeitet dort als Schriftstellerin. Fr\u00fcher war sie freie Auslandskorrespondentin f\u00fcr deutschsprachige Medien in Europa. Sie wohnt an der <a class=\"read-more-link\" href=\"https:\/\/www.bernadettecalonego.com\/de\/biografie\/\">   Lesen Sie weiter<\/a><\/p>\n","protected":false},"author":1,"featured_media":0,"parent":0,"menu_order":2,"comment_status":"closed","ping_status":"closed","template":"","meta":{"ngg_post_thumbnail":0,"footnotes":""},"class_list":["post-18","page","type-page","status-publish","hentry"],"jetpack_sharing_enabled":true,"_links":{"self":[{"href":"https:\/\/www.bernadettecalonego.com\/de\/wp-json\/wp\/v2\/pages\/18","targetHints":{"allow":["GET"]}}],"collection":[{"href":"https:\/\/www.bernadettecalonego.com\/de\/wp-json\/wp\/v2\/pages"}],"about":[{"href":"https:\/\/www.bernadettecalonego.com\/de\/wp-json\/wp\/v2\/types\/page"}],"author":[{"embeddable":true,"href":"https:\/\/www.bernadettecalonego.com\/de\/wp-json\/wp\/v2\/users\/1"}],"replies":[{"embeddable":true,"href":"https:\/\/www.bernadettecalonego.com\/de\/wp-json\/wp\/v2\/comments?post=18"}],"version-history":[{"count":5,"href":"https:\/\/www.bernadettecalonego.com\/de\/wp-json\/wp\/v2\/pages\/18\/revisions"}],"predecessor-version":[{"id":3210,"href":"https:\/\/www.bernadettecalonego.com\/de\/wp-json\/wp\/v2\/pages\/18\/revisions\/3210"}],"wp:attachment":[{"href":"https:\/\/www.bernadettecalonego.com\/de\/wp-json\/wp\/v2\/media?parent=18"}],"curies":[{"name":"wp","href":"https:\/\/api.w.org\/{rel}","templated":true}]}}