{"id":1975,"date":"2019-02-06T19:15:09","date_gmt":"2019-02-07T03:15:09","guid":{"rendered":"http:\/\/www.bernadettecalonego.com\/de\/?page_id=1975"},"modified":"2024-01-16T13:53:47","modified_gmt":"2024-01-16T21:53:47","slug":"interviews","status":"publish","type":"page","link":"https:\/\/www.bernadettecalonego.com\/de\/interviews\/","title":{"rendered":"Interviews"},"content":{"rendered":"\n<p class=\"has-cyan-bluish-gray-background-color has-background\">Interview mit dem Buchblog &#8220;leserkanone.de&#8221; im Januar 2024<\/p>\n\n\n\n<p>&#8220;<strong>Wie sieht ein Tag im Autorenleben der Bernadette Calonego aus? Wie, wann und wie viel schreiben Sie? Haben Sie sich dazu spezielle Rituale angew\u00f6hnt?<\/strong>&#8220;<\/p>\n\n\n\n<p><a href=\"https:\/\/www.leserkanone.de\/index.php?befehl=autoren&amp;autor=3249\">Lesen Sie mehr dazu hier. <\/a><\/p>\n\n\n\n<p class=\"has-very-dark-gray-color has-cyan-bluish-gray-background-color has-text-color has-background has-medium-font-size\">Interview auf dem Buchblog &#8220;leserkanone.de&#8221;.<\/p>\n\n\n\n<p>&#8220;In ihrem aktuellen Roman&nbsp;<strong><a rel=\"noreferrer noopener\" href=\"http:\/\/www.amazon.de\/gp\/product\/B084KSDQ6B\" target=\"_blank\">\u00bbEisiger Kerker\u00ab<\/a><\/strong>&nbsp;entf\u00fchrt Bernadette Calonego ihre Leser in ihre Wahlheimat Kanada. Im Interview mit Leserkanone.de sprach die Autorin \u00fcber das Buch, \u00fcber ihre neue Serienermittlerin und \u00fcber ein eigentlich ganz friedliches Land.&#8221;<\/p>\n\n\n\n<p class=\"has-medium-font-size\"><a href=\"https:\/\/www.leserkanone.de\/index.php?befehl=autoren&amp;autor=3249&amp;interview=709\">Lesen Sie hier.<\/a><\/p>\n\n\n\n<p class=\"has-cyan-bluish-gray-background-color has-background has-medium-font-size\">Interview auf dem Kanada-Blog &#8220;canadabackroads.de&#8221;. <\/p>\n\n\n\n<p>CANADA BACKROADS sprach mit Bernadette Calonego &#8220;\u00fcber ihren Alltag als Schriftstellerin und Journalistin an der Sunshine Coast, die Schaupl\u00e4tze ihrer Kriminalromane und ihre pers\u00f6nlichen Lieblingspl\u00e4tze in Kanada.&#8221; <\/p>\n\n\n\n<p class=\"has-medium-font-size\"><a href=\"https:\/\/www.canadabackroads.de\/im-interview-buchautorin-und-journalistin-bernadette-a-calonego\/?fbclid=IwAR0QDjZyOwl1geeoePKdP3igi5q6nLppyPP8Wq7owxZHChPdcZaERSDD3SE\">Lesen Sie hier.<\/a><\/p>\n\n\n\n<p class=\"has-cyan-bluish-gray-background-color has-background has-medium-font-size\">Hier einige h\u00e4ufig gestellte Fragen und meine Antworten dazu.<\/p>\n\n\n\n<p><strong>Warum schreiben Sie Krimis?<\/strong><\/p>\n\n\n\n<p>Erstens weil ich selber gern Krimis lese und zweitens, weil ich es liebe, einen Plott zu entwickeln, der die Handlung vorw\u00e4rts treibt. &nbsp;Ich sehe meine B\u00fccher aber in erster Linie als Abenteuerromane, denn auf der Suche nach dem M\u00f6rder (und nach der Liebe) verstricken sich meine Figuren in viele Abenteuer, solche, die ich selber gern erleben w\u00fcrde.<\/p>\n\n\n\n<p>Ein Bekannter, der unbedingt mein Horoskop erstellen wollte, findet es nur logisch, dass ich Krimis schreibe, weil ich ein f\u00fcnffacher Skorpion sei (was das immer auch hei\u00dft, ich verstehe nichts von Horoskopen).<\/p>\n\n\n\n<p><a href=\"https:\/\/www.bernadettecalonego.com\/de\/biografie\/frage-antwort\/\"><strong>Lesen&nbsp;Sie&nbsp;weiter.<\/strong><\/a><\/p>\n\n\n\n<p class=\"has-cyan-bluish-gray-background-color has-background has-medium-font-size\">Interview mit dem Journal der Deutsch-Kanadischen Gesellschaft, als mein Buch &#8220;Oh, wie sch\u00f6n ist Kanada!&#8221; herauskam.<\/p>\n\n\n\n<p class=\"has-medium-font-size\">&#8220;Ich glaube, die Gelassenheit und Freundlichkeit der Kanadier hat ein bisschen auf mich abgef\u00e4rbt \u2013 wenigstens hoffe ich das!&nbsp; Ich bin vielleicht auch diplomatischer geworden und nicht mehr so direkt und unverbl\u00fcmt wie am Anfang.&#8221;<\/p>\n\n\n\n<p><strong><a href=\"https:\/\/www.bernadettecalonego.com\/de\/interviews\/interview-mit-dem-dkg-journal\/\">Hier lesen. <\/a><\/strong><\/p>\n\n\n\n<p class=\"has-cyan-bluish-gray-background-color has-background has-medium-font-size\">Englisches Interview f\u00fcr die Webseite des Konsulats der Bundesrepublik Deutschland in Vancouver. <\/p>\n\n\n\n<p class=\"has-medium-font-size\">&#8220;Ich schrieb einmal \u00fcber Wasserflugzeuge an Kanadas Westk\u00fcste, zum Beispiel, und sie spielten sp\u00e4ter eine Rolle in meinem Krimi <em>Unter Dunklen Wassern<\/em>.&#8221; <\/p>\n\n\n\n<p><strong><a href=\"https:\/\/www.bernadettecalonego.com\/eng\/interviews\/interview-for-the-website-of-the-german-consulate-in-vancouver\/\" target=\"_blank\" rel=\"noreferrer noopener\" aria-label=\" (opens in a new tab)\">Hier lesen. <\/a><\/strong><\/p>\n\n\n\n<p class=\"has-cyan-bluish-gray-background-color has-background has-medium-font-size\">Interview mit &#8220;Sisters in Crime&#8221;<\/p>\n\n\n\n<p> Das folgende Interview ist f\u00fcr alle, die englisch verstehen. Es ist auf der Webseite \u201cSisters in Crime Canada West\u201d ver\u00f6ffentlicht worden.  <br>Anlass ist das Erscheinen der englischen \u00dcbersetzung meines Krimis \u201cDie Fremde auf dem Eis\u201d (\u201cThe Stranger on the Ice\u201d). <\/p>\n\n\n\n<p> Wer wissen will, wie ich schreibe, wo ich schreibe, warum ich schreibe und was mich inspiriert, wird in diesem Interview einiges erfahren. <\/p>\n\n\n\n<p class=\"has-medium-font-size\">&#8220;Die Hauptperson ist immer eine Frau &#8211; sei es eine Fotografin wie in <em>Die Bucht des Schweigens<\/em> oder eine Anw\u00e4ltin oder Eventmarketing-Fachfrau &#8211; und sie handelt wie eine Privatdetektivin.&#8221;<\/p>\n\n\n\n<p><strong><a href=\"https:\/\/sinc-cw.ca\/sinc-canada-west-interview-bernadette-calonego\/\" target=\"_blank\" rel=\"noreferrer noopener\" aria-label=\" (opens in a new tab)\">Hier lesen.<\/a><\/strong><\/p>\n\n\n\n<p class=\"has-cyan-bluish-gray-background-color has-background has-medium-font-size\">Englisches Interview mit der Schweizerisch-Kanadischen Handelskammer in Vancouver.<\/p>\n\n\n\n<p class=\"has-medium-font-size\">&#8220;Es ist wichtig f\u00fcr mich, dass die Schaupl\u00e4tze in meinen B\u00fcchern authentisch sind, und nat\u00fcrlich die Menschen auch.&#8221;<\/p>\n\n\n\n<p><strong><a rel=\"noreferrer noopener\" aria-label=\" (opens in a new tab)\" href=\"https:\/\/www.bernadettecalonego.com\/eng\/interviews\/interview-with-the-swiss-canadian-chambre-of-commerce-in-vancouver\/\" target=\"_blank\">Hier lesen. <\/a><\/strong><\/p>\n\n\n\n<p class=\"has-cyan-bluish-gray-background-color has-background has-medium-font-size\">Bernadette Calonego im Schweizer Rundfunk.<\/p>\n\n\n\n<p><strong><a href=\"https:\/\/www.srf.ch\/sendungen\/buchzeichen\/tod-im-eis\">H\u00f6ren Sie hier dem Interview zu.<\/a><\/strong><\/p>\n\n\n\n<p><\/p>\n","protected":false},"excerpt":{"rendered":"<p>Interview mit dem Buchblog &#8220;leserkanone.de&#8221; im Januar 2024 &#8220;Wie sieht ein Tag im Autorenleben der Bernadette Calonego aus? Wie, wann und wie viel schreiben Sie? Haben Sie sich dazu spezielle Rituale angew\u00f6hnt?&#8220; Lesen Sie mehr dazu hier. Interview auf dem Buchblog &#8220;leserkanone.de&#8221;. &#8220;In ihrem aktuellen Roman&nbsp;\u00bbEisiger Kerker\u00ab&nbsp;entf\u00fchrt Bernadette Calonego ihre <a class=\"read-more-link\" href=\"https:\/\/www.bernadettecalonego.com\/de\/interviews\/\">   Lesen Sie weiter<\/a><\/p>\n","protected":false},"author":1,"featured_media":0,"parent":0,"menu_order":5,"comment_status":"closed","ping_status":"closed","template":"","meta":{"ngg_post_thumbnail":0,"footnotes":""},"class_list":["post-1975","page","type-page","status-publish","hentry"],"jetpack_sharing_enabled":true,"_links":{"self":[{"href":"https:\/\/www.bernadettecalonego.com\/de\/wp-json\/wp\/v2\/pages\/1975","targetHints":{"allow":["GET"]}}],"collection":[{"href":"https:\/\/www.bernadettecalonego.com\/de\/wp-json\/wp\/v2\/pages"}],"about":[{"href":"https:\/\/www.bernadettecalonego.com\/de\/wp-json\/wp\/v2\/types\/page"}],"author":[{"embeddable":true,"href":"https:\/\/www.bernadettecalonego.com\/de\/wp-json\/wp\/v2\/users\/1"}],"replies":[{"embeddable":true,"href":"https:\/\/www.bernadettecalonego.com\/de\/wp-json\/wp\/v2\/comments?post=1975"}],"version-history":[{"count":5,"href":"https:\/\/www.bernadettecalonego.com\/de\/wp-json\/wp\/v2\/pages\/1975\/revisions"}],"predecessor-version":[{"id":3219,"href":"https:\/\/www.bernadettecalonego.com\/de\/wp-json\/wp\/v2\/pages\/1975\/revisions\/3219"}],"wp:attachment":[{"href":"https:\/\/www.bernadettecalonego.com\/de\/wp-json\/wp\/v2\/media?parent=1975"}],"curies":[{"name":"wp","href":"https:\/\/api.w.org\/{rel}","templated":true}]}}