{"id":22,"date":"2019-01-11T15:13:39","date_gmt":"2019-01-11T23:13:39","guid":{"rendered":"http:\/\/www.bernadettecalonego.com\/de\/?page_id=22"},"modified":"2026-02-08T20:48:54","modified_gmt":"2026-02-09T04:48:54","slug":"bucher","status":"publish","type":"page","link":"https:\/\/www.bernadettecalonego.com\/de\/bucher\/","title":{"rendered":"B\u00fccher"},"content":{"rendered":"\n<p class=\"has-text-align-left\"><em>Klicken Sie auf ein Buchbild f\u00fcr mehr Informationen, Buchausz\u00fcge, Besprechungen &#8230; oder klicken Sie auf &#8220;Hier kaufen&#8221;, um das Buch bald lesen zu k\u00f6nnen! <\/em><\/p>\n\n\n<div class=\"wp-block-image\">\n<figure class=\"alignleft size-medium\"><a href=\"https:\/\/www.bernadettecalonego.com\/de\/bucher\/todestiefe\/\"><img loading=\"lazy\" decoding=\"async\" width=\"188\" height=\"300\" src=\"https:\/\/www.bernadettecalonego.com\/de\/wp-content\/uploads\/TODESTIEFEfinal-188x300.jpg\" alt=\"\" class=\"wp-image-3483\" srcset=\"https:\/\/www.bernadettecalonego.com\/de\/wp-content\/uploads\/TODESTIEFEfinal-188x300.jpg 188w, https:\/\/www.bernadettecalonego.com\/de\/wp-content\/uploads\/TODESTIEFEfinal.jpg 560w\" sizes=\"auto, (max-width: 188px) 100vw, 188px\" \/><\/a><figcaption class=\"wp-element-caption\"><a href=\"https:\/\/www.amazon.de\/Bernadette-Calonego-ebook\/dp\/B0G3XFRVPG\/ref=sr_1_1\" target=\"_blank\" rel=\"noreferrer noopener\"><strong>Hier kaufen<\/strong><\/a><\/figcaption><\/figure>\n<\/div>\n\n<div class=\"wp-block-image\">\n<figure class=\"alignleft size-medium\"><a href=\"https:\/\/www.bernadettecalonego.com\/de\/bucher\/klappentext-finsterinsel\/\"><img loading=\"lazy\" decoding=\"async\" width=\"188\" height=\"300\" src=\"https:\/\/www.bernadettecalonego.com\/de\/wp-content\/uploads\/FINSTERINSEL-Birds-Final-188x300.jpg\" alt=\"\" class=\"wp-image-3345\" srcset=\"https:\/\/www.bernadettecalonego.com\/de\/wp-content\/uploads\/FINSTERINSEL-Birds-Final-188x300.jpg 188w, https:\/\/www.bernadettecalonego.com\/de\/wp-content\/uploads\/FINSTERINSEL-Birds-Final-640x1024.jpg 640w, https:\/\/www.bernadettecalonego.com\/de\/wp-content\/uploads\/FINSTERINSEL-Birds-Final-768x1229.jpg 768w, https:\/\/www.bernadettecalonego.com\/de\/wp-content\/uploads\/FINSTERINSEL-Birds-Final-960x1536.jpg 960w, https:\/\/www.bernadettecalonego.com\/de\/wp-content\/uploads\/FINSTERINSEL-Birds-Final.jpg 1600w\" sizes=\"auto, (max-width: 188px) 100vw, 188px\" \/><\/a><figcaption class=\"wp-element-caption\"><a href=\"https:\/\/www.amazon.de\/-\/en\/Bernadette-Calonego\/dp\/1738064840\/\" target=\"_blank\" rel=\"noreferrer noopener\"><strong>Hier kaufen<\/strong><\/a><\/figcaption><\/figure>\n<\/div>\n\n<div class=\"wp-block-image\">\n<figure class=\"alignleft size-medium\"><a href=\"https:\/\/www.bernadettecalonego.com\/de\/bucher\/schrei-im-eis\/\"><img loading=\"lazy\" decoding=\"async\" width=\"188\" height=\"300\" src=\"https:\/\/www.bernadettecalonego.com\/de\/wp-content\/uploads\/SCHREI-IM-EIS-188x300.jpg\" alt=\"\" class=\"wp-image-3123\" srcset=\"https:\/\/www.bernadettecalonego.com\/de\/wp-content\/uploads\/SCHREI-IM-EIS-188x300.jpg 188w, https:\/\/www.bernadettecalonego.com\/de\/wp-content\/uploads\/SCHREI-IM-EIS-640x1024.jpg 640w, https:\/\/www.bernadettecalonego.com\/de\/wp-content\/uploads\/SCHREI-IM-EIS-768x1229.jpg 768w, https:\/\/www.bernadettecalonego.com\/de\/wp-content\/uploads\/SCHREI-IM-EIS-960x1536.jpg 960w, https:\/\/www.bernadettecalonego.com\/de\/wp-content\/uploads\/SCHREI-IM-EIS.jpg 1600w\" sizes=\"auto, (max-width: 188px) 100vw, 188px\" \/><\/a><figcaption class=\"wp-element-caption\"><a href=\"https:\/\/www.amazon.de\/Bernadette-Calonego-ebook\/dp\/B0CHMZCR67\" target=\"_blank\" rel=\"noreferrer noopener\"><strong>Hier kaufen<\/strong><\/a><\/figcaption><\/figure>\n<\/div>\n\n<div class=\"wp-block-image\">\n<figure class=\"alignleft size-medium\"><a href=\"https:\/\/www.bernadettecalonego.com\/de\/bucher\/eisesdunkel\/\"><img loading=\"lazy\" decoding=\"async\" width=\"187\" height=\"300\" src=\"https:\/\/www.bernadettecalonego.com\/de\/wp-content\/uploads\/EISES-DUNKEL-2-Copy-2-187x300.jpg\" alt=\"\" class=\"wp-image-3026\" srcset=\"https:\/\/www.bernadettecalonego.com\/de\/wp-content\/uploads\/EISES-DUNKEL-2-Copy-2-187x300.jpg 187w, https:\/\/www.bernadettecalonego.com\/de\/wp-content\/uploads\/EISES-DUNKEL-2-Copy-2.jpg 432w\" sizes=\"auto, (max-width: 187px) 100vw, 187px\" \/><\/a><figcaption class=\"wp-element-caption\"><a href=\"https:\/\/www.amazon.de\/-\/en\/gp\/product\/B0BLDZFS8Q\/ref\" target=\"_blank\" rel=\"noreferrer noopener\"><strong>Hier kaufen<\/strong><\/a><\/figcaption><\/figure>\n<\/div>\n\n<div class=\"wp-block-image\">\n<figure class=\"alignleft size-medium\"><a href=\"https:\/\/www.bernadettecalonego.com\/de\/bucher\/grabesgrauen\/\"><img loading=\"lazy\" decoding=\"async\" width=\"188\" height=\"300\" src=\"https:\/\/www.bernadettecalonego.com\/de\/wp-content\/uploads\/GrabesGrauen-188x300.jpg\" alt=\"\" class=\"wp-image-2882\" srcset=\"https:\/\/www.bernadettecalonego.com\/de\/wp-content\/uploads\/GrabesGrauen-188x300.jpg 188w, https:\/\/www.bernadettecalonego.com\/de\/wp-content\/uploads\/GrabesGrauen-640x1024.jpg 640w, https:\/\/www.bernadettecalonego.com\/de\/wp-content\/uploads\/GrabesGrauen-768x1229.jpg 768w, https:\/\/www.bernadettecalonego.com\/de\/wp-content\/uploads\/GrabesGrauen.jpg 800w\" sizes=\"auto, (max-width: 188px) 100vw, 188px\" \/><\/a><figcaption class=\"wp-element-caption\"><a href=\"https:\/\/www.amazon.de\/-\/en\/Bernadette-Calonego-ebook\/dp\/B09J9BL3V6\/ref\" target=\"_blank\" rel=\"noreferrer noopener\"><strong>Hier kaufen<\/strong><\/a><\/figcaption><\/figure>\n<\/div>\n\n<div class=\"wp-block-image\">\n<figure class=\"alignleft size-medium\"><a href=\"https:\/\/www.bernadettecalonego.com\/de\/bucher\/kalte-klippen\/\"><img loading=\"lazy\" decoding=\"async\" width=\"188\" height=\"300\" src=\"https:\/\/www.bernadettecalonego.com\/de\/wp-content\/uploads\/Kalte-KlippenFinal-188x300.jpg\" alt=\"\" class=\"wp-image-2741\" srcset=\"https:\/\/www.bernadettecalonego.com\/de\/wp-content\/uploads\/Kalte-KlippenFinal-188x300.jpg 188w, https:\/\/www.bernadettecalonego.com\/de\/wp-content\/uploads\/Kalte-KlippenFinal-640x1024.jpg 640w, https:\/\/www.bernadettecalonego.com\/de\/wp-content\/uploads\/Kalte-KlippenFinal-768x1229.jpg 768w, https:\/\/www.bernadettecalonego.com\/de\/wp-content\/uploads\/Kalte-KlippenFinal-960x1536.jpg 960w, https:\/\/www.bernadettecalonego.com\/de\/wp-content\/uploads\/Kalte-KlippenFinal-1280x2048.jpg 1280w, https:\/\/www.bernadettecalonego.com\/de\/wp-content\/uploads\/Kalte-KlippenFinal.jpg 1600w\" sizes=\"auto, (max-width: 188px) 100vw, 188px\" \/><\/a><figcaption class=\"wp-element-caption\"><a href=\"https:\/\/www.amazon.de\/Kalte-Klippen-Kanada-Krimi-Calista-ermittelt-ebook\/dp\/B08W3HWGJP\/ref=pd_sim_5\" target=\"_blank\" rel=\"noreferrer noopener\"><strong>Hier kaufen<\/strong><\/a><\/figcaption><\/figure>\n<\/div>\n\n<div class=\"wp-block-image\">\n<figure class=\"alignleft size-medium\"><a href=\"https:\/\/www.bernadettecalonego.com\/de\/bucher\/eisiger-kerker\/\"><img loading=\"lazy\" decoding=\"async\" width=\"188\" height=\"300\" src=\"https:\/\/www.bernadettecalonego.com\/de\/wp-content\/uploads\/Eisiger-Kerker-188x300.jpg\" alt=\"\" class=\"wp-image-2582\" srcset=\"https:\/\/www.bernadettecalonego.com\/de\/wp-content\/uploads\/Eisiger-Kerker-188x300.jpg 188w, https:\/\/www.bernadettecalonego.com\/de\/wp-content\/uploads\/Eisiger-Kerker.jpg 400w\" sizes=\"auto, (max-width: 188px) 100vw, 188px\" \/><\/a><figcaption class=\"wp-element-caption\"><a rel=\"noreferrer noopener\" href=\"https:\/\/www.amazon.de\/Eisiger-Kerker-Kanada-Krimi-Bernadette-Calonego-ebook\/dp\/B084KSDQ6B\/\" target=\"_blank\"><strong>Hier kaufen<\/strong><\/a><\/figcaption><\/figure>\n<\/div>\n\n<div class=\"wp-block-image\">\n<figure class=\"alignleft\"><a href=\"https:\/\/www.bernadettecalonego.com\/de\/bucher\/morderischer-morgen\/\"><img loading=\"lazy\" decoding=\"async\" width=\"200\" height=\"300\" src=\"https:\/\/www.bernadettecalonego.com\/de\/wp-content\/uploads\/MorderischerMorgen-200x300.jpg\" alt=\"\" class=\"wp-image-2492\" srcset=\"https:\/\/www.bernadettecalonego.com\/de\/wp-content\/uploads\/MorderischerMorgen-200x300.jpg 200w, https:\/\/www.bernadettecalonego.com\/de\/wp-content\/uploads\/MorderischerMorgen-768x1152.jpg 768w, https:\/\/www.bernadettecalonego.com\/de\/wp-content\/uploads\/MorderischerMorgen-683x1024.jpg 683w, https:\/\/www.bernadettecalonego.com\/de\/wp-content\/uploads\/MorderischerMorgen.jpg 800w\" sizes=\"auto, (max-width: 200px) 100vw, 200px\" \/><\/a><figcaption class=\"wp-element-caption\"><a rel=\"noreferrer noopener\" href=\"https:\/\/www.amazon.de\/M%C3%B6rderischer-Morgen-Kanada-Krimi-Bernadette-Calonego-ebook\/dp\/B07WMDZZ7X\/\" target=\"_blank\"><strong>Hier kaufen<\/strong><\/a><\/figcaption><\/figure>\n<\/div>\n\n<div class=\"wp-block-image\">\n<figure class=\"alignleft\"><a href=\"https:\/\/www.bernadettecalonego.com\/de\/bucher\/die-fremde-auf-dem-eis\/\"><img loading=\"lazy\" decoding=\"async\" width=\"200\" height=\"300\" src=\"https:\/\/www.bernadettecalonego.com\/de\/wp-content\/uploads\/2019\/01\/DieFremdeAufDemEis-1000-200x300.jpg\" alt=\"\" class=\"wp-image-1466\" srcset=\"https:\/\/www.bernadettecalonego.com\/de\/wp-content\/uploads\/2019\/01\/DieFremdeAufDemEis-1000-200x300.jpg 200w, https:\/\/www.bernadettecalonego.com\/de\/wp-content\/uploads\/2019\/01\/DieFremdeAufDemEis-1000.jpg 666w\" sizes=\"auto, (max-width: 200px) 100vw, 200px\" \/><\/a><figcaption class=\"wp-element-caption\"><a rel=\"noreferrer noopener\" aria-label=\"Buy Now (opens in a new tab)\" href=\"https:\/\/www.amazon.de\/Die-Fremde-auf-dem-Eis-ebook\/dp\/B01EYEPIIQ\/\" target=\"_blank\"><strong>Hier kaufen<\/strong><\/a><\/figcaption><\/figure>\n<\/div>\n\n<div class=\"wp-block-image\">\n<figure class=\"alignleft\"><a href=\"https:\/\/www.bernadettecalonego.com\/de\/bucher\/die-bucht-des-schweigens\/\"><img loading=\"lazy\" decoding=\"async\" width=\"200\" height=\"300\" src=\"https:\/\/www.bernadettecalonego.com\/de\/wp-content\/uploads\/2019\/01\/DieBuchtDesSchweigens-1000-200x300.jpg\" alt=\"\" class=\"wp-image-1465\" srcset=\"https:\/\/www.bernadettecalonego.com\/de\/wp-content\/uploads\/2019\/01\/DieBuchtDesSchweigens-1000-200x300.jpg 200w, https:\/\/www.bernadettecalonego.com\/de\/wp-content\/uploads\/2019\/01\/DieBuchtDesSchweigens-1000.jpg 666w\" sizes=\"auto, (max-width: 200px) 100vw, 200px\" \/><\/a><figcaption class=\"wp-element-caption\"><a href=\"https:\/\/www.amazon.de\/Die-Bucht-Schweigens-Bernadette-Calonego-ebook\/dp\/B00YJY1HE6\/\" target=\"_blank\" rel=\"noreferrer noopener\" aria-label=\"Buy Now (opens in a new tab)\"><strong>Hier kaufen<\/strong><\/a><\/figcaption><\/figure>\n<\/div>\n\n<div class=\"wp-block-image\">\n<figure class=\"alignleft\"><a href=\"https:\/\/www.bernadettecalonego.com\/de\/bucher\/die-letzte-erkenntnis\/\"><img loading=\"lazy\" decoding=\"async\" width=\"200\" height=\"300\" src=\"https:\/\/www.bernadettecalonego.com\/de\/wp-content\/uploads\/2019\/01\/DieLetzteErkenntnis-1000-200x300.jpg\" alt=\"\" class=\"wp-image-1467\" srcset=\"https:\/\/www.bernadettecalonego.com\/de\/wp-content\/uploads\/2019\/01\/DieLetzteErkenntnis-1000-200x300.jpg 200w, https:\/\/www.bernadettecalonego.com\/de\/wp-content\/uploads\/2019\/01\/DieLetzteErkenntnis-1000.jpg 666w\" sizes=\"auto, (max-width: 200px) 100vw, 200px\" \/><\/a><figcaption class=\"wp-element-caption\"><a href=\"https:\/\/www.amazon.de\/Die-letzte-Erkenntnis-Bernadette-Calonego-ebook\/dp\/B0749NS7K8\/\" target=\"_blank\" rel=\"noreferrer noopener\" aria-label=\" (opens in a new tab)\"><strong>Hier kaufen<\/strong><\/a><\/figcaption><\/figure>\n<\/div>\n\n<div class=\"wp-block-image\">\n<figure class=\"alignleft\"><a href=\"https:\/\/www.bernadettecalonego.com\/de\/bucher\/nutze-deine-feinde\/\"><img loading=\"lazy\" decoding=\"async\" width=\"200\" height=\"300\" src=\"https:\/\/www.bernadettecalonego.com\/de\/wp-content\/uploads\/2019\/01\/NutzeDeineFeinde-1000-200x300.jpg\" alt=\"\" class=\"wp-image-1468\" srcset=\"https:\/\/www.bernadettecalonego.com\/de\/wp-content\/uploads\/2019\/01\/NutzeDeineFeinde-1000-200x300.jpg 200w, https:\/\/www.bernadettecalonego.com\/de\/wp-content\/uploads\/2019\/01\/NutzeDeineFeinde-1000.jpg 666w\" sizes=\"auto, (max-width: 200px) 100vw, 200px\" \/><\/a><figcaption class=\"wp-element-caption\"><a href=\"https:\/\/www.amazon.de\/Nutze-deine-Feinde-Bloomsbury-Berlin-ebook\/dp\/B01DWH3GMQ\/\" target=\"_blank\" rel=\"noreferrer noopener\" aria-label=\"Buy Now (opens in a new tab)\"><strong>Hier kaufen<\/strong><\/a><\/figcaption><\/figure>\n<\/div>\n\n<div class=\"wp-block-image\">\n<figure class=\"alignleft\"><a href=\"https:\/\/www.bernadettecalonego.com\/de\/bucher\/unter-dunklen-wassern\/\"><img loading=\"lazy\" decoding=\"async\" width=\"200\" height=\"300\" src=\"https:\/\/www.bernadettecalonego.com\/de\/wp-content\/uploads\/2019\/01\/UnterDunklenWassern-1000-200x300.jpg\" alt=\"\" class=\"wp-image-1470\" srcset=\"https:\/\/www.bernadettecalonego.com\/de\/wp-content\/uploads\/2019\/01\/UnterDunklenWassern-1000-200x300.jpg 200w, https:\/\/www.bernadettecalonego.com\/de\/wp-content\/uploads\/2019\/01\/UnterDunklenWassern-1000.jpg 666w\" sizes=\"auto, (max-width: 200px) 100vw, 200px\" \/><\/a><figcaption class=\"wp-element-caption\"><a href=\"https:\/\/www.amazon.de\/Unter-dunklen-Wassern-Bloomsbury-Berlin-ebook\/dp\/B01DWH8MV6\/\" target=\"_blank\" rel=\"noreferrer noopener\" aria-label=\"Buy Now (opens in a new tab)\"><strong>Hier kaufen<\/strong><\/a><\/figcaption><\/figure>\n<\/div>\n\n<div class=\"wp-block-image\">\n<figure class=\"alignleft\"><a href=\"https:\/\/www.bernadettecalonego.com\/de\/bucher\/oh-wie-schon-ist-kanada\/\"><img loading=\"lazy\" decoding=\"async\" width=\"200\" height=\"300\" src=\"https:\/\/www.bernadettecalonego.com\/de\/wp-content\/uploads\/2019\/01\/OhWieSchonIstKanada-1000-200x300.jpg\" alt=\"\" class=\"wp-image-1469\" srcset=\"https:\/\/www.bernadettecalonego.com\/de\/wp-content\/uploads\/2019\/01\/OhWieSchonIstKanada-1000-200x300.jpg 200w, https:\/\/www.bernadettecalonego.com\/de\/wp-content\/uploads\/2019\/01\/OhWieSchonIstKanada-1000.jpg 666w\" sizes=\"auto, (max-width: 200px) 100vw, 200px\" \/><\/a><figcaption class=\"wp-element-caption\"><a href=\"https:\/\/www.amazon.de\/wie-sch\u00f6n-ist-Kanada-Ahornblatt-ebook\/dp\/B005XVRZ8G\/\" target=\"_blank\" rel=\"noreferrer noopener\" aria-label=\"Buy Now (opens in a new tab)\"><strong>Hier kaufen<\/strong><\/a><\/figcaption><\/figure>\n<\/div>\n\n<div class=\"wp-block-image\">\n<figure class=\"alignleft size-medium\"><a href=\"https:\/\/www.bernadettecalonego.com\/eng\/books\/dark-moon-island\/\"><img loading=\"lazy\" decoding=\"async\" width=\"188\" height=\"300\" src=\"https:\/\/www.bernadettecalonego.com\/de\/wp-content\/uploads\/DARK-MOON-ISLAND-188x300.jpg\" alt=\"\" class=\"wp-image-3488\" srcset=\"https:\/\/www.bernadettecalonego.com\/de\/wp-content\/uploads\/DARK-MOON-ISLAND-188x300.jpg 188w, https:\/\/www.bernadettecalonego.com\/de\/wp-content\/uploads\/DARK-MOON-ISLAND.jpg 640w\" sizes=\"auto, (max-width: 188px) 100vw, 188px\" \/><\/a><figcaption class=\"wp-element-caption\"><strong><a href=\"https:\/\/www.amazon.com\/DARK-MOON-ISLAND-chilling-Detective-ebook\/dp\/B0FRLSX8C7\/ref=sr_1_1\" target=\"_blank\" rel=\"noreferrer noopener\">Hier kaufen<\/a><\/strong><\/figcaption><\/figure>\n<\/div>\n\n<div class=\"wp-block-image\">\n<figure class=\"alignleft size-medium\"><a href=\"https:\/\/www.bernadettecalonego.com\/eng\/books\/cold-dread\/\"><img loading=\"lazy\" decoding=\"async\" width=\"188\" height=\"300\" src=\"https:\/\/www.bernadettecalonego.com\/de\/wp-content\/uploads\/COLD-DREAD-188x300.jpg\" alt=\"\" class=\"wp-image-3290\" srcset=\"https:\/\/www.bernadettecalonego.com\/de\/wp-content\/uploads\/COLD-DREAD-188x300.jpg 188w, https:\/\/www.bernadettecalonego.com\/de\/wp-content\/uploads\/COLD-DREAD-640x1024.jpg 640w, https:\/\/www.bernadettecalonego.com\/de\/wp-content\/uploads\/COLD-DREAD-768x1229.jpg 768w, https:\/\/www.bernadettecalonego.com\/de\/wp-content\/uploads\/COLD-DREAD-960x1536.jpg 960w, https:\/\/www.bernadettecalonego.com\/de\/wp-content\/uploads\/COLD-DREAD.jpg 1600w\" sizes=\"auto, (max-width: 188px) 100vw, 188px\" \/><\/a><figcaption class=\"wp-element-caption\"><strong><a href=\"https:\/\/www.amazon.com\/COLD-DREAD-gripping-thriller-Detective-ebook\/dp\/B0DKB3951Q\/\" target=\"_blank\" rel=\"noreferrer noopener\">Hier kaufen<\/a><\/strong><\/figcaption><\/figure>\n<\/div>\n\n<div class=\"wp-block-image\">\n<figure class=\"alignleft size-medium\"><a href=\"https:\/\/www.bernadettecalonego.com\/eng\/books\/missing-in-the-dark\/\"><img loading=\"lazy\" decoding=\"async\" width=\"188\" height=\"300\" src=\"https:\/\/www.bernadettecalonego.com\/de\/wp-content\/uploads\/Missing-in-the-Dark-2-188x300.jpg\" alt=\"\" class=\"wp-image-3173\" srcset=\"https:\/\/www.bernadettecalonego.com\/de\/wp-content\/uploads\/Missing-in-the-Dark-2-188x300.jpg 188w, https:\/\/www.bernadettecalonego.com\/de\/wp-content\/uploads\/Missing-in-the-Dark-2-640x1024.jpg 640w, https:\/\/www.bernadettecalonego.com\/de\/wp-content\/uploads\/Missing-in-the-Dark-2-768x1229.jpg 768w, https:\/\/www.bernadettecalonego.com\/de\/wp-content\/uploads\/Missing-in-the-Dark-2-960x1536.jpg 960w, https:\/\/www.bernadettecalonego.com\/de\/wp-content\/uploads\/Missing-in-the-Dark-2-1280x2048.jpg 1280w, https:\/\/www.bernadettecalonego.com\/de\/wp-content\/uploads\/Missing-in-the-Dark-2.jpg 1600w\" sizes=\"auto, (max-width: 188px) 100vw, 188px\" \/><\/a><figcaption class=\"wp-element-caption\"><strong><a href=\"https:\/\/www.amazon.com\/MISSING-DARK-riveting-thriller-Detective-ebook\/dp\/B0CFM1PSCP\" target=\"_blank\" rel=\"noreferrer noopener\">Hier kaufen<\/a><\/strong><\/figcaption><\/figure>\n<\/div>\n\n<div class=\"wp-block-image\">\n<figure class=\"alignleft size-medium\"><a href=\"https:\/\/www.bernadettecalonego.com\/eng\/books\/bay-of-evil\/\"><img loading=\"lazy\" decoding=\"async\" width=\"188\" height=\"300\" src=\"https:\/\/www.bernadettecalonego.com\/de\/wp-content\/uploads\/Bay-of-Evil-Final-188x300.jpg\" alt=\"\" class=\"wp-image-3082\" srcset=\"https:\/\/www.bernadettecalonego.com\/de\/wp-content\/uploads\/Bay-of-Evil-Final-188x300.jpg 188w, https:\/\/www.bernadettecalonego.com\/de\/wp-content\/uploads\/Bay-of-Evil-Final-640x1024.jpg 640w, https:\/\/www.bernadettecalonego.com\/de\/wp-content\/uploads\/Bay-of-Evil-Final-768x1229.jpg 768w, https:\/\/www.bernadettecalonego.com\/de\/wp-content\/uploads\/Bay-of-Evil-Final-960x1536.jpg 960w, https:\/\/www.bernadettecalonego.com\/de\/wp-content\/uploads\/Bay-of-Evil-Final.jpg 1600w\" sizes=\"auto, (max-width: 188px) 100vw, 188px\" \/><\/a><figcaption class=\"wp-element-caption\"><strong><a href=\"https:\/\/www.amazon.com\/BAY-EVIL-gripping-thriller-Detective\/dp\/1777919746\/ref=sr_1_1\" target=\"_blank\" rel=\"noreferrer noopener\">Hier kaufen<\/a><\/strong><\/figcaption><\/figure>\n<\/div>\n\n<div class=\"wp-block-image\">\n<figure class=\"alignleft size-medium\"><a href=\"https:\/\/www.bernadettecalonego.com\/eng\/books\/a-dark-chill\/\"><img loading=\"lazy\" decoding=\"async\" width=\"188\" height=\"300\" src=\"https:\/\/www.bernadettecalonego.com\/de\/wp-content\/uploads\/ADarkChill-188x300.jpg\" alt=\"\" class=\"wp-image-2883\" srcset=\"https:\/\/www.bernadettecalonego.com\/de\/wp-content\/uploads\/ADarkChill-188x300.jpg 188w, https:\/\/www.bernadettecalonego.com\/de\/wp-content\/uploads\/ADarkChill-640x1024.jpg 640w, https:\/\/www.bernadettecalonego.com\/de\/wp-content\/uploads\/ADarkChill-768x1229.jpg 768w, https:\/\/www.bernadettecalonego.com\/de\/wp-content\/uploads\/ADarkChill.jpg 800w\" sizes=\"auto, (max-width: 188px) 100vw, 188px\" \/><\/a><figcaption class=\"wp-element-caption\"><strong><a href=\"https:\/\/www.amazon.com\/Dark-Chill-suspense-packed-thriller-Detective\/dp\/177791972X\/ref=sr_1_1\" target=\"_blank\" rel=\"noreferrer noopener\">Hier kaufen<\/a><\/strong><\/figcaption><\/figure>\n<\/div>\n\n<div class=\"wp-block-image\">\n<figure class=\"alignleft size-medium\"><a href=\"https:\/\/www.bernadettecalonego.com\/eng\/books\/cries-from-the-cold\/\"><img loading=\"lazy\" decoding=\"async\" width=\"188\" height=\"300\" src=\"https:\/\/www.bernadettecalonego.com\/de\/wp-content\/uploads\/Cries-from-the-Cold-Copy-640x1024-1-188x300.jpg\" alt=\"\" class=\"wp-image-2785\" srcset=\"https:\/\/www.bernadettecalonego.com\/de\/wp-content\/uploads\/Cries-from-the-Cold-Copy-640x1024-1-188x300.jpg 188w, https:\/\/www.bernadettecalonego.com\/de\/wp-content\/uploads\/Cries-from-the-Cold-Copy-640x1024-1.jpg 640w\" sizes=\"auto, (max-width: 188px) 100vw, 188px\" \/><\/a><figcaption class=\"wp-element-caption\"><strong><a href=\"https:\/\/www.amazon.com\/gp\/product\/B0924S1964\/ref=dbs_a_def_rwt_bibl_vppi_i11\" target=\"_blank\" rel=\"noreferrer noopener\">Hier kaufen<\/a><\/strong><\/figcaption><\/figure>\n<\/div>\n\n<div class=\"wp-block-image\">\n<figure class=\"alignleft size-medium\"><a href=\"https:\/\/www.bernadettecalonego.com\/eng\/books\/murderous-morning\/\"><img loading=\"lazy\" decoding=\"async\" width=\"188\" height=\"300\" src=\"https:\/\/www.bernadettecalonego.com\/de\/wp-content\/uploads\/Murderous-Morning-13-24.8.-FINAL-Copy-188x300.jpg\" alt=\"\" class=\"wp-image-2649\" srcset=\"https:\/\/www.bernadettecalonego.com\/de\/wp-content\/uploads\/Murderous-Morning-13-24.8.-FINAL-Copy-188x300.jpg 188w, https:\/\/www.bernadettecalonego.com\/de\/wp-content\/uploads\/Murderous-Morning-13-24.8.-FINAL-Copy.jpg 410w\" sizes=\"auto, (max-width: 188px) 100vw, 188px\" \/><\/a><figcaption class=\"wp-element-caption\"><strong><a href=\"https:\/\/www.amazon.com\/MURDEROUS-MORNING-heart-stopping-crime-stunning-ebook\/dp\/B08GYPZY24\/ref=sr_1_1?\" target=\"_blank\" rel=\"noreferrer noopener\">Hier kaufen<\/a><\/strong><\/figcaption><\/figure>\n<\/div>\n\n<div class=\"wp-block-image\">\n<figure class=\"alignleft\"><a href=\"https:\/\/www.bernadettecalonego.com\/eng\/books\/the-stranger-on-the-ice\/\"><img decoding=\"async\" src=\"https:\/\/www.bernadettecalonego.com\/eng\/wp-content\/uploads\/2019\/01\/TheStrangerOnTheIce-1000-200x300.jpg\" alt=\"\" class=\"wp-image-1006\"\/><\/a><figcaption class=\"wp-element-caption\"><a href=\"https:\/\/www.amazon.com\/Stranger-Ice-Bernadette-Calonego-ebook\/dp\/B079DPWJTW\/\" target=\"_blank\" rel=\"noreferrer noopener\" aria-label=\"Buy Now (opens in a new tab)\"><strong>Hier kaufen<\/strong><\/a><\/figcaption><\/figure>\n<\/div>\n\n<div class=\"wp-block-image\">\n<figure class=\"alignleft\"><a href=\"https:\/\/www.bernadettecalonego.com\/eng\/books\/stormy-cove\/\"><img decoding=\"async\" src=\"https:\/\/www.bernadettecalonego.com\/eng\/wp-content\/uploads\/2019\/01\/StormyCove-1000-200x300.jpg\" alt=\"\" class=\"wp-image-1005\"\/><\/a><figcaption class=\"wp-element-caption\"><a href=\"https:\/\/www.amazon.com\/gp\/product\/B0195ME1EY\/\" target=\"_blank\" rel=\"noreferrer noopener\" aria-label=\"Buy Now (opens in a new tab)\"><strong>Hier kaufen<\/strong><\/a><\/figcaption><\/figure>\n<\/div>\n\n<div class=\"wp-block-image\">\n<figure class=\"alignleft\"><a href=\"https:\/\/www.bernadettecalonego.com\/eng\/books\/under-dark-waters\/\"><img decoding=\"async\" src=\"https:\/\/www.bernadettecalonego.com\/eng\/wp-content\/uploads\/2019\/01\/UnderDarkWaters-1000-200x300.jpg\" alt=\"\" class=\"wp-image-1008\"\/><\/a><figcaption class=\"wp-element-caption\"><a href=\"https:\/\/www.amazon.com\/Under-Dark-Waters-Bernadette-Calonego-ebook\/dp\/B00OM9OKTW\/\" target=\"_blank\" rel=\"noreferrer noopener\" aria-label=\"Buy Now (opens in a new tab)\"><strong>Hier kaufen<\/strong><\/a><\/figcaption><\/figure>\n<\/div>\n\n<div class=\"wp-block-image\">\n<figure class=\"alignleft\"><a href=\"https:\/\/www.bernadettecalonego.com\/eng\/books\/the-zurich-conspiracy\/\"><img decoding=\"async\" src=\"https:\/\/www.bernadettecalonego.com\/eng\/wp-content\/uploads\/2019\/01\/TheZurichConspiracy-1000-200x300.jpg\" alt=\"\" class=\"wp-image-1007\"\/><\/a><figcaption class=\"wp-element-caption\"><a href=\"https:\/\/www.amazon.com\/Zurich-Conspiracy-Bernadette-Calonego-ebook\/dp\/B007INY3PA\/\" target=\"_blank\" rel=\"noreferrer noopener\" aria-label=\"Buy Now (opens in a new tab)\"><strong>Hier kaufen<\/strong><\/a><\/figcaption><\/figure>\n<\/div>","protected":false},"excerpt":{"rendered":"<p>Klicken Sie auf ein Buchbild f\u00fcr mehr Informationen, Buchausz\u00fcge, Besprechungen &#8230; oder klicken Sie auf &#8220;Hier kaufen&#8221;, um das Buch bald lesen zu k\u00f6nnen!<\/p>\n","protected":false},"author":1,"featured_media":0,"parent":0,"menu_order":3,"comment_status":"closed","ping_status":"closed","template":"","meta":{"ngg_post_thumbnail":0,"footnotes":""},"class_list":["post-22","page","type-page","status-publish","hentry"],"jetpack_sharing_enabled":true,"_links":{"self":[{"href":"https:\/\/www.bernadettecalonego.com\/de\/wp-json\/wp\/v2\/pages\/22","targetHints":{"allow":["GET"]}}],"collection":[{"href":"https:\/\/www.bernadettecalonego.com\/de\/wp-json\/wp\/v2\/pages"}],"about":[{"href":"https:\/\/www.bernadettecalonego.com\/de\/wp-json\/wp\/v2\/types\/page"}],"author":[{"embeddable":true,"href":"https:\/\/www.bernadettecalonego.com\/de\/wp-json\/wp\/v2\/users\/1"}],"replies":[{"embeddable":true,"href":"https:\/\/www.bernadettecalonego.com\/de\/wp-json\/wp\/v2\/comments?post=22"}],"version-history":[{"count":4,"href":"https:\/\/www.bernadettecalonego.com\/de\/wp-json\/wp\/v2\/pages\/22\/revisions"}],"predecessor-version":[{"id":3490,"href":"https:\/\/www.bernadettecalonego.com\/de\/wp-json\/wp\/v2\/pages\/22\/revisions\/3490"}],"wp:attachment":[{"href":"https:\/\/www.bernadettecalonego.com\/de\/wp-json\/wp\/v2\/media?parent=22"}],"curies":[{"name":"wp","href":"https:\/\/api.w.org\/{rel}","templated":true}]}}