{"id":24,"date":"2019-01-11T15:18:38","date_gmt":"2019-01-11T23:18:38","guid":{"rendered":"http:\/\/www.bernadettecalonego.com\/de\/?page_id=24"},"modified":"2019-02-10T20:28:34","modified_gmt":"2019-02-11T04:28:34","slug":"die-bucht-des-schweigens","status":"publish","type":"page","link":"https:\/\/www.bernadettecalonego.com\/de\/bucher\/die-bucht-des-schweigens\/","title":{"rendered":"Die Bucht des Schweigens"},"content":{"rendered":"\n<div class=\"wp-block-image\"><figure class=\"alignleft is-resized\"><a href=\"https:\/\/www.bernadettecalonego.com\/de\/wp-content\/uploads\/2019\/01\/DieBuchtDesSchweigens-1000.jpg\" target=\"_blank\" rel=\"noreferrer noopener\"><img loading=\"lazy\" decoding=\"async\" src=\"https:\/\/www.bernadettecalonego.com\/de\/wp-content\/uploads\/2019\/01\/DieBuchtDesSchweigens-1000-200x300.jpg\" alt=\"\" class=\"wp-image-1465\" width=\"173\" height=\"260\" srcset=\"https:\/\/www.bernadettecalonego.com\/de\/wp-content\/uploads\/2019\/01\/DieBuchtDesSchweigens-1000-200x300.jpg 200w, https:\/\/www.bernadettecalonego.com\/de\/wp-content\/uploads\/2019\/01\/DieBuchtDesSchweigens-1000.jpg 666w\" sizes=\"auto, (max-width: 173px) 100vw, 173px\" \/><\/a><figcaption>Vergr\u00f6ssern<\/figcaption><\/figure><\/div>\n\n\n\n<p class=\"has-text-color has-background has-medium-font-size has-very-light-gray-color has-vivid-red-background-color\"><strong>Krimi aus Neufundland.<\/strong><\/p>\n\n\n\n<p><strong>Mord, Familiengeheimnisse und Liebe in einem isolierten Fischerdorf auf der sturmumtosten Insel Neufundland.<\/strong><\/p>\n\n\n\n<p>Inhaltsangabe:<br> Die Fotografin Lory Finning aus Vancouver reist in ein entlegenes  Fischerdorf namens Stormy Cove ganz im Norden Neufundlands. Eine reiche  Investorin aus der \u00d6lbranche hat sie beauftragt, einen Bildband \u00fcber die  Gegend zu erstellen, aber auch die Bewohner auszuhorchen. Lory hatte schon einmal mit einem Bildband dunkle Machenschaften in  einer geschlossenen Gemeinde enth\u00fcllt. Die Auftraggeberin aus Calgary,  die in Neufundland aufwuchs, hofft, dass Lorys Fotografien eine  versteckte Wahrheit im Fischerdorf enth\u00fcllen werden.Lory findet bald heraus, dass ein ungekl\u00e4rter Mord an einem  15j\u00e4hrigen M\u00e4dchen, der 20 Jahre zur\u00fcckliegt, die Menschen dort immer  noch umtreibt. Lory begegnet dem wortkargen Fischer Noah Whalen, von dem  sie sich angezogen f\u00fchlt. W\u00e4hrend sie mit ihrer Kamera die raue  Landschaft und die harte Existenz der Einheimischen einf\u00e4ngt, wird Lory  immer mehr in die r\u00e4tselhaften Geschehnisse im Dorf verstrickt.  Sie macht auch die Bekanntschaft des Arch\u00e4ologen Lloyd Weston, der  den Inhalt eines 7500 Jahre alten Grabes aus der Vorzeit bergen will. Er  ermuntert Lory, die arch\u00e4ologischen Arbeiten zu fotografieren. Lory  findet heraus, dass fr\u00fchere arch\u00e4ologische Ausgrabungen etwas mit dem  ermordeten M\u00e4dchen in Stormy Cove zu tun haben. Ihr wird auch klar, dass  viele Dorfbewohner denken, Noah Whalen sei am gewaltsamen Tod des  M\u00e4dchens mitschuldig.<\/p>\n\n\n\n<p><\/p>\n\n\n\n<p class=\"has-medium-font-size\"><a href=\"https:\/\/www.bernadettecalonego.com\/de\/auszug-die-bucht-des-schweigens\/\"><strong>Klicken Sie hier f\u00fcr eine Leseprobe.<\/strong><\/a><\/p>\n\n\n\n<p><a rel=\"noreferrer noopener\" href=\"https:\/\/www.amazon.de\/Die-Bucht-Schweigens-Bernadette-Calonego-ebook\/dp\/B00YJY1HE6\/\" target=\"_blank\"><strong>Bestellen Sie das Buch hier.<\/strong><\/a> <br>(Erh\u00e4ltlich als Taschenbuch und als E-Book.) <\/p>\n\n\n\n<p><strong>Aus den Medien<\/strong><\/p>\n\n\n\n<p><strong>Aus der S\u00fcddeutschen Zeitung vom 4.9.2015<\/strong><\/p>\n\n\n\n<p>\u201cWer kann es einer \nAuslandskorrespondentin in Kanada ver\u00fcbeln, wenn sie den gro\u00dfen St\u00e4dten \nentflieht und in abgelegenen Landstrichen die authentische Seele des \nLandes sucht? Bernadette Calonego lebte \nein halbes Jahr lang in einem isolierten Fischerdorf an der Nordspitze \nder ostkanadischen Insel Neufundland. Dort geht es auch heute noch fast \narchaisch zu und her. Beim Festessen sitzen die M\u00e4nner am Tisch, w\u00e4hrend\n sich die Frauen der Fischer mit dem Sofa oder Teppichboden begn\u00fcgen \nm\u00fcssen \u2013 genau wie es fr\u00fcher war. In den geduckten Holzh\u00e4usern sind \nStube und K\u00fcche \u00f6ffentliche R\u00e4ume, und Besucher platzen ohne Anklopfen \nzu jeder Stunde herein. T\u00fcren und Autos bleiben unverschlossen. In der \nwilden, schroffen, von Schnee und Eis gepeinigten Landschaft \nNeufundlands spielt Bernadette Calonegos vierter Roman \u2013 eine Mischung \naus Krimi und Liebesgeschichte, unterf\u00fcttert mit der Geschichte \nNeufundlands. Die Autorin portr\u00e4tiert eine sturmumtoste Insel von karger\n Sch\u00f6nheit, die erst 1949 zu Kanada stie\u00df und in deren Gew\u00e4ssern einst \ndeutsche U-Boote Leben vernichteten. Hier verschwinden Menschen spurlos,\n Unf\u00e4lle entpuppen sich als getarnte Morde, Grenzen werden \n\u00fcberschritten. Eine harte Existenz, in der Menschen manchmal nur mit \nH\u00e4rte \u00fcberleben. \u201d<\/p>\n\n\n\n<p><strong><a href=\"https:\/\/geile-buecher.de\/die-bucht-des-schweigens-von-bernadette-calonego\/\">Rezension auf der Internetseite Geile B\u00fccher: Lesen Sie hier.<\/a><\/strong><\/p>\n\n\n\n<p>&#8220;Der Roman punktet mit einer unvorhersehbaren Wende kurz vor dem Ende, welche die Spannung auf den letzten Seiten noch steigert.&#8221;<\/p>\n\n\n\n<p><strong>Kurzrezension auf der Webseite Lovely Books  (www.lovelybooks.de):<\/strong><\/p>\n\n\n\n<p><em>&#8220;Eine Geschichte voller Abenteuer, Spannung und krimineller Energie.&#8221;<\/em><\/p>\n\n\n\n<p><strong>Alexandra B., 03.12.2017 auf www.weltbild.at<\/strong><\/p>\n\n\n\n<p><em>&#8220;Spannender Thriller<br><br>&#8220;Dies war mein erstes Buch von Bernadette Calonego, aber sicherlich nicht mein letztes. Schon zu Beginn des Buches, im Prolog, beginnt die Spannung und h\u00e4lt bis zum Schluss. Der fl\u00fcssige und sehr spannende Schreibstil haben es kaum m\u00f6glich gemacht, das Buch aus der Hand zu legen. Die handelnden Personen sind sehr gut beschrieben und ich konnte mir diese und auch die Handlungsorte sehr gut vorstellen.&nbsp;<br>F\u00fcr mich ein tolles Buch und spannende Unterhaltung.&#8221;<\/em><\/p>\n","protected":false},"excerpt":{"rendered":"<p>Krimi aus Neufundland. Mord, Familiengeheimnisse und Liebe in einem isolierten Fischerdorf auf der sturmumtosten Insel Neufundland. Inhaltsangabe: Die Fotografin Lory Finning aus Vancouver reist in ein entlegenes Fischerdorf namens Stormy Cove ganz im Norden Neufundlands. Eine reiche Investorin aus der \u00d6lbranche hat sie beauftragt, einen Bildband \u00fcber die Gegend zu <a class=\"read-more-link\" href=\"https:\/\/www.bernadettecalonego.com\/de\/bucher\/die-bucht-des-schweigens\/\">   Lesen Sie weiter<\/a><\/p>\n","protected":false},"author":1,"featured_media":0,"parent":22,"menu_order":0,"comment_status":"closed","ping_status":"closed","template":"","meta":{"ngg_post_thumbnail":0,"footnotes":""},"class_list":["post-24","page","type-page","status-publish","hentry"],"jetpack_sharing_enabled":true,"_links":{"self":[{"href":"https:\/\/www.bernadettecalonego.com\/de\/wp-json\/wp\/v2\/pages\/24","targetHints":{"allow":["GET"]}}],"collection":[{"href":"https:\/\/www.bernadettecalonego.com\/de\/wp-json\/wp\/v2\/pages"}],"about":[{"href":"https:\/\/www.bernadettecalonego.com\/de\/wp-json\/wp\/v2\/types\/page"}],"author":[{"embeddable":true,"href":"https:\/\/www.bernadettecalonego.com\/de\/wp-json\/wp\/v2\/users\/1"}],"replies":[{"embeddable":true,"href":"https:\/\/www.bernadettecalonego.com\/de\/wp-json\/wp\/v2\/comments?post=24"}],"version-history":[{"count":5,"href":"https:\/\/www.bernadettecalonego.com\/de\/wp-json\/wp\/v2\/pages\/24\/revisions"}],"predecessor-version":[{"id":2263,"href":"https:\/\/www.bernadettecalonego.com\/de\/wp-json\/wp\/v2\/pages\/24\/revisions\/2263"}],"up":[{"embeddable":true,"href":"https:\/\/www.bernadettecalonego.com\/de\/wp-json\/wp\/v2\/pages\/22"}],"wp:attachment":[{"href":"https:\/\/www.bernadettecalonego.com\/de\/wp-json\/wp\/v2\/media?parent=24"}],"curies":[{"name":"wp","href":"https:\/\/api.w.org\/{rel}","templated":true}]}}