{"id":2498,"date":"2019-11-01T00:52:27","date_gmt":"2019-11-01T07:52:27","guid":{"rendered":"http:\/\/www.bernadettecalonego.com\/de\/?page_id=2498"},"modified":"2020-04-26T17:06:40","modified_gmt":"2020-04-27T00:06:40","slug":"morderischer-morgen","status":"publish","type":"page","link":"https:\/\/www.bernadettecalonego.com\/de\/bucher\/morderischer-morgen\/","title":{"rendered":"M\u00f6rderischer Morgen"},"content":{"rendered":"\n<div class=\"wp-block-image\"><figure class=\"alignleft\"><a href=\"https:\/\/www.bernadettecalonego.com\/de\/wp-content\/uploads\/MorderischerMorgen.jpg\" target=\"_blank\" rel=\"noopener noreferrer\"><img loading=\"lazy\" decoding=\"async\" width=\"200\" height=\"300\" src=\"https:\/\/www.bernadettecalonego.com\/de\/wp-content\/uploads\/MorderischerMorgen-200x300.jpg\" alt=\"\" class=\"wp-image-2492\" srcset=\"https:\/\/www.bernadettecalonego.com\/de\/wp-content\/uploads\/MorderischerMorgen-200x300.jpg 200w, https:\/\/www.bernadettecalonego.com\/de\/wp-content\/uploads\/MorderischerMorgen-768x1152.jpg 768w, https:\/\/www.bernadettecalonego.com\/de\/wp-content\/uploads\/MorderischerMorgen-683x1024.jpg 683w, https:\/\/www.bernadettecalonego.com\/de\/wp-content\/uploads\/MorderischerMorgen.jpg 800w\" sizes=\"auto, (max-width: 200px) 100vw, 200px\" \/><\/a><\/figure><\/div>\n\n\n\n<p>\nDer neue Kanada-Krimi von Bernadette Calonego, der Bestsellerautorin von\n \u201eDie Bucht des Schweigens\u201c (Edition M) und &#8220;Unter dunklen Wassern&#8221; \n(Piper). <\/p>\n\n\n\n<p>Eine einsame Farm in der Wildnis von British Columbia.  Eine m\u00e4nnliche Leiche im Gras. Im Haus \u00fcberall Blut. Drei Kinder,  kaltbl\u00fctig ermordet. Von der Mutter keine Spur. <\/p>\n\n\n\n<p>Rechtsanw\u00e4ltin Tessa  Griffins ist vor f\u00fcnf Jahren aus dem isolierten Minendorf Whatou Lake   nach Vancouver geflohen. Jetzt kehrt sie zur\u00fcck und sucht in ihrem  Heimatdorf fieberhaft nach der Mutter der drei Kinder, ihrer  Stiefschwester Fran. Und nach dem M\u00f6rder von Frans Familie. Genau wie  Polizeidetektiv Ron Halprin, Chef einer Spezialeinheit in Vancouver, der  f\u00fcr die Ermittlungen nach Whatou Lake reist. <\/p>\n\n\n\n<p>Tessa st\u00f6\u00dft \u00fcberall  gegen Mauern. Welche Geheimnisse verbirgt ihr Vater, der einflussreiche  Dorfarzt? Warum l\u00fcgt ihre Mutter, die  Wohlt\u00e4terin, die unz\u00e4hligen  Pflegekindern ein Heim gab? F\u00fchrt Fran ein geheimes Leben? Und warum  findet ausgerechnet Tessas Jugendfreund Tsaytis Chelin vom Stamm der  Sitklat`l die Leichen? Am dritten Tag macht Tessa eine grausige  Entdeckung, die sie in den Abgrund zu rei\u00dfen droht.<\/p>\n\n\n\n<p>Die Autorin  Bernadette Calonego, deren B\u00fccher bei Piper, Ullstein und Edition M  erschienen sind und auch ins Englische \u00fcbersetzt wurden, lebt seit  zwanzig Jahren in Kanada, wo sie sich von der Wildnis und von  Expeditionen in den Norden inspirieren l\u00e4sst. <\/p>\n\n\n\n<p><a rel=\"noreferrer noopener\" aria-label=\" (opens in a new tab)\" href=\"https:\/\/www.amazon.de\/M%C3%B6rderischer-Morgen-Kanada-Krimi-Bernadette-Calonego-ebook\/dp\/B07WMDZZ7X\/\" target=\"_blank\"><strong>Bestellen Sie das Buch mit einem Klick.<\/strong><\/a><\/p>\n\n\n\n<p class=\"has-medium-font-size\"> &#8220;Die kanadische Wildnis als Setting zu haben, ist es schon wert, zu diesem Krimi zu greifen. Er ist gut strukturiert, spannend und bildgewaltig. &#8221; (Recensio Online)<\/p>\n\n\n\n<p><strong><a href=\"https:\/\/recensio-online.blogspot.com\/2020\/01\/bernadette-calonego-morderischer-morgen.html#more\">Hier die ganze Besprechung auf Recensio Online lesen.<\/a><\/strong><\/p>\n\n\n\n<p class=\"has-medium-font-size\">&#8221; Wildnis \u2013 B\u00e4ume, Berge, B\u00e4ren und eine einsame Blockh\u00fctte am See. Das ist der Schauplatz von Bernadette Calonegos neuem Krimi \u00abM\u00f6rderischer Morgen\u00bb. Dem Zauber Kanadas erliege ich sofort. &#8221; Annette K\u00f6nig, Literaturkritikerin von SRF (Schweizer Rundfunk und Fernsehen)<\/p>\n\n\n\n<p><a href=\"https:\/\/www.srf.ch\/radio-srf-1\/die-buchkoenig-bloggt\/die-buchkoenig-bloggt-das-ist-kanada-fuer-mich\"><strong>Lest hier die Buchbesprechung von Annette K\u00f6nig.<\/strong><\/a><\/p>\n\n\n\n<div class=\"wp-block-image\"><figure class=\"aligncenter size-large\"><img loading=\"lazy\" decoding=\"async\" width=\"1008\" height=\"756\" src=\"https:\/\/www.bernadettecalonego.com\/de\/wp-content\/uploads\/IMG_4655-Copy.jpg\" alt=\"\" class=\"wp-image-2549\" srcset=\"https:\/\/www.bernadettecalonego.com\/de\/wp-content\/uploads\/IMG_4655-Copy.jpg 1008w, https:\/\/www.bernadettecalonego.com\/de\/wp-content\/uploads\/IMG_4655-Copy-300x225.jpg 300w, https:\/\/www.bernadettecalonego.com\/de\/wp-content\/uploads\/IMG_4655-Copy-768x576.jpg 768w\" sizes=\"auto, (max-width: 1008px) 100vw, 1008px\" \/><\/figure><\/div>\n\n\n\n<p class=\"has-medium-font-size\"> &#8220;Bernadette Calonego vermag es, mit ihrer Schreibweise Bilder in den Kopf zu malen, bietet der Leserschaft eine geniale Mischung aus Spannung und psychologischer Dichte. Sie zeichnet charismatische Protagonisten und vermittelt viel an Hintergrundwissen. Gekonnt legt die Autorin falsche Spuren, welche die Leser in die Irre f\u00fchren und l\u00fcftet das Geheimnis um den Familienmord, erst auf den letzten Seiten des Buchs. &#8221; Heidelinde Penndorf, Penndorf-Rezensionen<\/p>\n\n\n\n<p><\/p>\n\n\n\n<p><a href=\"https:\/\/penndorf-rezensionen.com\/index.php\/rezensionen\/item\/684-moerderischer-morgen-kanada-krimi-bernadette-calonego\"><strong>Lest hier die vollst\u00e4ndige Rezension von Heidelinde Penndorf. <\/strong><\/a><\/p>\n\n\n\n<p><\/p>\n","protected":false},"excerpt":{"rendered":"<p>Der neue Kanada-Krimi von Bernadette Calonego, der Bestsellerautorin von \u201eDie Bucht des Schweigens\u201c (Edition M) und &#8220;Unter dunklen Wassern&#8221; (Piper). Eine einsame Farm in der Wildnis von British Columbia. Eine m\u00e4nnliche Leiche im Gras. Im Haus \u00fcberall Blut. Drei Kinder, kaltbl\u00fctig ermordet. Von der Mutter keine Spur. Rechtsanw\u00e4ltin Tessa Griffins <a class=\"read-more-link\" href=\"https:\/\/www.bernadettecalonego.com\/de\/bucher\/morderischer-morgen\/\">   Lesen Sie weiter<\/a><\/p>\n","protected":false},"author":1,"featured_media":0,"parent":22,"menu_order":0,"comment_status":"closed","ping_status":"closed","template":"","meta":{"ngg_post_thumbnail":0,"footnotes":""},"class_list":["post-2498","page","type-page","status-publish","hentry"],"jetpack_sharing_enabled":true,"_links":{"self":[{"href":"https:\/\/www.bernadettecalonego.com\/de\/wp-json\/wp\/v2\/pages\/2498","targetHints":{"allow":["GET"]}}],"collection":[{"href":"https:\/\/www.bernadettecalonego.com\/de\/wp-json\/wp\/v2\/pages"}],"about":[{"href":"https:\/\/www.bernadettecalonego.com\/de\/wp-json\/wp\/v2\/types\/page"}],"author":[{"embeddable":true,"href":"https:\/\/www.bernadettecalonego.com\/de\/wp-json\/wp\/v2\/users\/1"}],"replies":[{"embeddable":true,"href":"https:\/\/www.bernadettecalonego.com\/de\/wp-json\/wp\/v2\/comments?post=2498"}],"version-history":[{"count":5,"href":"https:\/\/www.bernadettecalonego.com\/de\/wp-json\/wp\/v2\/pages\/2498\/revisions"}],"predecessor-version":[{"id":2588,"href":"https:\/\/www.bernadettecalonego.com\/de\/wp-json\/wp\/v2\/pages\/2498\/revisions\/2588"}],"up":[{"embeddable":true,"href":"https:\/\/www.bernadettecalonego.com\/de\/wp-json\/wp\/v2\/pages\/22"}],"wp:attachment":[{"href":"https:\/\/www.bernadettecalonego.com\/de\/wp-json\/wp\/v2\/media?parent=2498"}],"curies":[{"name":"wp","href":"https:\/\/api.w.org\/{rel}","templated":true}]}}