{"id":2576,"date":"2020-04-26T16:35:10","date_gmt":"2020-04-26T23:35:10","guid":{"rendered":"http:\/\/www.bernadettecalonego.com\/de\/?page_id=2576"},"modified":"2020-06-16T10:08:43","modified_gmt":"2020-06-16T17:08:43","slug":"eisiger-kerker","status":"publish","type":"page","link":"https:\/\/www.bernadettecalonego.com\/de\/bucher\/eisiger-kerker\/","title":{"rendered":"Eisiger Kerker"},"content":{"rendered":"\n<div class=\"wp-block-image\"><figure class=\"alignleft size-medium\"><a href=\"https:\/\/www.bernadettecalonego.com\/de\/wp-content\/uploads\/Eisiger-Kerker.jpg\" target=\"_blank\" rel=\"noopener noreferrer\"><img loading=\"lazy\" decoding=\"async\" width=\"188\" height=\"300\" src=\"https:\/\/www.bernadettecalonego.com\/de\/wp-content\/uploads\/Eisiger-Kerker-188x300.jpg\" alt=\"\" class=\"wp-image-2582\" srcset=\"https:\/\/www.bernadettecalonego.com\/de\/wp-content\/uploads\/Eisiger-Kerker-188x300.jpg 188w, https:\/\/www.bernadettecalonego.com\/de\/wp-content\/uploads\/Eisiger-Kerker.jpg 400w\" sizes=\"auto, (max-width: 188px) 100vw, 188px\" \/><\/a><\/figure><\/div>\n\n\n\n<p class=\"has-medium-font-size\"><strong>Labrador in Kanada. Nichts ist leichter, als hier eine Leiche verschwinden zu lassen. Wildnis, Sumpf, Wald, Ozean, so weit das Auge reicht. Doch der M\u00f6rder besinnt sich anders: Er stellt sein Opfer richtiggehend zur Schau.<\/strong><\/p>\n\n\n\n<p class=\"has-medium-font-size\">Vor drei Jahren verschwand die 23j\u00e4hrige Lorna Taylor,&nbsp; jetzt umzingeln Kojoten ihr Skelett in einer Holzkiste. Auf einem Strand beim Fischerdorf Port Brendan findet der J\u00e4ger Scott Dyson Lornas \u00dcberreste. Bevor er die Polizei alarmiert, klaut der abgebr\u00fchte Scott etwas aus der Kiste, was er niemandem verr\u00e4t. Schon gar nicht der neuen Ermittlerin Calista Gates. Die junge Polizeibeamtin aus Vancouver wurde von ihren Bossen nach Labrador verbannt. Vom ersten Tag an steht sie unter gewaltigem Druck. Es geht nicht nur um Lornas Skelett. Zwei weitere Morde geschehen rasch hintereinander.&nbsp; Im brutalen Winter Labradors beginnt f\u00fcr Calista Gates ein Rennen gegen die Zeit. Die Folgen einer schweren Gehirnverletzung nach einem \u00dcberfall in Vancouver machen ihr immer noch zu schaffen. &nbsp;Sie darf nicht versagen.<\/p>\n\n\n\n<p class=\"has-medium-font-size\">Alles in Labrador ist Calista fremd:&nbsp; eisige St\u00fcrme, Fahrten mit dem Schneemobil, das Packeis. Und die Bewohner von Port Brendan, die nichts zur Aufkl\u00e4rung der Morde beitragen. Wen sch\u00fctzt der Unternehmer Gerald Hynes mit seinen L\u00fcgen? Was verbirgt seine Ex-Freundin, die Hynes f\u00fcr den erfolgreichen Inuk Kris Bakie verlie\u00df? Weshalb verbringt die geheimnisvolle Fremde Ann Smith ihre Sommer in Port Brendan?&nbsp; Warum&nbsp; er\u00f6ffnet der B\u00fcrgermeister die traditionellen Winterspiele der Inuit, obwohl gerade eine Leiche gefunden wurde und Calista Gates einen weiteren Mord bef\u00fcrchtet? &nbsp;\u00dcberall prallt die Ermittlerin auf Gegner.<\/p>\n\n\n\n<p>Leserkritik auf Amazon: <\/p>\n\n\n\n<p>&#8220;Allen, die gern spannende Geschichten in einer faszinierenden Naturwelt lesen, ist dieses Buch unbedingt zu empfehlen. Bernadette Calonego erz\u00e4hlt fl\u00fcssig und sprachgewandt eine spannende und temporeiche Geschichte. Das Ende birgt noch einige \u00dcberraschungen und ist in sich v\u00f6llig stimmig.<br>Der Krimi ist gut strukturiert aufgebaut, hat viele Handlungsans\u00e4tze, die nicht geradlinig zur L\u00f6sung f\u00fchren und die Spannung bis zum Schluss aufrecht erhalten.<br>Aus meiner Sicht gibt es eine klare Leseempfehlung und 5 Sterne. Gern w\u00fcrde ich Calista Gates wieder bei Ermittlungen begleiten.&#8221; <\/p>\n\n\n\n<p><\/p>\n\n\n\n<p class=\"has-medium-font-size\">Buchbesprechung auf LovelyBooks: <\/p>\n\n\n\n<p class=\"has-medium-font-size\">&#8220;Das war f\u00fcr mich das erste Buch der Autorin Bernadette Calonego, aber sicher nicht das Letzte! Mir hat der Schreibstil sehr toll gefallen und die Spannung f\u00e4llt nicht ab, weil immer weitere Puzzleteilchen an die richtige Stelle fallen. Viellicht gibt es ja auch eine Fortsetzung mit Calista Gates, das w\u00fcrde mich sehr freuen!&#8221;<\/p>\n\n\n\n<p>Buchkritik auf www.leserkanone.de: <\/p>\n\n\n\n<p>&#8220;<em>Die Geschichte, die Bernadette Calonego erz\u00e4hlt, fesselt von Beginn an. Der Leser lernt nicht nur die zuk\u00fcnftigen Kollegen von Calista kennen, die ihrem Einsatz teilweise skeptisch gegen\u00fcber stehen, sondern macht gemeinsam mit ihr die Bekanntschaft von Einheimischen und erf\u00e4hrt viel Interessantes zur Geographie und Geschichte Labradors. Dabei wartet die Autorin mit faszinierenden Landschaftsbeschreibungen im eisigen Winter auf. Man sieht die Stra\u00dfen mit Schneew\u00e4nden und eingeschneite H\u00e4user sowie den zugefrorenen Atlantik vor sich.<\/em>&#8220;<\/p>\n\n\n\n<p><a rel=\"noreferrer noopener\" href=\"https:\/\/www.amazon.de\/Eisiger-Kerker-Kanada-Krimi-Bernadette-Calonego-ebook\/dp\/B084KSDQ6B\/\" target=\"_blank\"><strong>Bestellen Sie das Buch mit einem Klick.<\/strong><\/a><\/p>\n\n\n\n<p class=\"has-background has-medium-font-size has-cyan-bluish-gray-background-color\">Interview mit dem Buchblog &#8220;leserkanone.de&#8221;. <a href=\"https:\/\/www.leserkanone.de\/index.php?befehl=autoren&amp;autor=3249&amp;interview=709\">Lesen Sie hier.<\/a><\/p>\n","protected":false},"excerpt":{"rendered":"<p>Labrador in Kanada. Nichts ist leichter, als hier eine Leiche verschwinden zu lassen. Wildnis, Sumpf, Wald, Ozean, so weit das Auge reicht. Doch der M\u00f6rder besinnt sich anders: Er stellt sein Opfer richtiggehend zur Schau. Vor drei Jahren verschwand die 23j\u00e4hrige Lorna Taylor,&nbsp; jetzt umzingeln Kojoten ihr Skelett in einer <a class=\"read-more-link\" href=\"https:\/\/www.bernadettecalonego.com\/de\/bucher\/eisiger-kerker\/\">   Lesen Sie weiter<\/a><\/p>\n","protected":false},"author":1,"featured_media":0,"parent":22,"menu_order":0,"comment_status":"closed","ping_status":"closed","template":"","meta":{"ngg_post_thumbnail":0,"footnotes":""},"class_list":["post-2576","page","type-page","status-publish","hentry"],"jetpack_sharing_enabled":true,"_links":{"self":[{"href":"https:\/\/www.bernadettecalonego.com\/de\/wp-json\/wp\/v2\/pages\/2576","targetHints":{"allow":["GET"]}}],"collection":[{"href":"https:\/\/www.bernadettecalonego.com\/de\/wp-json\/wp\/v2\/pages"}],"about":[{"href":"https:\/\/www.bernadettecalonego.com\/de\/wp-json\/wp\/v2\/types\/page"}],"author":[{"embeddable":true,"href":"https:\/\/www.bernadettecalonego.com\/de\/wp-json\/wp\/v2\/users\/1"}],"replies":[{"embeddable":true,"href":"https:\/\/www.bernadettecalonego.com\/de\/wp-json\/wp\/v2\/comments?post=2576"}],"version-history":[{"count":5,"href":"https:\/\/www.bernadettecalonego.com\/de\/wp-json\/wp\/v2\/pages\/2576\/revisions"}],"predecessor-version":[{"id":2626,"href":"https:\/\/www.bernadettecalonego.com\/de\/wp-json\/wp\/v2\/pages\/2576\/revisions\/2626"}],"up":[{"embeddable":true,"href":"https:\/\/www.bernadettecalonego.com\/de\/wp-json\/wp\/v2\/pages\/22"}],"wp:attachment":[{"href":"https:\/\/www.bernadettecalonego.com\/de\/wp-json\/wp\/v2\/media?parent=2576"}],"curies":[{"name":"wp","href":"https:\/\/api.w.org\/{rel}","templated":true}]}}