{"id":26,"date":"2019-01-11T15:19:11","date_gmt":"2019-01-11T23:19:11","guid":{"rendered":"http:\/\/www.bernadettecalonego.com\/de\/?page_id=26"},"modified":"2019-02-10T20:26:04","modified_gmt":"2019-02-11T04:26:04","slug":"oh-wie-schon-ist-kanada","status":"publish","type":"page","link":"https:\/\/www.bernadettecalonego.com\/de\/bucher\/oh-wie-schon-ist-kanada\/","title":{"rendered":"\u201cOh, wie sch\u00f6n ist Kanada!\u201d"},"content":{"rendered":"\n<p><\/p>\n\n\n\n<div class=\"wp-block-image\"><figure class=\"alignleft\"><a href=\"https:\/\/www.bernadettecalonego.com\/de\/wp-content\/uploads\/2019\/01\/OhWieSchonIstKanada-1000.jpg\" target=\"_blank\" rel=\"noreferrer noopener\"><img loading=\"lazy\" decoding=\"async\" width=\"200\" height=\"300\" src=\"https:\/\/www.bernadettecalonego.com\/de\/wp-content\/uploads\/2019\/01\/OhWieSchonIstKanada-1000-200x300.jpg\" alt=\"\" class=\"wp-image-1469\" srcset=\"https:\/\/www.bernadettecalonego.com\/de\/wp-content\/uploads\/2019\/01\/OhWieSchonIstKanada-1000-200x300.jpg 200w, https:\/\/www.bernadettecalonego.com\/de\/wp-content\/uploads\/2019\/01\/OhWieSchonIstKanada-1000.jpg 666w\" sizes=\"auto, (max-width: 200px) 100vw, 200px\" \/><\/a><figcaption>Vergr\u00f6ssern<\/figcaption><\/figure><\/div>\n\n\n\n<p class=\"has-text-color has-background has-medium-font-size has-vivid-red-color has-vivid-green-cyan-background-color\"><strong>Der Taschenbuch-Bestseller \u00fcber Kanada!<\/strong><\/p>\n\n\n\n<p><strong>Leben unterm Ahornblatt<\/strong> Von gebratenen Bisamratten und Grizzlys im Vorgarten <\/p>\n\n\n\n<p>Ullstein Verlag, ca. 272 Seiten<\/p>\n\n\n\n<p>Werbetext des Verlags: Mit deutscher Direktheit kommt man in Kanada nicht weit.  Das muss eine Auslandskorrespondentin durch am\u00fcsante Fehltritte und  Missverst\u00e4ndnisse lernen, w\u00e4hrend sie das riesige Abenteuerland bereist.  Sie m\u00f6chte so locker und tolerant wie die Kanadier wirken \u2013 selbst wenn  ein Cowboy ein Brandeisen auf ihre Bluejeans ansetzt oder wenn sie in  Neufundland einen Kabeljau k\u00fcssen muss. Ein \u00fcberraschender und  humorvoller Leitfaden, wie man sich in Kanada (und einen Kanadier)  verliebt .Kanadier sind ganz wild auf Rituale. Sie knutschen Kabeljaue, essen  Walfett, beweihr\u00e4uchern sich mit Zitronengras und h\u00fcpfen zu indianischen  Trommeln. Aber ein echter Kanadier ist man erst, wenn man Liebe in  einem Kanu macht. Und dabei nicht kentert. <\/p>\n\n\n\n<p class=\"has-medium-font-size\"><a href=\"https:\/\/www.bernadettecalonego.com\/de\/auszug-oh-wie-schon-ist-kanada\/\">Bitte klicken Sie hier, um das erste Kapitel zu lesen.<\/a><\/p>\n\n\n\n<p><a rel=\"noreferrer noopener\" href=\"https:\/\/www.amazon.de\/wie-sch%C3%B6n-ist-Kanada-Ahornblatt-ebook\/dp\/B005XVRZ8G\/\" target=\"_blank\">Bestellen Sie hier per Mausklick.\ufeff<\/a><br><\/p>\n\n\n\n<p><strong>Was schreibt die S\u00fcddeutsche Zeitung am 28. November 2011&nbsp;\u00fcber&nbsp;das&nbsp;Buch?<\/strong><\/p>\n\n\n\n<p><strong>S\u00fc\u00dfe Unterwerfung<br>\n<\/strong><\/p>\n\n\n\n<p>\u201cJournalisten f\u00fcrchten Klischees wie der Teufel das Weihwasser. Aber \nwas kann eine Auslandskorrespondentin tun, wenn in Kanada Cowboys \ntats\u00e4chlich wilde Stiere reiten, die B\u00e4ren vor der Haust\u00fcr ihr Gesch\u00e4ft \nverrichten, ein Sportkommentator von den eishockeyverr\u00fcckten Menschen \nauf Platz 7 der \u201eGr\u00f6\u00dften Kanadier aller Zeiten\u201c gew\u00e4hlt wird und sich \ndie Indianer selber politisch inkorrekt \u201eIndians\u201c nennen? Bernadette \nCalonego, die als freie Auslandskorrespondentin f\u00fcr die SZ arbeitet, \nfolgt dem Motto \u201eIf you can\u2019t beat them, join them\u201c und unterwirft sich \ndem extremen Klima und der provozierenden Gelassenheit der Kanadier.<\/p>\n\n\n\n<p>Bernadette Calonego, die als freie Auslandskorrespondentin f\u00fcr die SZ\n arbeitet, folgt dem Motto \u201eIf you can\u2019t beat them, join them\u201c und \nunterwirft sich dem extremen Klima und der provozierenden Gelassenheit \nder Kanadier. Die Autorin, eine Schweizerin, versteckt sich diskret \nhinter der deutschen Protagonistin ihres Buches. Aber es ist unschwer zu\n sehen, dass die beschriebenen Erfahrungen im Kern authentisch sein \nm\u00fcssen\u2013 auch der Verzehr von gebratenen Bisam-Ratten und Walfett bei den\n Eskimos. In Neufundland k\u00fcsst sie lieber einen Kabeljau als einen \nFischer \u2013 bis sie dann doch dem Charme eines Kanadiers erliegt. Kanada \nist einfach st\u00e4rker.\u201d SZ<\/p>\n\n\n\n<p class=\"has-medium-font-size\"><strong>Taschenbuch-Bestseller<\/strong><\/p>\n\n\n\n<p>Aus SPIEGEL-online:<\/p>\n\n\n\n<p>&#8220;Ganz weit weg!<strong>&nbsp;Die Wahl-Kanadierin Bernadetto  Calonego&nbsp;erz\u00e4hlt&nbsp;in ihrem neuen Buch \u201cOh, wie sch\u00f6n ist Kanada\u201d vom  Abenteuer Auswandern \u2013 und&nbsp;steigt damit auf&nbsp;Platz 23 der  SPIEGEL-ONLINE-Bestsellerliste ein.&#8221;<\/strong><\/p>\n\n\n\n<p><strong>&#8220;Lesestoff f\u00fcr Fernweh-Geplagte<\/strong><\/p>\n\n\n\n<p>Unendliche Weiten, kanadische Cowboys und Roadtrips: Bernadette \nCalonego schildert in ihrem neuen Buch \u201cOh, wie sch\u00f6n ist Kanada\u201d die \nGeschichte vom Auswandern. Die geb\u00fcrtige Schweizerin wei\u00df, wovon sie \nschreibt: Vor zehn Jahren ist Calonego selbst nach Kanada ausgewandert. \nIn ihrem Buch erz\u00e4hlt die Autorin und Journalistin nun von ihrer ersten \nReise in den Norden des amerikanischen Kontinents und all den kulturell \nbedingten Fettn\u00e4pfchen, die dort auf sie als Europ\u00e4erin lauerten. Da \nbleiben Begegnungen mit kleinen und gro\u00dfen Tieren ebenso wenig aus wie \nkulinarische Absonderlichkeiten. Kurz: eine bunte Mischung von \nEindr\u00fccken, die einen in einem fremden Land \u00fcberkommen k\u00f6nnen. (\u2026)<\/p>\n\n\n\n<p>Mittlerweile besitzt Calonego die kanadische Staatsb\u00fcrgerschaft und  kann sich das Leben in der Schweiz kaum noch vorstellen. Doch bei aller  Begeisterung f\u00fcr die Wahlheimat bleibt ein bisschen Heimweh nicht aus.  In ihrem Blog schreibt sie zu der Ver\u00f6ffentlichung ihres neuen Buches:  \u201cIch w\u00e4re jetzt gern in Europa, dann k\u00f6nnte ich eine Vernissage mit  Freunden, Familie und Fans feiern. Aber wenn man so weit weg ist,  scheint alles ein bisschen unwirklich. W\u00e4re ich nicht in Kanada, k\u00f6nnte  ich jetzt durch Z\u00fcrichs oder M\u00fcnchens Innenstadt schlendern und in den  Schaufenstern oder auf den Gestellen mein Baby sehen. Das w\u00fcrde mir, ich  gestehe es, riesigen Spa\u00df machen.\u201dVielleicht ja bei der n\u00e4chsten  Buchpremiere: \u201cIch k\u00f6nnte bereits eine Fortsetzung schreiben. Aber  zuerst will ich meinen Krimi beenden, der auch in Kanada spielt.\u201d  Bernadette Calonego hat nach ihren beiden Krimis nun ihr erstes Sachbuch  ver\u00f6ffentlicht. .\u201d Calonego ver\u00f6ffentlichte bereits zwei Thriller.  \u201cNutze deine Feinde\u201d (2005) spielte in Z\u00fcrich, in \u201cUnter dunklen  Wassern\u201d (2007) lie\u00df sie eine Schweizerin durch die kanadische Weite  irren.&#8221;<\/p>\n\n\n\n<p><em>Lisa Maria Neis, buchreport&nbsp;,<\/em><strong>Spiegel online<\/strong><\/p>\n\n\n\n<p><strong>Rezension \u201eOh, wie sch\u00f6n ist Kanada \u2013 Leben unterm Ahornblatt\u201c von Bernadette Calonego<\/strong><\/p>\n\n\n\n<p>&#8220;Aus  der weiblichen Sicht einer \u201eauftragsbelasteten\u201c Journalistin wird in  diesem Werk sehr unterhaltsam, humorvoll und kurzweilig ihr Weg durch  das westliche Kanada und ihr Werdegang zu einer \u201eechten\u201c Kanadierin  beschrieben. Mit einem stetigen Augenzwinkern und gutem Ma\u00df an  Selbstironie prallen dabei manches Mal, auf eine sehr sympathische Art  und Weise, deutsche Tugenden auf kanadische Eigenheiten und Rituale.  Aufgrund von Spoiler-Gefahr m\u00f6chte ich deshalb auch gar nicht weiter auf  den Inhalt eingehen, um nicht zuviel vorwegzunehmen.<\/p>\n\n\n\n<p>Da ich mich selbst gef\u00fchlsm\u00e4\u00dfig eher in die Kategorie \u201eHolzf\u00e4ller\u201c \neinordnen w\u00fcrde, kann ich auf jeden Fall sagen, dass das Buch ganz \nsicher nicht nur f\u00fcr die weibliche Leserschaft geeignet ist, sondern f\u00fcr\n jeden gute Unterhaltung bietet. Wer allerdings einen konventionellen \nReiseratgeber hinter dem Titel erwartet, sollte lieber die Finger davon \nlassen, obwohl der Informationsgehalt nicht zu verachten ist. Wer aber \neine, mittlerweile an der \u201eSunshine-Coast\u201c schreibende und ans\u00e4ssige \nAutorin auf ihren ersten Schritten in Kanada begleiten m\u00f6chte, die \nautobiografischen Anteile im Buch bleiben der Fantasie des Lesers \n\u00fcberlassen, ist hier genau richtig. Der kurze Text auf dem \nfreundlicherweise schon vom Verlag mitgelieferten Lesezeichen l\u00e4sst \nalleine schon gut durchblicken, was man in dem Buch zu erwarten hat, und\n man wird dann im Nachhinein auch nicht davon entt\u00e4uscht.<\/p>\n\n\n\n<p>Sprachlich ist das Werk ausgefeilt, auf hohem Niveau und \nsituationsbedingt immer passend. Stilistisch werden Fakten, Humor, \nPers\u00f6nliches, Charaktere und Beschreibungen zu einem runden Ganzen \nzusammengef\u00fcgt. Ob das Buch nun unter Reisebericht der etwas anderen Art\n eingeordnet werden muss oder schon als Roman angesehen werden kann, \ndar\u00fcber sollen sich Literaturwissenschaftler den Kopf zerbrechen.<\/p>\n\n\n\n<p>Die angenehme und routinierte Schreibweise der Autorin macht Lust auf\n mehr und auf meinem Schreibtisch liegt bereits ihr Krimi\/Thriller, der \nebenfalls in British Columbia spielt.<\/p>\n\n\n\n<p>Meine Kaufempfehlung nicht nur f\u00fcr Kanada-Fans. Ich w\u00fcnsche viel Spa\u00df damit!&#8221;<\/p>\n\n\n\n<p><strong>Verfasser: <\/strong>Uwe Kossmann<\/p>\n\n\n\n<p><em>Rezension von www.meinKanada-Reiseplaner.de<\/em><\/p>\n\n\n\n<p class=\"has-background has-medium-font-size has-very-light-gray-background-color\"><a href=\"https:\/\/www.bernadettecalonego.com\/de\/interview-mit-dem-dkg-journal\/\">Lesen Sie hier ein Interview mit Bernadette Calonego \u00fcber das Buch,  erschienen im Journal der Deutsch-Kanadischen Geselllschaft.<\/a><\/p>\n","protected":false},"excerpt":{"rendered":"<p>Der Taschenbuch-Bestseller \u00fcber Kanada! Leben unterm Ahornblatt Von gebratenen Bisamratten und Grizzlys im Vorgarten Ullstein Verlag, ca. 272 Seiten Werbetext des Verlags: Mit deutscher Direktheit kommt man in Kanada nicht weit. Das muss eine Auslandskorrespondentin durch am\u00fcsante Fehltritte und Missverst\u00e4ndnisse lernen, w\u00e4hrend sie das riesige Abenteuerland bereist. Sie m\u00f6chte so <a class=\"read-more-link\" href=\"https:\/\/www.bernadettecalonego.com\/de\/bucher\/oh-wie-schon-ist-kanada\/\">   Lesen Sie weiter<\/a><\/p>\n","protected":false},"author":1,"featured_media":0,"parent":22,"menu_order":0,"comment_status":"closed","ping_status":"closed","template":"","meta":{"ngg_post_thumbnail":0,"footnotes":""},"class_list":["post-26","page","type-page","status-publish","hentry"],"jetpack_sharing_enabled":true,"_links":{"self":[{"href":"https:\/\/www.bernadettecalonego.com\/de\/wp-json\/wp\/v2\/pages\/26","targetHints":{"allow":["GET"]}}],"collection":[{"href":"https:\/\/www.bernadettecalonego.com\/de\/wp-json\/wp\/v2\/pages"}],"about":[{"href":"https:\/\/www.bernadettecalonego.com\/de\/wp-json\/wp\/v2\/types\/page"}],"author":[{"embeddable":true,"href":"https:\/\/www.bernadettecalonego.com\/de\/wp-json\/wp\/v2\/users\/1"}],"replies":[{"embeddable":true,"href":"https:\/\/www.bernadettecalonego.com\/de\/wp-json\/wp\/v2\/comments?post=26"}],"version-history":[{"count":5,"href":"https:\/\/www.bernadettecalonego.com\/de\/wp-json\/wp\/v2\/pages\/26\/revisions"}],"predecessor-version":[{"id":2262,"href":"https:\/\/www.bernadettecalonego.com\/de\/wp-json\/wp\/v2\/pages\/26\/revisions\/2262"}],"up":[{"embeddable":true,"href":"https:\/\/www.bernadettecalonego.com\/de\/wp-json\/wp\/v2\/pages\/22"}],"wp:attachment":[{"href":"https:\/\/www.bernadettecalonego.com\/de\/wp-json\/wp\/v2\/media?parent=26"}],"curies":[{"name":"wp","href":"https:\/\/api.w.org\/{rel}","templated":true}]}}