{"id":2744,"date":"2021-02-25T22:26:13","date_gmt":"2021-02-26T06:26:13","guid":{"rendered":"http:\/\/www.bernadettecalonego.com\/de\/?page_id=2744"},"modified":"2022-01-10T18:14:46","modified_gmt":"2022-01-11T02:14:46","slug":"kalte-klippen","status":"publish","type":"page","link":"https:\/\/www.bernadettecalonego.com\/de\/bucher\/kalte-klippen\/","title":{"rendered":"Kalte Klippen"},"content":{"rendered":"\n<div class=\"wp-block-image\"><figure class=\"alignleft size-medium\"><a href=\"https:\/\/www.bernadettecalonego.com\/de\/wp-content\/uploads\/Kalte-KlippenFinal-Copy.jpg\" target=\"_blank\" rel=\"noopener\"><img loading=\"lazy\" decoding=\"async\" width=\"188\" height=\"300\" src=\"https:\/\/www.bernadettecalonego.com\/de\/wp-content\/uploads\/Kalte-KlippenFinal-188x300.jpg\" alt=\"\" class=\"wp-image-2741\" srcset=\"https:\/\/www.bernadettecalonego.com\/de\/wp-content\/uploads\/Kalte-KlippenFinal-188x300.jpg 188w, https:\/\/www.bernadettecalonego.com\/de\/wp-content\/uploads\/Kalte-KlippenFinal-640x1024.jpg 640w, https:\/\/www.bernadettecalonego.com\/de\/wp-content\/uploads\/Kalte-KlippenFinal-768x1229.jpg 768w, https:\/\/www.bernadettecalonego.com\/de\/wp-content\/uploads\/Kalte-KlippenFinal-960x1536.jpg 960w, https:\/\/www.bernadettecalonego.com\/de\/wp-content\/uploads\/Kalte-KlippenFinal-1280x2048.jpg 1280w, https:\/\/www.bernadettecalonego.com\/de\/wp-content\/uploads\/Kalte-KlippenFinal.jpg 1600w\" sizes=\"auto, (max-width: 188px) 100vw, 188px\" \/><\/a><\/figure><\/div>\n\n\n\n<p class=\"has-medium-font-size\">Der Schauplatz des zweiten Buches  der Calista-Gates-Reihe ist das abgeschiedene Dorf St. Anthony an der Nordspitze der kanadischen Insel Neufundland. St. Anthony gibt es wirklich und ich kenne es seit Jahren, aber die Ereignisse und Personen im Krimi &#8220;Kalte Klippen&#8221; sind nat\u00fcrlich erfunden. <\/p>\n\n\n\n<p class=\"has-medium-font-size\">Die 35j\u00e4hrige Ermittlerin Calista Gates wird neue Chefin des Polizeipostens in St. Anthony. Dort trifft sie gleich auf unheimliche Vorg\u00e4nge. Auf einem verlassenen Zeltplatz findet sie einen unbekleideten Jungen neben einem Lagerfeuer. Er ist gefesselt, und jemand hat ihm eine Schlinge so eng um den Hals gelegt, dass er bei einer falschen Bewegung erdrosselt w\u00fcrde. Der Junge \u00fcberlebt, aber er schweigt aus Angst. Calista Gates erf\u00e4hrt von anderen Situationen, in denen Zw\u00f6lfj\u00e4hrige beinahe umkamen oder sogar ihr Leben verloren.<\/p>\n\n\n\n<p class=\"has-medium-font-size\">Bei ihren Ermittlungen taucht immer wieder der merkw\u00fcrdige Untergang eines Fischerbootes auf, bei dem drei M\u00e4nner umkamen. Nur einer \u00fcberlebte: Aquila Keeping, der Vater des Jungen auf dem Zeltplatz. In seinem Motorboot f\u00e4hrt Aquila Keeping Studenten aus St. John&#8217;s zu einem Eisberg hinaus, den sie besteigen wollen. Es ist ein hochgef\u00e4hrliches Unterfangen, da ein Eisberg jederzeit kentern kann. Das passiert auch in meinem Buch, mit t\u00f6dlichen Folgen.<\/p>\n\n\n\n<p class=\"has-medium-font-size\">Die Ereignisse \u00fcberschlagen sich: Ein zw\u00f6lfj\u00e4hriger Junge verschwindet. Kann ihn Calista Gates retten?<\/p>\n\n\n\n<p class=\"has-medium-font-size\"><\/p>\n\n\n\n<p class=\"has-medium-font-size\"><a rel=\"noreferrer noopener\" href=\"https:\/\/www.amazon.de\/Kalte-Klippen-Kanada-Krimi-Calista-ermittelt-ebook\/dp\/B08W3HWGJP\/ref=pd_sim_5?pd_rd_w=zkiDq&amp;pf_rd_p=ad8bb3a0-a219-423d-8bbd-e22e90176ab8&amp;pf_rd_r=VTVVMT1XPGVNH7W0GRCD&amp;pd_rd_r=fef6a7ff-f430-4f24-bda5-0b0c9886341c&amp;pd_rd_wg=9jzPo&amp;pd_rd_i=B08W3HWGJP&amp;psc=1\" target=\"_blank\"><strong>Bestellen Sie das Buch mit einem Klick.<\/strong><\/a><\/p>\n\n\n\n<p class=\"has-medium-font-size\"><strong>Reaktionen zu &#8220;Kalte Klippen&#8221;:<\/strong><\/p>\n\n\n\n<p class=\"has-medium-font-size\"><em>&nbsp;&#8220;Ich habe schon einige B\u00fccher der Autorin Bernadette Calonego gelesen und bin immer wieder von &nbsp;ihrem Schreibstil <strong>begeistert.<\/strong> Sie schreibt in kurzen, knappen S\u00e4tzen in der Gegenwartsform und so hat mich die Handlung der Geschichte <strong>sofort in ihren Bann gezogen<\/strong>. Die kurzen S\u00e4tze machen das Unheil gleich noch bedrohlicher, finde ich. Teilweise hatte ich <strong>G\u00e4nsehautmomente<\/strong> und Schnappatmung. Ich hatte das Gef\u00fchl, direkt mit Calista Gates die Ermittlungen durchzuf\u00fchren.&#8221; (<strong>Jeanette Lube auf Amazon.de<\/strong>)<\/em><\/p>\n\n\n\n<p class=\"has-medium-font-size\">&#8220;Bernadette Calonego erz\u00e4hlt gekonnt eine spannende und komplexe Geschichte, die den Leser <strong>von Beginn an fesselt<\/strong>. Sie berichtet viel Interessantes aus dem Leben der Einwohner und verkn\u00fcpft geschickt verschiedene Handlungsstr\u00e4nge. Dabei vermittelt sie mit leichter Hand ungemein Wissenswertes und f\u00fcgt immer wieder <strong>spannende Geschehniss<\/strong>e ein. Ihre <strong>Beschreibungen der wilden Natur<\/strong> passen wunderbar zu der dramatischen Handlung.&#8221; (<strong>Eiger59 auf LovelyBooks<\/strong>)<\/p>\n\n\n\n<p class=\"has-medium-font-size\"><em>&#8220;Calista ist eine <strong>empathische und toughe Heldin<\/strong>, deren Schw\u00e4chen nur<br>in der Erz\u00e4hlweise in der Ich-Form zu erkennen sind. Als neue Chefin muss sie <strong>St\u00e4rke zeigen<\/strong> und durch die Ereignisse gleich voll durchstarten. Bei ihren zun\u00e4chst etwas <strong>voreingenommenen Kollegen <\/strong>wei\u00df sie sich zu behaupten, und auch im Ort verdient sie sich sehr rasch Anerkennung. Denn sie l\u00e4sst bei dem vermeintlichen Streich von Jugendlichen nicht locker und z\u00f6gert nicht, auch l\u00e4ngst abgeschlossene Geschehnisse in ihre Ermittlungen mit einzubeziehen.&#8221; (<strong>Gabriele Fester auf LovelyBooks<\/strong>)<\/em><\/p>\n\n\n\n<p class=\"has-medium-font-size\">&#8220;Calista war wir schon im ersten Band <strong>sehr sympathisch<\/strong>, was sich nicht ge\u00e4ndert hat. Sie hat ein starkes Bed\u00fcrfnis nach Gerechtigkeit, steht immer<strong> auf der Seite der Opfer<\/strong> und hat keine Hemmungen, auch gegen die Grossen und M\u00e4chtigen zu ermitteln. Dennoch ist sie <strong>kein \u00dcbermensch<\/strong>, die Nachwirkungen des \u00dcberfalls sorgen immer wieder daf\u00fcr, dass sie ein paar Schritte k\u00fcrzertreten und sich ausruhen muss. Daher hat sie gelernt, auch wichtige Ermittlungsschritte zu delegieren, selbst wenn es ihr manchmal schwer f\u00e4llt.&#8221;<strong>(Aglaya auf ihrem B\u00fccherblog Aglaya Books.<\/strong>)<\/p>\n\n\n\n<p class=\"has-medium-font-size\"><a href=\"https:\/\/aglayabooks.blogspot.com\/2021\/04\/kalte-klippen.html\">Lesen Sie Aglayas ganze Rezension hier.<\/a>&nbsp;<\/p>\n\n\n\n<p>&nbsp;<\/p>\n","protected":false},"excerpt":{"rendered":"<p>Der Schauplatz des zweiten Buches der Calista-Gates-Reihe ist das abgeschiedene Dorf St. Anthony an der Nordspitze der kanadischen Insel Neufundland. St. Anthony gibt es wirklich und ich kenne es seit Jahren, aber die Ereignisse und Personen im Krimi &#8220;Kalte Klippen&#8221; sind nat\u00fcrlich erfunden. Die 35j\u00e4hrige Ermittlerin Calista Gates wird neue <a class=\"read-more-link\" href=\"https:\/\/www.bernadettecalonego.com\/de\/bucher\/kalte-klippen\/\">   Lesen Sie weiter<\/a><\/p>\n","protected":false},"author":1,"featured_media":0,"parent":22,"menu_order":0,"comment_status":"closed","ping_status":"closed","template":"","meta":{"ngg_post_thumbnail":0,"footnotes":""},"class_list":["post-2744","page","type-page","status-publish","hentry"],"jetpack_sharing_enabled":true,"_links":{"self":[{"href":"https:\/\/www.bernadettecalonego.com\/de\/wp-json\/wp\/v2\/pages\/2744","targetHints":{"allow":["GET"]}}],"collection":[{"href":"https:\/\/www.bernadettecalonego.com\/de\/wp-json\/wp\/v2\/pages"}],"about":[{"href":"https:\/\/www.bernadettecalonego.com\/de\/wp-json\/wp\/v2\/types\/page"}],"author":[{"embeddable":true,"href":"https:\/\/www.bernadettecalonego.com\/de\/wp-json\/wp\/v2\/users\/1"}],"replies":[{"embeddable":true,"href":"https:\/\/www.bernadettecalonego.com\/de\/wp-json\/wp\/v2\/comments?post=2744"}],"version-history":[{"count":5,"href":"https:\/\/www.bernadettecalonego.com\/de\/wp-json\/wp\/v2\/pages\/2744\/revisions"}],"predecessor-version":[{"id":2910,"href":"https:\/\/www.bernadettecalonego.com\/de\/wp-json\/wp\/v2\/pages\/2744\/revisions\/2910"}],"up":[{"embeddable":true,"href":"https:\/\/www.bernadettecalonego.com\/de\/wp-json\/wp\/v2\/pages\/22"}],"wp:attachment":[{"href":"https:\/\/www.bernadettecalonego.com\/de\/wp-json\/wp\/v2\/media?parent=2744"}],"curies":[{"name":"wp","href":"https:\/\/api.w.org\/{rel}","templated":true}]}}