{"id":28,"date":"2019-01-11T15:19:44","date_gmt":"2019-01-11T23:19:44","guid":{"rendered":"http:\/\/www.bernadettecalonego.com\/de\/?page_id=28"},"modified":"2019-02-10T20:01:59","modified_gmt":"2019-02-11T04:01:59","slug":"nutze-deine-feinde","status":"publish","type":"page","link":"https:\/\/www.bernadettecalonego.com\/de\/bucher\/nutze-deine-feinde\/","title":{"rendered":"Nutze deine Feinde"},"content":{"rendered":"\n<div class=\"wp-block-image\"><figure class=\"alignleft\"><a href=\"https:\/\/www.bernadettecalonego.com\/de\/wp-content\/uploads\/2019\/01\/NutzeDeineFeinde-1000.jpg\" target=\"_blank\" rel=\"noreferrer noopener\"><img loading=\"lazy\" decoding=\"async\" width=\"200\" height=\"300\" src=\"https:\/\/www.bernadettecalonego.com\/de\/wp-content\/uploads\/2019\/01\/NutzeDeineFeinde-1000-200x300.jpg\" alt=\"\" class=\"wp-image-1468\" srcset=\"https:\/\/www.bernadettecalonego.com\/de\/wp-content\/uploads\/2019\/01\/NutzeDeineFeinde-1000-200x300.jpg 200w, https:\/\/www.bernadettecalonego.com\/de\/wp-content\/uploads\/2019\/01\/NutzeDeineFeinde-1000.jpg 666w\" sizes=\"auto, (max-width: 200px) 100vw, 200px\" \/><\/a><figcaption>Vergr\u00f6ssern<\/figcaption><\/figure><\/div>\n\n\n\n<p class=\"has-text-color has-background has-medium-font-size has-very-dark-gray-color has-luminous-vivid-amber-background-color\"><strong>Der&nbsp;Z\u00fcrich-Krimi.<\/strong><\/p>\n\n\n\n<p>Josefa, Mitte Drei\u00dfig, ist Eventmanagerin bei Loyn, einer exklusiven \nLederwarenfirma in Z\u00fcrich. Ihr Aufstieg in die obersten Etagen scheint \nnur noch eine Frage der Zeit zu sein. Doch dann setzt man ihr einen Mann\n vor die Nase; ausgerechnet Schulmann, der sie vor ein paar Jahren \nsexuell bel\u00e4stigt hat. Josefa zieht die Konsequenzen und geht. Kurz \ndarauf wird ihr Rivale ermordet. Und dann kommt auch ihr Chef ums Leben\u2026<\/p>\n\n\n\n<p>Parallel dazu ereignet sich eine Reihe mysteri\u00f6ser Unf\u00e4lle. Die \nOpfer: Manager der inzwischen Konkurs gegangenen Swixan AG. Sie hatten \nihre Mitarbeiter aufgefordert, firmeneigene Aktien zu kaufen, als sie \nl\u00e4ngst vom bevorstehenden Ende der Firma wussten. K\u00f6nnte es sich bei der\n \u201cUnfall\u201d-Serie um einen Rachefeldzug von einem der Betroffenen handeln?\n Und ist es tats\u00e4chlich Zufall, dass die t\u00f6dlich Verungl\u00fcckten alle im \nengen Kontakt zu Loyn standen?<\/p>\n\n\n\n<p>Dazu schreibt Klaus Podak, S\u00fcddeutsche Zeitung:<\/p>\n\n\n\n<p><em>\u201cMorde nat\u00fcrlich. Aber auch Ehrgeiz, Verrat, Betrug, intrikat \nineinander verflochten. Bernadette Calonego hat einen raffinierten \nThriller geschrieben, ein tolles St\u00fcck aus der Schweiz, einen Krimi als \nabgr\u00fcndiges Seelenpanorama.\u201d <\/em><\/p>\n\n\n\n<p class=\"has-medium-font-size\"><a href=\"https:\/\/www.bernadettecalonego.com\/de\/auszug-nutze-deine-feinde\/\">Buchauszug:&nbsp;Lesen Sie hier.<\/a><\/p>\n\n\n\n<p><a rel=\"noreferrer noopener\" href=\"https:\/\/www.amazon.de\/Nutze-deine-Feinde-Bloomsbury-Berlin-ebook\/dp\/B01DWH3GMQ\/\" target=\"_blank\">Bestellen Sie das Buch per Mausklick.<\/a><\/p>\n\n\n\n<p><strong>Aus den Medien<\/strong><\/p>\n\n\n\n<p><strong>\u00dcber den Thriller \u201cNutze deine Feinde\u201d <\/strong><\/p>\n\n\n\n<p>\u201cDieser Kriminalroman der in Stans geborenen Journalistin ist ein \nbeachtliches Deb\u00fct, das die Regeln des Genres beherzigt und den Leser so\n lange auf die Folter spannt, bis die L\u00f6sung des Falles offenbart wird.\u201d<\/p>\n\n\n\n<p><em>Peter M. Hetzel, Schweizer Illustrierte<\/em><\/p>\n\n\n\n<p>\u201cUm es gleich vorwegzunehmen: Bernadette Calonego ist mit ihrem \nErstling Nutze deine Feinde ein Krimi mit einem ausgezeichneten Plot \ngelungen. Das gleich im ersten Anlauf auf fast 400 Seiten ohne \nSpannungsabfall durchzuhalten, ist eine beachtliche Leistung \u2026\u201d<\/p>\n\n\n\n<p><em>Stephan Freissmann, Der S\u00fcdkurier<\/em><\/p>\n\n\n\n<p>\u201cMit \u00fcberzeugender Ortsgenauigkeit, nachvollziehbaren \nHandlungsstr\u00e4ngen und solider Sprachbeherrschung schildert die Autorin \ndas wechselvolle Leben der Josefa Rehmer, die sich in einem Netz von \nvermeintlichen Freunden verstrickt sieht. Calonego er\u00f6ffnet mit der \nmodernen Wirtschaftswelt ein neues Feld f\u00fcr den Krimi.\u201d<\/p>\n\n\n\n<p><em>Krimikritik Paul Ott\/Paul Lascaux<\/em><\/p>\n\n\n\n<p>\u201c\u2026390 Seiten \u00fcber die dekadente, obendrein v\u00f6llig hysterische Z\u00fcrcher\n PR- und Luxuslabelbranche, bei deren Champagnerpartys \nverantwortungslose Rechtsanw\u00e4lte ihren n\u00e4chsten finsteren Deal planen\u2026\u201d<\/p>\n\n\n\n<p><em>Silja Ukena, Sie + Er<\/em><\/p>\n\n\n\n<p>\u201cEs ist ein Z\u00fcrich-Krimi geworden, der so gar nix mit dem Klischee \nschweizerischer Betulichkeit zu tun hat, sondern uns authentisch, \naktuell und rasant die Jet-Set- und Big-Business-Manchenschaften der \noberen Unternehmensliga schildert.\u201d<\/p>\n\n\n\n<p><em>Aviva-Berlin.de, das Online-Magazin f\u00fcr Frauen<\/em><\/p>\n\n\n\n<p>\u201cFein ineinander verflochten sind die Geschichten von Rache, Gier und\n Intrigen\u2026 eine allerletzte Frage wird, wie es sich f\u00fcr einen guten \nThriller geh\u00f6rt, erst im letzten Absatz beantwortet.\u201d<\/p>\n\n\n\n<p><em>Rheinpfalz<\/em><\/p>\n\n\n\n<p>\u201cDer Werdegang der Autorin ist ebenso spannend wie ihr Erstlingsroman.\u201d<br>\nFranz Steinegger, Bote der Urschweiz<\/p>\n\n\n\n<p>\u201cDer Roman hat Witz, Charme und jede Menge Seitenhiebe Richtung \nEitelkeit und Machogehabe gewisser Mannsbilder. Sei`s drum! Ich habe die\n Lekt\u00fcre schadlos verkraftet. Mehr noch: Ich habe mich k\u00f6stlich \nam\u00fcsiert.\u201d<\/p>\n\n\n\n<p><em>Markus Limacher, online-quer.ch<\/em><\/p>\n\n\n\n<p>\u201c\u2026haben es manche der erst seit kurzem krimischriftstellerisch \nt\u00e4tigen Schweizer direkt in ein grosses deutsches Verlagshaus geschafft.\n So die Journalistin Bernadette Calonego mit Nutze deine Feinde, das \nEnde 2005 bei Bloomsbury Berlin erschien; kommenden Herbst folgt der \nZweitling.\u201d<\/p>\n\n\n\n<p><em>Regula Freuler, NZZ am Sonntag<\/em><\/p>\n\n\n\n<p>\u201cDie Autorin aus Stans, die als Auslandskorrespondentin in Kanada \nt\u00e4tig ist, \u00fcberrascht mit immer neuen Wendungen und h\u00e4lt den Leser bis \nzum Schluss in Atem.\u201d<\/p>\n\n\n\n<p><em>Martin von Matt, Magazin B\u00fccherPick<\/em><\/p>\n\n\n\n<p>Unter: \u201cSechs B\u00fccher mit absoluten Starqualit\u00e4ten\u201d :<br>\n\u201cNutze deine Feinde von Bernadette Calonego\u201d<\/p>\n\n\n\n<p><em>In Style Magazin<\/em><\/p>\n","protected":false},"excerpt":{"rendered":"<p>Der&nbsp;Z\u00fcrich-Krimi. Josefa, Mitte Drei\u00dfig, ist Eventmanagerin bei Loyn, einer exklusiven Lederwarenfirma in Z\u00fcrich. Ihr Aufstieg in die obersten Etagen scheint nur noch eine Frage der Zeit zu sein. Doch dann setzt man ihr einen Mann vor die Nase; ausgerechnet Schulmann, der sie vor ein paar Jahren sexuell bel\u00e4stigt hat. Josefa <a class=\"read-more-link\" href=\"https:\/\/www.bernadettecalonego.com\/de\/bucher\/nutze-deine-feinde\/\">   Lesen Sie weiter<\/a><\/p>\n","protected":false},"author":1,"featured_media":0,"parent":22,"menu_order":0,"comment_status":"closed","ping_status":"closed","template":"","meta":{"ngg_post_thumbnail":0,"footnotes":""},"class_list":["post-28","page","type-page","status-publish","hentry"],"jetpack_sharing_enabled":true,"_links":{"self":[{"href":"https:\/\/www.bernadettecalonego.com\/de\/wp-json\/wp\/v2\/pages\/28","targetHints":{"allow":["GET"]}}],"collection":[{"href":"https:\/\/www.bernadettecalonego.com\/de\/wp-json\/wp\/v2\/pages"}],"about":[{"href":"https:\/\/www.bernadettecalonego.com\/de\/wp-json\/wp\/v2\/types\/page"}],"author":[{"embeddable":true,"href":"https:\/\/www.bernadettecalonego.com\/de\/wp-json\/wp\/v2\/users\/1"}],"replies":[{"embeddable":true,"href":"https:\/\/www.bernadettecalonego.com\/de\/wp-json\/wp\/v2\/comments?post=28"}],"version-history":[{"count":5,"href":"https:\/\/www.bernadettecalonego.com\/de\/wp-json\/wp\/v2\/pages\/28\/revisions"}],"predecessor-version":[{"id":2246,"href":"https:\/\/www.bernadettecalonego.com\/de\/wp-json\/wp\/v2\/pages\/28\/revisions\/2246"}],"up":[{"embeddable":true,"href":"https:\/\/www.bernadettecalonego.com\/de\/wp-json\/wp\/v2\/pages\/22"}],"wp:attachment":[{"href":"https:\/\/www.bernadettecalonego.com\/de\/wp-json\/wp\/v2\/media?parent=28"}],"curies":[{"name":"wp","href":"https:\/\/api.w.org\/{rel}","templated":true}]}}