{"id":30,"date":"2019-01-11T15:20:19","date_gmt":"2019-01-11T23:20:19","guid":{"rendered":"http:\/\/www.bernadettecalonego.com\/de\/?page_id=30"},"modified":"2019-02-08T17:15:18","modified_gmt":"2019-02-09T01:15:18","slug":"unter-dunklen-wassern","status":"publish","type":"page","link":"https:\/\/www.bernadettecalonego.com\/de\/bucher\/unter-dunklen-wassern\/","title":{"rendered":"Unter dunklen Wassern"},"content":{"rendered":"\n<div class=\"wp-block-image\"><figure class=\"alignleft\"><a href=\"https:\/\/www.bernadettecalonego.com\/de\/wp-content\/uploads\/2019\/01\/UnterDunklenWassern-1000.jpg\" target=\"_blank\" rel=\"noreferrer noopener\"><img loading=\"lazy\" decoding=\"async\" width=\"200\" height=\"300\" src=\"https:\/\/www.bernadettecalonego.com\/de\/wp-content\/uploads\/2019\/01\/UnterDunklenWassern-1000-200x300.jpg\" alt=\"\" class=\"wp-image-1470\" srcset=\"https:\/\/www.bernadettecalonego.com\/de\/wp-content\/uploads\/2019\/01\/UnterDunklenWassern-1000-200x300.jpg 200w, https:\/\/www.bernadettecalonego.com\/de\/wp-content\/uploads\/2019\/01\/UnterDunklenWassern-1000.jpg 666w\" sizes=\"auto, (max-width: 200px) 100vw, 200px\" \/><\/a><figcaption>Vergr\u00f6ssern<\/figcaption><\/figure><\/div>\n\n\n\n<p class=\"has-text-color has-background has-medium-font-size has-very-light-gray-color has-cyan-bluish-gray-background-color\">Krimi aus dem Westen Kanadas<\/p>\n\n\n\n<p><em>Erh\u00e4ltlich in Buchhandlungen oder \u00fcbers Internet zu bestellen.&nbsp;Als&nbsp;E-Buch&nbsp;oder&nbsp;in&nbsp;Print.<\/em><\/p>\n\n\n\n<p><a href=\"https:\/\/www.amazon.de\/Unter-dunklen-Wassern-Bloomsbury-Berlin-ebook\/dp\/B01DWH8MV6\/\" target=\"_blank\" rel=\"noreferrer noopener\" aria-label=\" (opens in a new tab)\">Bestellen Sie hier\u00a0mit\u00a0einem Klick.<\/a><\/p>\n\n\n\n<p>Mit der Klarheit und Raffinesse einer Anita Shreve erz\u00e4hlt Bernadette Calonego von der Wahrheitssuche einer jungen Frau.<\/p>\n\n\n\n<p>Im Auftrag eines Schweizer Museums reist die 33-j\u00e4hrige Historikerin  Sonja Werner quer durch British Columbia. Offiziell folgt sie den Spuren  der Dichterin Else Seel, die 1927 einen kanadischen Trapper geheiratet  und mit ihm in einer Blockh\u00fctte in der Wildnis gelebt hat. Heimlich aber  sp\u00fcrt sie auch den mysteri\u00f6sen Umst\u00e4nden nach, unter denen ihr Mann vor  drei Jahren bei einem Absturz seines Wasserflugzeugs um Leben kam. Was  verschweigt ihr die Polizei? Und warum ist auch ihre beste Freundin  seitdem verschwunden? Getrieben von Trauer und Eifersucht begibt sich  Sonja auf eine gef\u00e4hrliche Abenteuerreise quer durch Kanada.<\/p>\n\n\n\n<p><a href=\"http:\/\/lesendeintauchen.blogspot.com\/2011\/02\/unter-dunklen-wassern-bernadette.html\" target=\"_blank\" rel=\"noreferrer noopener\" aria-label=\" (opens in a new tab)\">Hier ein Link zu einer Leserkritik im Internet.<\/a><\/p>\n\n\n\n<p><a href=\"https:\/\/www.bernadettecalonego.com\/de\/bucher\/unter-dunklen-wassern\/auszug-unter-dunklen-wassern\/\">Lesen Sie hier: Buchauszug<\/a><\/p>\n\n\n\n<p><strong>Aus den Medien<\/strong><\/p>\n\n\n\n<p><strong>\u00dcber den Thriller&nbsp; \u201cUnter dunklen Wassern\u201d <br>\n<\/strong><\/p>\n\n\n\n<p>Bernadette Calonego verwebt Sonjas Recherchen zu Else Seel und die \nSpurensuche durch Kanada nicht nur mit Krimi- und Thriller-Elementen, \nsondern auch mit einer Reise nach innen; die Wildnis, die Einsamkeit des\n Nordens wird zu einer Sehnsuchts- und Seelenlandschaft (\u2026) Dabei ist \nsie so hart im Plotbauen wie genau und einf\u00fchlsam in die Psychologie \nihrer Figuren.<\/p>\n\n\n\n<p><em>Christine L\u00f6tscher, Tages-Anzeiger, Z\u00fcrich<\/em><\/p>\n\n\n\n<p>\u201cDer spannende Plot ist \u00fcberzeugend geschrieben und das wilde Setting\n der kanadischen Wildnis atemberaubend sch\u00f6n.Ein absoluter Page-Turner, \nspannend bis zur letzten Seite.\u201d<\/p>\n\n\n\n<p><em>Sabine Grunwald, AVIVA-Berlin, das Online-Magazin f\u00fcr Frauen<\/em><\/p>\n\n\n\n<p>\u201cDie geb\u00fcrtige Stanserin Bernadette Calonego, seit Jahren freie \nAuslandkorrespondentin an der Westk\u00fcste Kanadas, \u00fcberrascht erneut mit \neiner ungew\u00f6hnlichen Ermittler-Figur.\u201d<\/p>\n\n\n\n<p><em>Regula Freuler, Neue Z\u00fcrcher Zeitung am Sonntag<\/em><\/p>\n\n\n\n<p>\u201cEs \u00fcberrascht nicht, dass Bernadette Calonego, die seit sieben \nJahren f\u00fcr die SZ aus Kanada berichtet, diesem Stoff nicht widerstehen \nkonnte.\u201d<\/p>\n\n\n\n<p><em>S\u00fcddeutsche Zeitung, M\u00fcnchen<\/em><\/p>\n\n\n\n<p>\u201cSeine Qualit\u00e4t liegt vor allem in der atmosph\u00e4risch dichten, \ngeografisch exakten Schilderung der sturmumtosten, nebelverhangenen \nLandschaft, welche die Autorin (\u2026) aus eigener Anschauung kennt.\u201d<\/p>\n\n\n\n<p><em>Berner Zeitung<\/em><\/p>\n\n\n\n<p>\u201cElegant verbindet Calonego das Schicksal einer realen historischen \nFigur mit der Wahrheitssuche ihrer fiktiven Protagonistin. Vor diesem \npers\u00f6nlich gef\u00e4rbten Hintergrund wirkt der Plot umso raffinierter..\u201d<\/p>\n\n\n\n<p><em>Irene Prerost, Blick, Z\u00fcrich<\/em><\/p>\n\n\n\n<p>\u201cDer Kontrast zwischen dem beh\u00fcteten Leben in Europa und den einsamen\n W\u00e4ldern dient als Folie f\u00fcr die Machenschaften internationaler \nKonzerne, die diesmal nicht hinter \u00d6l, sondern hinter Diamanten her \nsind.\u201d<\/p>\n\n\n\n<p><em>Ingeborg Sperl, Der Standard, Wien<\/em><\/p>\n\n\n\n<p>\u201cBernadette Calonego hat einen Kriminalroman von aussergew\u00f6hnlicher Welthaltigkeit geschrieben.\u201d<\/p>\n\n\n\n<p><em>Manfred K\u00e4mpfen, online-quer.ch<\/em><\/p>\n\n\n\n<p>\u201cDas raue Wetter der kanadischen Wildnis spielt die heimliche Hauptrolle in diesem Roman.\u201d<\/p>\n\n\n\n<p><em>Schweizer Illustrierte<\/em><\/p>\n\n\n\n<p>\u201cEs erz\u00e4hlt vom wilden Norden, von der Jagd nach Diamanten und l\u00e4sst die Gr\u00f6sse und Weite des Landes sp\u00fcren.\u201d<\/p>\n\n\n\n<p><em>Blanca Imboden, Neue Schwyzer Zeitung<\/em><\/p>\n\n\n\n<p>\u201cIhr Sinn f\u00fcrs Dramatische, ihre Fantasievorstellungen vermischen sich mit einer guten Portion Sachlichkeit.\u201d<\/p>\n\n\n\n<p><em>Anita Lussi, Neue Nidwaldner Zeitung<\/em><\/p>\n\n\n\n<p>\u201c(\u2026) und las nat\u00fcrlich aus ihrem neuesten Buch, das so spannend ist wie ihr eigenes Leben.\u201d<\/p>\n\n\n\n<p><em>Franz Steinegger, Bote der Urschweiz<\/em><\/p>\n\n\n\n<p>\u201cEine rasante Mischung aus Trapper-Romantik, Selbstfindungsgeschichte\n und klassischem Krimi \u2013 inspiriert aus Erfahrungen und Erlebnissen von \nBernadette Calonegos eigenem Leben in der kanadischen Wildnis.\u201d<\/p>\n\n\n\n<p><em>Claudia Senn, Annabelle<\/em><\/p>\n\n\n\n<p>\u201cDas perfekte Buch f\u00fcr einen regnerischen Tag. \u2026 Spannung bis \nzuletzt, keine Ahnung, wie alles zusammenh\u00e4ngt, und noch eine kleine \n\u00dcberraschung am Schluss: So ein Buch macht einfach Spa\u00df.\u201d<\/p>\n\n\n\n<p><em>Neue Presse, Hannover<\/em><\/p>\n\n\n\n<p>\u201cIn einem temporeichen Showdown f\u00fcgen sich alle Str\u00e4nge und \nErz\u00e4hlebenen wieder zusammen und es lohnt sich f\u00fcr die Aufl\u00f6sung aller \nGeheimnisse, ob es sich nun um Tonis Tod, Odettes Verschwinden oder \nElses Grund f\u00fcr die Flucht aus Europa handelt, bis zur letzten Seite \ndurchzuhalten.\u201d<\/p>\n\n\n\n<p><em>Karin Hahn, content-TV Book Review, Berlin<\/em><\/p>\n","protected":false},"excerpt":{"rendered":"<p>Krimi aus dem Westen Kanadas Erh\u00e4ltlich in Buchhandlungen oder \u00fcbers Internet zu bestellen.&nbsp;Als&nbsp;E-Buch&nbsp;oder&nbsp;in&nbsp;Print. Bestellen Sie hier\u00a0mit\u00a0einem Klick. Mit der Klarheit und Raffinesse einer Anita Shreve erz\u00e4hlt Bernadette Calonego von der Wahrheitssuche einer jungen Frau. Im Auftrag eines Schweizer Museums reist die 33-j\u00e4hrige Historikerin Sonja Werner quer durch British Columbia. Offiziell <a class=\"read-more-link\" href=\"https:\/\/www.bernadettecalonego.com\/de\/bucher\/unter-dunklen-wassern\/\">   Lesen Sie weiter<\/a><\/p>\n","protected":false},"author":1,"featured_media":0,"parent":22,"menu_order":0,"comment_status":"closed","ping_status":"closed","template":"","meta":{"ngg_post_thumbnail":0,"footnotes":""},"class_list":["post-30","page","type-page","status-publish","hentry"],"jetpack_sharing_enabled":true,"_links":{"self":[{"href":"https:\/\/www.bernadettecalonego.com\/de\/wp-json\/wp\/v2\/pages\/30","targetHints":{"allow":["GET"]}}],"collection":[{"href":"https:\/\/www.bernadettecalonego.com\/de\/wp-json\/wp\/v2\/pages"}],"about":[{"href":"https:\/\/www.bernadettecalonego.com\/de\/wp-json\/wp\/v2\/types\/page"}],"author":[{"embeddable":true,"href":"https:\/\/www.bernadettecalonego.com\/de\/wp-json\/wp\/v2\/users\/1"}],"replies":[{"embeddable":true,"href":"https:\/\/www.bernadettecalonego.com\/de\/wp-json\/wp\/v2\/comments?post=30"}],"version-history":[{"count":4,"href":"https:\/\/www.bernadettecalonego.com\/de\/wp-json\/wp\/v2\/pages\/30\/revisions"}],"predecessor-version":[{"id":2185,"href":"https:\/\/www.bernadettecalonego.com\/de\/wp-json\/wp\/v2\/pages\/30\/revisions\/2185"}],"up":[{"embeddable":true,"href":"https:\/\/www.bernadettecalonego.com\/de\/wp-json\/wp\/v2\/pages\/22"}],"wp:attachment":[{"href":"https:\/\/www.bernadettecalonego.com\/de\/wp-json\/wp\/v2\/media?parent=30"}],"curies":[{"name":"wp","href":"https:\/\/api.w.org\/{rel}","templated":true}]}}