{"id":3031,"date":"2022-11-21T16:35:19","date_gmt":"2022-11-22T00:35:19","guid":{"rendered":"https:\/\/www.bernadettecalonego.com\/de\/?page_id=3031"},"modified":"2023-01-10T10:36:09","modified_gmt":"2023-01-10T18:36:09","slug":"eisesdunkel","status":"publish","type":"page","link":"https:\/\/www.bernadettecalonego.com\/de\/bucher\/eisesdunkel\/","title":{"rendered":"Eisesdunkel"},"content":{"rendered":"<div class=\"wp-block-image\">\n<figure class=\"alignleft size-medium\"><img loading=\"lazy\" decoding=\"async\" width=\"187\" height=\"300\" src=\"https:\/\/www.bernadettecalonego.com\/de\/wp-content\/uploads\/EISES-DUNKEL-2-Copy-2-187x300.jpg\" alt=\"\" class=\"wp-image-3026\" srcset=\"https:\/\/www.bernadettecalonego.com\/de\/wp-content\/uploads\/EISES-DUNKEL-2-Copy-2-187x300.jpg 187w, https:\/\/www.bernadettecalonego.com\/de\/wp-content\/uploads\/EISES-DUNKEL-2-Copy-2.jpg 432w\" sizes=\"auto, (max-width: 187px) 100vw, 187px\" \/><\/figure>\n<\/div>\n\n\n<p><strong>Stimmen zu &#8220;Eisesdunkel&#8221; auf Amazon.de:<\/strong><\/p>\n\n\n\n<p>&#8221;&nbsp;Ein wirklich packendes Buch und ich hoffe sehr auf viele weitere B\u00fccher der Autorin, insbesondere der Calista -Reihe. Ich bin sehr dankbar.&#8221; (Anni)<\/p>\n\n\n\n<p>&#8220;Das Buch hat mich von Anfang an gefangen genommen, weil es so viele Wendungen in sich birgt und man schon ganz sch\u00f6n mit der Calista und den anderen Protagonistinnen mitleidet und bangt. Man kann sich die kanadischen W\u00e4lder und die einzigartige Atmosph\u00e4re durch die bildhaften Beschreibungen der genialen Autorin sehr gut vorstellen.&#8221; (Kristina)<\/p>\n\n\n\n<p>&#8221;&nbsp;Verzwickt, geschickt aber glaubw\u00fcrdig. Wirklich gut. &#8221; (Bettina)<\/p>\n\n\n\n<p>&#8220;Ich habe bis zur Aufl\u00f6sung keinen Schimmer gehabt, wer die Taten ver\u00fcbt hat.&#8221; (Christiane)<\/p>\n\n\n\n<p>&#8220;Durch die wechselnden Akteure ist der Leser den Ermittlern immer etwas voraus, was das Mitr\u00e4tseln sehr spannend macht.&#8221; (Aglaya)<\/p>\n\n\n\n<p>&#8220;Mich pers\u00f6nlich haben insbesondere Calistas Gedankeng\u00e4nge beim Ermitteln sehr interessiert. Man hat dadurch als beim Lesen durchweg das Gef\u00fchl, bei den Ermittlungen mit dabei zu sein.&#8221; (Dauerleserin)<\/p>\n\n\n\n<p>&#8220;Calista l\u00e4uft hier zu H\u00f6chstform auf!&#8221; (Alexa)<\/p>\n\n\n\n<p>&#8220;Schon die ersten Seiten brachten mir G\u00e4nsehaut.<br>Es ist total faszinierend, wie sich die Spannung kontinuierlich aufbaut, eins greift ins andere.<br>Diesmal ist alles sehr komplex und es ist unglaublich, wie vier Kriminalf\u00e4lle, die zu unterschiedlichen Zeiten, an unterschiedlichen Orten und an unterschiedlichen Opfern begannen werden, zu einem gro\u00dfen Ganzen zusammengef\u00fchrt werden.&#8221;<\/p>\n\n\n\n<p>&#8221;&nbsp;Auch die Umwelteindr\u00fccke sind wieder so sch\u00f6n beschrieben. Als h\u00e4tte man selbst die Schneeschuhe an und blie\u00dfe Atemw\u00f6lkchen in den kanadischen Winter.&#8221; (Martina Wald)<\/p>\n\n\n\n<p>&#8220;Bernadette Calonego berichtet von den grausamen Geschehnissen und verkn\u00fcpft geschickt verschiedene Handlungsstr\u00e4nge. Dabei vermittelt sie mit leichter Hand ungemein Wissenswertes und f\u00fcgt immer wieder spannende Geschehnisse ein. W\u00e4hrend der Ermittlungen geschehen ein weiterer Mord und Mordversuche.&#8221; (Eiger 59)<\/p>\n\n\n\n<p><\/p>\n\n\n\n<p><a rel=\"noreferrer noopener\" href=\"https:\/\/www.amazon.de\/-\/en\/gp\/product\/B0BLDZFS8Q\/ref=dbs_a_def_rwt_bibl_vppi_i0\" target=\"_blank\"><strong>Bestellen Sie das Buch mit einem Klick.<\/strong><\/a><\/p>\n\n\n\n<p><\/p>\n","protected":false},"excerpt":{"rendered":"<p>Stimmen zu &#8220;Eisesdunkel&#8221; auf Amazon.de: &#8221;&nbsp;Ein wirklich packendes Buch und ich hoffe sehr auf viele weitere B\u00fccher der Autorin, insbesondere der Calista -Reihe. Ich bin sehr dankbar.&#8221; (Anni) &#8220;Das Buch hat mich von Anfang an gefangen genommen, weil es so viele Wendungen in sich birgt und man schon ganz sch\u00f6n <a class=\"read-more-link\" href=\"https:\/\/www.bernadettecalonego.com\/de\/bucher\/eisesdunkel\/\">   Lesen Sie weiter<\/a><\/p>\n","protected":false},"author":1,"featured_media":0,"parent":22,"menu_order":0,"comment_status":"closed","ping_status":"closed","template":"","meta":{"ngg_post_thumbnail":0,"footnotes":""},"class_list":["post-3031","page","type-page","status-publish","hentry"],"jetpack_sharing_enabled":true,"_links":{"self":[{"href":"https:\/\/www.bernadettecalonego.com\/de\/wp-json\/wp\/v2\/pages\/3031","targetHints":{"allow":["GET"]}}],"collection":[{"href":"https:\/\/www.bernadettecalonego.com\/de\/wp-json\/wp\/v2\/pages"}],"about":[{"href":"https:\/\/www.bernadettecalonego.com\/de\/wp-json\/wp\/v2\/types\/page"}],"author":[{"embeddable":true,"href":"https:\/\/www.bernadettecalonego.com\/de\/wp-json\/wp\/v2\/users\/1"}],"replies":[{"embeddable":true,"href":"https:\/\/www.bernadettecalonego.com\/de\/wp-json\/wp\/v2\/comments?post=3031"}],"version-history":[{"count":5,"href":"https:\/\/www.bernadettecalonego.com\/de\/wp-json\/wp\/v2\/pages\/3031\/revisions"}],"predecessor-version":[{"id":3057,"href":"https:\/\/www.bernadettecalonego.com\/de\/wp-json\/wp\/v2\/pages\/3031\/revisions\/3057"}],"up":[{"embeddable":true,"href":"https:\/\/www.bernadettecalonego.com\/de\/wp-json\/wp\/v2\/pages\/22"}],"wp:attachment":[{"href":"https:\/\/www.bernadettecalonego.com\/de\/wp-json\/wp\/v2\/media?parent=3031"}],"curies":[{"name":"wp","href":"https:\/\/api.w.org\/{rel}","templated":true}]}}