{"id":3342,"date":"2025-02-28T14:48:51","date_gmt":"2025-02-28T22:48:51","guid":{"rendered":"https:\/\/www.bernadettecalonego.com\/de\/?page_id=3342"},"modified":"2025-03-01T04:08:35","modified_gmt":"2025-03-01T12:08:35","slug":"klappentext-finsterinsel","status":"publish","type":"page","link":"https:\/\/www.bernadettecalonego.com\/de\/bucher\/klappentext-finsterinsel\/","title":{"rendered":"Klappentext Finsterinsel"},"content":{"rendered":"<div class=\"wp-block-image\">\n<figure class=\"alignleft size-medium\"><img loading=\"lazy\" decoding=\"async\" width=\"188\" height=\"300\" src=\"https:\/\/www.bernadettecalonego.com\/de\/wp-content\/uploads\/FINSTERINSEL-Birds-Final-188x300.jpg\" alt=\"\" class=\"wp-image-3345\" srcset=\"https:\/\/www.bernadettecalonego.com\/de\/wp-content\/uploads\/FINSTERINSEL-Birds-Final-188x300.jpg 188w, https:\/\/www.bernadettecalonego.com\/de\/wp-content\/uploads\/FINSTERINSEL-Birds-Final-640x1024.jpg 640w, https:\/\/www.bernadettecalonego.com\/de\/wp-content\/uploads\/FINSTERINSEL-Birds-Final-768x1229.jpg 768w, https:\/\/www.bernadettecalonego.com\/de\/wp-content\/uploads\/FINSTERINSEL-Birds-Final-960x1536.jpg 960w, https:\/\/www.bernadettecalonego.com\/de\/wp-content\/uploads\/FINSTERINSEL-Birds-Final.jpg 1600w\" sizes=\"auto, (max-width: 188px) 100vw, 188px\" \/><\/figure>\n<\/div>\n\n\n<p>Entsetzliche Ereignisse spielten sich vor Jahren auf der Finsterinsel ab, einem windgepeitschten Eiland in der Labrador-See. Das einzige Haus dort besitzt James Drake, ein Mann mit d\u00fcsteren Geheimnissen, der sich als gro\u00dfz\u00fcgiger F\u00f6rderer junger Talente ausgibt.<\/p>\n\n\n\n<p>Calista Gates, Polizeichefin im Norden Neufundlands, verd\u00e4chtigt Drake, in das Verschwinden einer 19-j\u00e4hrigen Frau vor drei Jahren verwickelt zu sein. Und dass er junge Menschen f\u00fcr seine Zwecke ausbeutet. Als sie ihn auf der Finsterinsel mit ihren Ermittlungen konfrontiert, macht sie einen grauenerregenden Fund.<\/p>\n\n\n\n<p>Die Vergangenheit bricht j\u00e4h auf wie eine schw\u00e4rende Wunde. Warum fand eine Familie mit sieben Kindern vor vierzig Jahren in einem Hausbrand den Tod? Was wei\u00df James Drake \u00fcber die Leichen, die Calistas Team in schaurigen Gr\u00e4bern findet? Drake ist ein einflussreicher Mann: Je enger Calista die Schlinge um seinen Hals zieht, umso mehr ger\u00e4t sie selbst in Bedr\u00e4ngnis.<\/p>\n\n\n\n<p><strong><a href=\"https:\/\/www.amazon.de\/FINSTERINSEL-Kanada-Krimi-Calista-Gates-ermittelt-ebook\/dp\/B0DPR56JXT\/ref\">Bestellen Sie das Buch mit einem Klick.<\/a><\/strong><\/p>\n\n\n\n<p><\/p>\n","protected":false},"excerpt":{"rendered":"<p>Entsetzliche Ereignisse spielten sich vor Jahren auf der Finsterinsel ab, einem windgepeitschten Eiland in der Labrador-See. Das einzige Haus dort besitzt James Drake, ein Mann mit d\u00fcsteren Geheimnissen, der sich als gro\u00dfz\u00fcgiger F\u00f6rderer junger Talente ausgibt. Calista Gates, Polizeichefin im Norden Neufundlands, verd\u00e4chtigt Drake, in das Verschwinden einer 19-j\u00e4hrigen Frau <a class=\"read-more-link\" href=\"https:\/\/www.bernadettecalonego.com\/de\/bucher\/klappentext-finsterinsel\/\">   Lesen Sie weiter<\/a><\/p>\n","protected":false},"author":1,"featured_media":0,"parent":22,"menu_order":0,"comment_status":"closed","ping_status":"closed","template":"","meta":{"ngg_post_thumbnail":0,"footnotes":""},"class_list":["post-3342","page","type-page","status-publish","hentry"],"jetpack_sharing_enabled":true,"_links":{"self":[{"href":"https:\/\/www.bernadettecalonego.com\/de\/wp-json\/wp\/v2\/pages\/3342","targetHints":{"allow":["GET"]}}],"collection":[{"href":"https:\/\/www.bernadettecalonego.com\/de\/wp-json\/wp\/v2\/pages"}],"about":[{"href":"https:\/\/www.bernadettecalonego.com\/de\/wp-json\/wp\/v2\/types\/page"}],"author":[{"embeddable":true,"href":"https:\/\/www.bernadettecalonego.com\/de\/wp-json\/wp\/v2\/users\/1"}],"replies":[{"embeddable":true,"href":"https:\/\/www.bernadettecalonego.com\/de\/wp-json\/wp\/v2\/comments?post=3342"}],"version-history":[{"count":3,"href":"https:\/\/www.bernadettecalonego.com\/de\/wp-json\/wp\/v2\/pages\/3342\/revisions"}],"predecessor-version":[{"id":3361,"href":"https:\/\/www.bernadettecalonego.com\/de\/wp-json\/wp\/v2\/pages\/3342\/revisions\/3361"}],"up":[{"embeddable":true,"href":"https:\/\/www.bernadettecalonego.com\/de\/wp-json\/wp\/v2\/pages\/22"}],"wp:attachment":[{"href":"https:\/\/www.bernadettecalonego.com\/de\/wp-json\/wp\/v2\/media?parent=3342"}],"curies":[{"name":"wp","href":"https:\/\/api.w.org\/{rel}","templated":true}]}}