{"id":3482,"date":"2026-02-08T18:19:50","date_gmt":"2026-02-09T02:19:50","guid":{"rendered":"https:\/\/www.bernadettecalonego.com\/de\/?page_id=3482"},"modified":"2026-02-11T03:39:19","modified_gmt":"2026-02-11T11:39:19","slug":"todestiefe","status":"publish","type":"page","link":"https:\/\/www.bernadettecalonego.com\/de\/bucher\/todestiefe\/","title":{"rendered":"Todestiefe"},"content":{"rendered":"<div class=\"wp-block-image\">\n<figure class=\"alignleft size-medium\"><img loading=\"lazy\" decoding=\"async\" width=\"188\" height=\"300\" src=\"https:\/\/www.bernadettecalonego.com\/de\/wp-content\/uploads\/TODESTIEFEfinal-188x300.jpg\" alt=\"\" class=\"wp-image-3483\" srcset=\"https:\/\/www.bernadettecalonego.com\/de\/wp-content\/uploads\/TODESTIEFEfinal-188x300.jpg 188w, https:\/\/www.bernadettecalonego.com\/de\/wp-content\/uploads\/TODESTIEFEfinal.jpg 560w\" sizes=\"auto, (max-width: 188px) 100vw, 188px\" \/><\/figure>\n<\/div>\n\n\n<p><strong>Stimmen auf Amazon.de zu &#8220;Todestiefe&#8221;:<\/strong><\/p>\n\n\n\n<p>&#8220;Der 7. Teil der Reihe um die mittlerweile zum Staff Sergeant bef\u00f6rderte Calista Gates hat mich erneut begeistert. Die Autorin versteht es meisterhaft, Protagonist*innen und Nebenfiguren miteinander zu verweben und R\u00fcckblicke so einzusetzen, dass wir genau nachvollziehen k\u00f6nnen, warum Calista nicht freiwillig auf diesem wundersch\u00f6nen Fleck Erde gelandet ist.&#8221; (MW)<\/p>\n\n\n\n<p>&#8220;Sehr sehr spannend!!! Seit Jahren lese und liebe ich die Krimis von B. Calonego. Die \u201eHeldin\u201c Calista ist mir besonders ans Herz gewachsen.&#8221; (GSFB)<\/p>\n\n\n\n<p>&#8220;Bernadette Calonego schreibt aus mehreren Perspektiven und bringt Twists in den Plot, die mich immer wieder \u00fcberrascht haben! Ich habe das Buch in zwei Tagen verschlungen &#8211; schade, dass ich schon durch bin!!!&#8221; (Martina Hammer)<\/p>\n\n\n\n<p>&#8220;Besonders spannende Charaktere in aktuellen gesellschaftlichen Konflikten lassen dem Leser viel Raum f\u00fcr m\u00f6gliche T\u00e4ter, wobei es zum Schluss wieder eine \u00dcberraschung gibt.&#8221; (Ulla Pen)<\/p>\n\n\n\n<p>&#8221;\u00a0Calista und Fred geh\u00f6ren mit zu meinen Lieblingsermittlern! Au\u00dferdem ist es toll, dass das Setting in Neufundland ist, da hat man gleich wieder Reisetr\u00e4ume\u2026&#8221; (Alexa K.)<\/p>\n\n\n\n<p>&#8220;Ich r\u00e4tsle bei Krimis immer gerne mit und versuche, den Fall als erstes zu l\u00f6sen. Dieses Mal allerdings vergebens, ich hatte keine Ahnung, was hinter den F\u00e4llen steckte.&#8221; (Aglaya)<\/p>\n\n\n\n<p><strong><a href=\"https:\/\/www.amazon.de\/Bernadette-Calonego-ebook\/dp\/B0G3XFRVPG\/ref=sr_1_1\" target=\"_blank\" rel=\"noreferrer noopener\">Bestellen Sie das Buch mit einem Klick.<\/a><\/strong><\/p>\n\n\n\n<p><\/p>\n","protected":false},"excerpt":{"rendered":"<p>Stimmen auf Amazon.de zu &#8220;Todestiefe&#8221;: &#8220;Der 7. Teil der Reihe um die mittlerweile zum Staff Sergeant bef\u00f6rderte Calista Gates hat mich erneut begeistert. Die Autorin versteht es meisterhaft, Protagonist*innen und Nebenfiguren miteinander zu verweben und R\u00fcckblicke so einzusetzen, dass wir genau nachvollziehen k\u00f6nnen, warum Calista nicht freiwillig auf diesem wundersch\u00f6nen <a class=\"read-more-link\" href=\"https:\/\/www.bernadettecalonego.com\/de\/bucher\/todestiefe\/\">   Lesen Sie weiter<\/a><\/p>\n","protected":false},"author":1,"featured_media":0,"parent":22,"menu_order":0,"comment_status":"closed","ping_status":"closed","template":"","meta":{"ngg_post_thumbnail":0,"footnotes":""},"class_list":["post-3482","page","type-page","status-publish","hentry"],"jetpack_sharing_enabled":true,"_links":{"self":[{"href":"https:\/\/www.bernadettecalonego.com\/de\/wp-json\/wp\/v2\/pages\/3482","targetHints":{"allow":["GET"]}}],"collection":[{"href":"https:\/\/www.bernadettecalonego.com\/de\/wp-json\/wp\/v2\/pages"}],"about":[{"href":"https:\/\/www.bernadettecalonego.com\/de\/wp-json\/wp\/v2\/types\/page"}],"author":[{"embeddable":true,"href":"https:\/\/www.bernadettecalonego.com\/de\/wp-json\/wp\/v2\/users\/1"}],"replies":[{"embeddable":true,"href":"https:\/\/www.bernadettecalonego.com\/de\/wp-json\/wp\/v2\/comments?post=3482"}],"version-history":[{"count":2,"href":"https:\/\/www.bernadettecalonego.com\/de\/wp-json\/wp\/v2\/pages\/3482\/revisions"}],"predecessor-version":[{"id":3492,"href":"https:\/\/www.bernadettecalonego.com\/de\/wp-json\/wp\/v2\/pages\/3482\/revisions\/3492"}],"up":[{"embeddable":true,"href":"https:\/\/www.bernadettecalonego.com\/de\/wp-json\/wp\/v2\/pages\/22"}],"wp:attachment":[{"href":"https:\/\/www.bernadettecalonego.com\/de\/wp-json\/wp\/v2\/media?parent=3482"}],"curies":[{"name":"wp","href":"https:\/\/api.w.org\/{rel}","templated":true}]}}