{"id":50,"date":"2019-01-11T17:51:58","date_gmt":"2019-01-12T01:51:58","guid":{"rendered":"http:\/\/www.bernadettecalonego.com\/de\/?page_id=50"},"modified":"2019-02-07T08:06:07","modified_gmt":"2019-02-07T16:06:07","slug":"fotos","status":"publish","type":"page","link":"https:\/\/www.bernadettecalonego.com\/de\/fotos\/","title":{"rendered":"Fotos"},"content":{"rendered":"<p><em>Klicken Sie auf die Bilder, um sie zu vergr\u00f6\u00dfern.<\/em><\/p>\n\n\n<p><strong>Kanada<\/strong><\/p>\n\n\n\nngg_shortcode_0_placeholder\n\n\n\n<p><strong>Unterwegs<\/strong><\/p>\n\n\n\nngg_shortcode_1_placeholder\n\n\n\n<p><strong>Menschen<\/strong><\/p>\n\n\n\nngg_shortcode_2_placeholder\n\n\n\n<p><strong>Z\u00fcrich<\/strong><\/p>\n\n\n\nngg_shortcode_3_placeholder\n\n\n\n<p><strong>Bernadette<\/strong><\/p>\n\n\n\nngg_shortcode_4_placeholder\n","protected":false},"excerpt":{"rendered":"<p>Klicken Sie auf die Bilder, um sie zu vergr\u00f6\u00dfern. Kanada Unterwegs Menschen Z\u00fcrich Bernadette<\/p>\n","protected":false},"author":1,"featured_media":0,"parent":0,"menu_order":7,"comment_status":"closed","ping_status":"closed","template":"","meta":{"ngg_post_thumbnail":0,"footnotes":""},"class_list":["post-50","page","type-page","status-publish","hentry"],"jetpack_sharing_enabled":true,"_links":{"self":[{"href":"https:\/\/www.bernadettecalonego.com\/de\/wp-json\/wp\/v2\/pages\/50","targetHints":{"allow":["GET"]}}],"collection":[{"href":"https:\/\/www.bernadettecalonego.com\/de\/wp-json\/wp\/v2\/pages"}],"about":[{"href":"https:\/\/www.bernadettecalonego.com\/de\/wp-json\/wp\/v2\/types\/page"}],"author":[{"embeddable":true,"href":"https:\/\/www.bernadettecalonego.com\/de\/wp-json\/wp\/v2\/users\/1"}],"replies":[{"embeddable":true,"href":"https:\/\/www.bernadettecalonego.com\/de\/wp-json\/wp\/v2\/comments?post=50"}],"version-history":[{"count":5,"href":"https:\/\/www.bernadettecalonego.com\/de\/wp-json\/wp\/v2\/pages\/50\/revisions"}],"predecessor-version":[{"id":2000,"href":"https:\/\/www.bernadettecalonego.com\/de\/wp-json\/wp\/v2\/pages\/50\/revisions\/2000"}],"wp:attachment":[{"href":"https:\/\/www.bernadettecalonego.com\/de\/wp-json\/wp\/v2\/media?parent=50"}],"curies":[{"name":"wp","href":"https:\/\/api.w.org\/{rel}","templated":true}]}}