{"id":54,"date":"2019-01-11T18:58:13","date_gmt":"2019-01-12T02:58:13","guid":{"rendered":"http:\/\/www.bernadettecalonego.com\/de\/?page_id=54"},"modified":"2019-02-05T18:32:33","modified_gmt":"2019-02-06T02:32:33","slug":"journalismus","status":"publish","type":"page","link":"https:\/\/www.bernadettecalonego.com\/de\/biografie\/journalismus\/","title":{"rendered":"Journalismus"},"content":{"rendered":"\n<p><a href=\"https:\/\/www.bernadettecalonego.com\/de\/aus-mit-dem-kanadischen-traum\/\">Aus mit dem kanadischen Traum<\/a><\/p>\n\n\n\n<p><a href=\"https:\/\/www.bernadettecalonego.com\/de\/kanadas-spate-entschuldigung\/\">Kanadas sp\u00e4te Entschuldigung<\/a><\/p>\n\n\n\n<p><a href=\"https:\/\/www.bernadettecalonego.com\/de\/hundert-jahresex\/\">Hundert Jahre Sex<\/a><\/p>\n\n\n\n<p><a href=\"https:\/\/www.bernadettecalonego.com\/de\/frau-karetaks-sehnsucht-nach-ruhe\/\">Frau Karetaks Sehnsucht nach Ruhe<\/a><\/p>\n\n\n\n<p><a href=\"https:\/\/www.bernadettecalonego.com\/de\/das-ewige-eis-schmilzt-unter-riesigem-getose\/\">Das ewige Eis schmilzt unter riesigem Get\u00f6se<\/a><\/p>\n\n\n\n<p><a href=\"https:\/\/www.bernadettecalonego.com\/de\/beaver-cracks\/\">Beaver-Cracks<\/a><\/p>\n\n\n\n<p><a href=\"https:\/\/www.bernadettecalonego.com\/de\/wink-mit-dem-totempfahl\/\">Wink mit dem Totempfahl<\/a><\/p>\n\n\n\n<p><a href=\"https:\/\/www.bernadettecalonego.com\/de\/traum-aus-wasser-und-viel-luft\/\">Traum aus Wasser und viel Luft<\/a><\/p>\n\n\n\n<p><a href=\"https:\/\/www.bernadettecalonego.com\/de\/baume-pflanzen-am-archie-creek\/\">B\u00e4ume pflanzen am Archie Creek<\/a><\/p>\n\n\n\n<p><a href=\"https:\/\/www.bernadettecalonego.com\/de\/auf-pilzjagd\/\">Auf Pilzjagd<\/a><\/p>\n","protected":false},"excerpt":{"rendered":"<p>Aus mit dem kanadischen Traum Kanadas sp\u00e4te Entschuldigung Hundert Jahre Sex Frau Karetaks Sehnsucht nach Ruhe Das ewige Eis schmilzt unter riesigem Get\u00f6se Beaver-Cracks Wink mit dem Totempfahl Traum aus Wasser und viel Luft B\u00e4ume pflanzen am Archie Creek Auf Pilzjagd<\/p>\n","protected":false},"author":1,"featured_media":0,"parent":18,"menu_order":0,"comment_status":"closed","ping_status":"closed","template":"","meta":{"ngg_post_thumbnail":0,"footnotes":""},"class_list":["post-54","page","type-page","status-publish","hentry"],"jetpack_sharing_enabled":true,"_links":{"self":[{"href":"https:\/\/www.bernadettecalonego.com\/de\/wp-json\/wp\/v2\/pages\/54","targetHints":{"allow":["GET"]}}],"collection":[{"href":"https:\/\/www.bernadettecalonego.com\/de\/wp-json\/wp\/v2\/pages"}],"about":[{"href":"https:\/\/www.bernadettecalonego.com\/de\/wp-json\/wp\/v2\/types\/page"}],"author":[{"embeddable":true,"href":"https:\/\/www.bernadettecalonego.com\/de\/wp-json\/wp\/v2\/users\/1"}],"replies":[{"embeddable":true,"href":"https:\/\/www.bernadettecalonego.com\/de\/wp-json\/wp\/v2\/comments?post=54"}],"version-history":[{"count":3,"href":"https:\/\/www.bernadettecalonego.com\/de\/wp-json\/wp\/v2\/pages\/54\/revisions"}],"predecessor-version":[{"id":1377,"href":"https:\/\/www.bernadettecalonego.com\/de\/wp-json\/wp\/v2\/pages\/54\/revisions\/1377"}],"up":[{"embeddable":true,"href":"https:\/\/www.bernadettecalonego.com\/de\/wp-json\/wp\/v2\/pages\/18"}],"wp:attachment":[{"href":"https:\/\/www.bernadettecalonego.com\/de\/wp-json\/wp\/v2\/media?parent=54"}],"curies":[{"name":"wp","href":"https:\/\/api.w.org\/{rel}","templated":true}]}}