{"id":73,"date":"2019-01-11T20:36:09","date_gmt":"2019-01-12T04:36:09","guid":{"rendered":"http:\/\/www.bernadettecalonego.com\/de\/?page_id=73"},"modified":"2019-02-10T18:09:56","modified_gmt":"2019-02-11T02:09:56","slug":"die-fremde-auf-dem-eis","status":"publish","type":"page","link":"https:\/\/www.bernadettecalonego.com\/de\/bucher\/die-fremde-auf-dem-eis\/","title":{"rendered":"Die Fremde auf dem Eis"},"content":{"rendered":"\n<div class=\"wp-block-image\"><figure class=\"alignleft\"><a href=\"https:\/\/www.bernadettecalonego.com\/de\/wp-content\/uploads\/2019\/01\/DieFremdeAufDemEis-1000.jpg\" target=\"_blank\" rel=\"noreferrer noopener\"><img loading=\"lazy\" decoding=\"async\" width=\"200\" height=\"300\" src=\"https:\/\/www.bernadettecalonego.com\/de\/wp-content\/uploads\/2019\/01\/DieFremdeAufDemEis-1000-200x300.jpg\" alt=\"\" class=\"wp-image-1466\" srcset=\"https:\/\/www.bernadettecalonego.com\/de\/wp-content\/uploads\/2019\/01\/DieFremdeAufDemEis-1000-200x300.jpg 200w, https:\/\/www.bernadettecalonego.com\/de\/wp-content\/uploads\/2019\/01\/DieFremdeAufDemEis-1000.jpg 666w\" sizes=\"auto, (max-width: 200px) 100vw, 200px\" \/><\/a><figcaption> Vergr\u00f6ssern<\/figcaption><\/figure><\/div>\n\n\n\n<p class=\"has-text-color has-background has-medium-font-size has-very-dark-gray-color has-pale-cyan-blue-background-color\"><strong>Krimi&nbsp;aus&nbsp;der&nbsp;Arktis<\/strong><br><\/p>\n\n\n\n<p class=\"has-medium-font-size\">\u201cValerie Blaine kann ein dunkles Kapitel in der Vergangenheit ihrer \nFamilie nicht mehr verdr\u00e4ngen \u2013 den gewaltsamen Tod ihrer Mutter w\u00e4hrend\n einer Arktis-Expedition. Ihr Vater, einst ein ber\u00fchmter \nEishockeyspieler, wollte nie \u00fcber die Trag\u00f6die sprechen. Aber jetzt, \nnach drei\u00dfig Jahren, verschl\u00e4gt es Valerie als Reiseleiterin mit einer \nGruppentour in die N\u00e4he des Ungl\u00fccksortes. Und in die N\u00e4he eines \nverwegenen Mannes. Im Inuit-Dorf Inuvik ist jedoch ein anderer Tod in \naller Munde: Die Leiche einer jungen Frau wird am Rand der Eisstra\u00dfe \nnach Tuktoyaktuk gefunden. Einige Tage sp\u00e4ter fliehen Inuit-J\u00e4ger, die \neinem Eisb\u00e4ren auflauern, vor einer riesigen Explosion auf dem Eis des \nArktischen Ozeans. Weitere beunruhigende Ereignisse folgen \u2026 die \n\u00f6rtliche Polizei erh\u00e4lt Verst\u00e4rkung aus der Hauptstadt, die Ermittler \nsto\u00dfen bei der Aufkl\u00e4rung der Vorf\u00e4lle auf erschreckende Geheimnisse.\u201d<\/p>\n\n\n\n<p>(Ver\u00f6ffentlicht im Verlag Edition M.)<\/p>\n\n\n\n<p class=\"has-medium-font-size\"><a href=\"https:\/\/www.bernadettecalonego.com\/de\/auszug-die-fremde-auf-dem-eis\/\"><strong>Lesen Sie hier ein Probekapitel.<\/strong>\ufeff<\/a><\/p>\n\n\n\n<p><a rel=\"noreferrer noopener\" aria-label=\" (opens in a new tab)\" href=\"https:\/\/www.amazon.de\/Die-Fremde-auf-dem-Eis-ebook\/dp\/B01EYEPIIQ\/\" target=\"_blank\">Bestellen Sie das Buch mit einem Klick.<\/a><\/p>\n\n\n\n<p><strong>Aus der Presse<\/strong><\/p>\n\n\n\n<p><strong>Der Standard, Wien, 19.10. 2019<\/strong><\/p>\n\n\n\n<p> &#8220;Viel unterwegs ist Kanada-Korrespondentin Bernadette Calonego. Ihre Recherchen flie\u00dfen nicht nur in ihre Berichterstattung ein, sondern auch in ihre Krimis. Ziehen Sie sich warm an, wenn Sie etwa&nbsp;<strong>Die Fremde auf dem Eis<\/strong>&nbsp;lesen: So nahe bringt Ihnen Alaska sonst nur Jack London. &#8220;<\/p>\n\n\n\n<p><strong>Aus der S\u00fcdddeutschen Zeitung, 26.10. 2016<\/strong><\/p>\n\n\n\n<p>&#8220;In der Siedlung Inuvik in Kanadas Arktis leben Inuvialuit (so nennen sich die Inuit der westlichen Arktis), Dene-Indianer, M\u00e9tis (sie haben indianisches und europ\u00e4isches Blut) und Wei\u00dfe friedlich mit rund 100 Muslimen zusammen, die sich eine geschenkte Moschee 4000 Kilometer weit nach Inuvik transportieren lie\u00dfen.<\/p>\n\n\n\n<p>Diese multikulturelle Gemeinschaft ist Schauplatz des vierten Thrillers der aus Kanada berichtenden SZ-Autorin Bernadette Calonego, \u201e<strong>Die Fremde auf dem Eis<\/strong>\u201c. Eine mysteri\u00f6se Explosion zerrei\u00dft auf dem Polarmeer die Stille des ewigen Eises. Gleichzeitig wird eine Tote auf der Eisstra\u00dfe entdeckt, die nur im Winter \u00fcber das gefrorene Delta des Mackenzie-Stroms f\u00fchrt. Die beiden Vorf\u00e4lle ziehen immer weitere Kreise und schlie\u00dfen bald auch Valerie Blaine ein, eine ehemalige Journalistin und Reiseleiterin aus Vancouver. Valeries Mutter ist auf einer Arktisexpedition unter ungekl\u00e4rten Umst\u00e4nden umgekommen. Aus dem Fundus ihrer Arktisreisen hat Bernadette Calonego den Stoff einer fiktiven Handlung von aktueller Brisanz gesch\u00f6pft.&#8221;<\/p>\n\n\n\n<p><strong>Autorin Anne Poettgen \u00fcber &#8220;Die Fremde auf dem Eis&#8221;:<\/strong><\/p>\n\n\n\n<p class=\"has-medium-font-size\"><em>&#8220;<\/em> <em>Bereits ab Seite 20 ist mir klar, dass das eine spannende Lekt\u00fcre werden wird. Daher gleich zu Anfang meine Warnung: Nicht erst nach dem Abendessen mit dem Lesen beginnen<\/em>.  (&#8230;)<em> Obwohl ich im bequemen Sessel in der W\u00e4rme sa\u00df, war ich doch in der glasklaren K\u00e4lte des hohen Nordens gefangen.&#8221;<\/em><\/p>\n\n\n\n<p><strong>Bernadette Calonego und &#8220;Die Fremde auf dem Eis im Schweizer Rundfunk.<\/strong><\/p>\n\n\n\n<p><strong><a href=\"https:\/\/www.srf.ch\/sendungen\/buchzeichen\/tod-im-eis\">H\u00f6ren Sie hier dem Interview zu.<\/a><\/strong><\/p>\n","protected":false},"excerpt":{"rendered":"<p>Krimi&nbsp;aus&nbsp;der&nbsp;Arktis \u201cValerie Blaine kann ein dunkles Kapitel in der Vergangenheit ihrer Familie nicht mehr verdr\u00e4ngen \u2013 den gewaltsamen Tod ihrer Mutter w\u00e4hrend einer Arktis-Expedition. Ihr Vater, einst ein ber\u00fchmter Eishockeyspieler, wollte nie \u00fcber die Trag\u00f6die sprechen. Aber jetzt, nach drei\u00dfig Jahren, verschl\u00e4gt es Valerie als Reiseleiterin mit einer Gruppentour in <a class=\"read-more-link\" href=\"https:\/\/www.bernadettecalonego.com\/de\/bucher\/die-fremde-auf-dem-eis\/\">   Lesen Sie weiter<\/a><\/p>\n","protected":false},"author":1,"featured_media":0,"parent":22,"menu_order":0,"comment_status":"closed","ping_status":"closed","template":"","meta":{"ngg_post_thumbnail":0,"footnotes":""},"class_list":["post-73","page","type-page","status-publish","hentry"],"jetpack_sharing_enabled":true,"_links":{"self":[{"href":"https:\/\/www.bernadettecalonego.com\/de\/wp-json\/wp\/v2\/pages\/73","targetHints":{"allow":["GET"]}}],"collection":[{"href":"https:\/\/www.bernadettecalonego.com\/de\/wp-json\/wp\/v2\/pages"}],"about":[{"href":"https:\/\/www.bernadettecalonego.com\/de\/wp-json\/wp\/v2\/types\/page"}],"author":[{"embeddable":true,"href":"https:\/\/www.bernadettecalonego.com\/de\/wp-json\/wp\/v2\/users\/1"}],"replies":[{"embeddable":true,"href":"https:\/\/www.bernadettecalonego.com\/de\/wp-json\/wp\/v2\/comments?post=73"}],"version-history":[{"count":5,"href":"https:\/\/www.bernadettecalonego.com\/de\/wp-json\/wp\/v2\/pages\/73\/revisions"}],"predecessor-version":[{"id":2238,"href":"https:\/\/www.bernadettecalonego.com\/de\/wp-json\/wp\/v2\/pages\/73\/revisions\/2238"}],"up":[{"embeddable":true,"href":"https:\/\/www.bernadettecalonego.com\/de\/wp-json\/wp\/v2\/pages\/22"}],"wp:attachment":[{"href":"https:\/\/www.bernadettecalonego.com\/de\/wp-json\/wp\/v2\/media?parent=73"}],"curies":[{"name":"wp","href":"https:\/\/api.w.org\/{rel}","templated":true}]}}