{"id":75,"date":"2019-01-11T20:37:22","date_gmt":"2019-01-12T04:37:22","guid":{"rendered":"http:\/\/www.bernadettecalonego.com\/de\/?page_id=75"},"modified":"2019-02-10T17:54:03","modified_gmt":"2019-02-11T01:54:03","slug":"die-letzte-erkenntnis","status":"publish","type":"page","link":"https:\/\/www.bernadettecalonego.com\/de\/bucher\/die-letzte-erkenntnis\/","title":{"rendered":"Die letzte Erkenntnis"},"content":{"rendered":"\n<div class=\"wp-block-image\"><figure class=\"alignleft\"><a href=\"https:\/\/www.bernadettecalonego.com\/de\/wp-content\/uploads\/2019\/01\/DieLetzteErkenntnis-1000.jpg\" target=\"_blank\" rel=\"noreferrer noopener\"><img loading=\"lazy\" decoding=\"async\" width=\"200\" height=\"300\" src=\"https:\/\/www.bernadettecalonego.com\/de\/wp-content\/uploads\/2019\/01\/DieLetzteErkenntnis-1000-200x300.jpg\" alt=\"\" class=\"wp-image-1467\" srcset=\"https:\/\/www.bernadettecalonego.com\/de\/wp-content\/uploads\/2019\/01\/DieLetzteErkenntnis-1000-200x300.jpg 200w, https:\/\/www.bernadettecalonego.com\/de\/wp-content\/uploads\/2019\/01\/DieLetzteErkenntnis-1000.jpg 666w\" sizes=\"auto, (max-width: 200px) 100vw, 200px\" \/><\/a><figcaption>Vergr\u00f6ssern <\/figcaption><\/figure><\/div>\n\n\n\n<p class=\"has-text-color has-background has-medium-font-size has-vivid-red-color has-luminous-vivid-amber-background-color\"><strong>Der&nbsp;neue&nbsp;Kanada-Krimi.<\/strong><\/p>\n\n\n\n<p><em>Der neue Spannungsroman von der Autorin des Bestsellers \u00bbDie Bucht des Schweigens\u00ab.<\/em><\/p>\n\n\n\n<p>Auf der Suche nach dem M\u00f6rder seines Bruders st\u00f6\u00dft der kanadische \nRegisseur Lester Debuisson auf die F\u00e4lle von drei f\u00fchrenden \nWissenschaftlern, die scheinbar zuf\u00e4llig im selben Jahr in ihren \nHeimatl\u00e4ndern Schweiz, Deutschland und Italien ums Leben kamen. Er macht\n sich heimlich nach Europa auf, in der Hoffnung, die Zusammenh\u00e4nge \nzwischen den Todesf\u00e4llen aufzukl\u00e4ren. Bald erkennt er, dass er es mit \nm\u00e4chtigen Gegnern zu tun hat.<\/p>\n\n\n\n<p>Tia Brekmann reist auf eine kanadische Pferderanch und will dort mit  ihrem Freund Urlaub machen. Sie ist auf der Flucht vor einem Trauma: Ihr  Vater war einer der Wissenschaftler und wurde in ihrer Anwesenheit vor  ihrer Haust\u00fcr kaltbl\u00fctig niedergeschossen. Statt der erhofften Erholung  wird sie in verst\u00f6rende Ereignisse im Umfeld der Ranch hineingezogen,  und pl\u00f6tzlich werden die M\u00f6rder ihres Vaters auf sie aufmerksam&#8230;<\/p>\n\n\n\n<p>(Ver\u00f6ffentlicht im Verlag Edition M.)<\/p>\n\n\n\n<p class=\"has-medium-font-size\"><a href=\"https:\/\/www.bernadettecalonego.com\/de\/bucher\/die-letzte-erkenntnis\/auszug-die-letzte-erkenntnis\/\"><strong>Lesen Sie einen Auszug.<\/strong><\/a><\/p>\n\n\n\n<p><a href=\"https:\/\/www.amazon.de\/Die-letzte-Erkenntnis-Bernadette-Calonego-ebook\/dp\/B0749NS7K8\" target=\"_blank\" rel=\"noreferrer noopener\" aria-label=\" (opens in a new tab)\">Bestellen Sie den Thriller \u201cDie letzte Erkenntnis\u201d hier.<\/a><strong> <\/strong><\/p>\n\n\n\n<p><strong>Aus den Medien<\/strong><br><br> <strong>Besprechung in der S\u00fcddeutschen Zeitung vom 19. Oktober 2017<\/strong><br><br> &nbsp;\u201cIn Italien, der Schweiz und Deutschland kommen drei f\u00fchrende  Wissenschaftler, eine Frau und zwei M\u00e4nner, im selben Jahr um. Der eine  wird auf offener Stra\u00dfe erschossen, die beiden anderen verlieren unter  verd\u00e4chtigen Umst\u00e4nden ihr Leben. In ihrem sechsten  Buch \u201eDie letzte Erkenntnis\u201c, einem Thriller,&nbsp; verleiht SZ-Autorin  Bernadette Calonego dem vielerorts aufgeflammten \u201eWar on Science\u201c eine  brisante Dimension. Die Namen der toten Wissenschaftler findet ein  kanadischer Theaterregisseur aus Toronto zuf\u00e4llig im  Notizbuch seines ermordeten Bruders. Der Fall war wie die drei anderen  nie aufgekl\u00e4rt worden. Deshalb begibt sich der junge Kanadier auf eine  gef\u00e4hrliche Spurensuche in den Stra\u00dfen Berlins, am Schweizer  Vierwaldst\u00e4ttersee und in Florenz. In Calonegos Krimis  ist Kanada jedoch stets auch Schauplatz, und das ist in diesem Buch  nicht anders. Parallel zu den Ereignissen in Europa verbringt die  Tochter des ermordeten Schweizer Astronomen einen Reiturlaub in British  Columbia. Auf einer Ranch erf\u00e4hrt sie, dass die \u201eletzte  Erkenntnis\u201c weder in der Wissenschaft noch im wirklichen Leben  Trag\u00f6dien verhindern kann.\u201d <\/p>\n\n\n\n<p><strong><a href=\"https:\/\/mrs-misery.jimdo.com\/rezensionen\/c\/calonego-bernadette-die-letzte-erkenntnis\/\" target=\"_blank\" rel=\"noreferrer noopener\" aria-label=\" (opens in a new tab)\">Lesen: Buchkritik von Buchbloggerin 1.<\/a><\/strong><\/p>\n\n\n\n<p class=\"has-medium-font-size\">&#8220;Auch&nbsp;ohne blutr\u00fcnstige Beschreibungen&nbsp;der Morde erzeugt dieser Krimi eine hohe&nbsp;Spannung. Calonego versteht es, mit&nbsp;Cliffhangern&nbsp;zu arbeiten und die LeserInnen zappeln zu lassen, bevor sie das n\u00e4chste Puzzleteil erhalten. &#8220;<\/p>\n\n\n\n<p><strong><a href=\"https:\/\/www.lesejury.de\/bernadette-calonego\/buecher\/die-letzte-erkenntnis\/9781542048521\" target=\"_blank\" rel=\"noreferrer noopener\" aria-label=\" (opens in a new tab)\">Lesen: Rezension Lesejury.<\/a><\/strong><\/p>\n\n\n\n<p class=\"has-medium-font-size\">&#8220;Dies war mein erstes Buch von Bernadette Calonego, aber sicherlich nicht mein letztes. Schon zu Beginn des Buches, im Prolog, beginnt die Spannung und h\u00e4lt bis zum Schluss.&nbsp;&#8220;<\/p>\n\n\n\n<p><strong><a href=\"https:\/\/blog-a-holic.de\/2018\/04\/12\/bernadette-calonego-die-letzte-erkenntnis\/\" target=\"_blank\" rel=\"noreferrer noopener\" aria-label=\" (opens in a new tab)\">Lesen: Buchkritik von Bloggerin 2.<\/a><\/strong> <\/p>\n\n\n\n<p class=\"has-medium-font-size\">&#8220;Nur zu deutlich haben wir Leser teil an ihrer Gef\u00fchlswelt, sp\u00fcren ihre Angst, die sich in Panik steigert, ihre Vorsicht, die auch als Paranoia verstanden werden kann und die Ohnmacht, all das zu begreifen, was da vor sich geht.&#8221; <\/p>\n","protected":false},"excerpt":{"rendered":"<p>Der&nbsp;neue&nbsp;Kanada-Krimi. Der neue Spannungsroman von der Autorin des Bestsellers \u00bbDie Bucht des Schweigens\u00ab. Auf der Suche nach dem M\u00f6rder seines Bruders st\u00f6\u00dft der kanadische Regisseur Lester Debuisson auf die F\u00e4lle von drei f\u00fchrenden Wissenschaftlern, die scheinbar zuf\u00e4llig im selben Jahr in ihren Heimatl\u00e4ndern Schweiz, Deutschland und Italien ums Leben kamen. <a class=\"read-more-link\" href=\"https:\/\/www.bernadettecalonego.com\/de\/bucher\/die-letzte-erkenntnis\/\">   Lesen Sie weiter<\/a><\/p>\n","protected":false},"author":1,"featured_media":0,"parent":22,"menu_order":0,"comment_status":"closed","ping_status":"closed","template":"","meta":{"ngg_post_thumbnail":0,"footnotes":""},"class_list":["post-75","page","type-page","status-publish","hentry"],"jetpack_sharing_enabled":true,"_links":{"self":[{"href":"https:\/\/www.bernadettecalonego.com\/de\/wp-json\/wp\/v2\/pages\/75","targetHints":{"allow":["GET"]}}],"collection":[{"href":"https:\/\/www.bernadettecalonego.com\/de\/wp-json\/wp\/v2\/pages"}],"about":[{"href":"https:\/\/www.bernadettecalonego.com\/de\/wp-json\/wp\/v2\/types\/page"}],"author":[{"embeddable":true,"href":"https:\/\/www.bernadettecalonego.com\/de\/wp-json\/wp\/v2\/users\/1"}],"replies":[{"embeddable":true,"href":"https:\/\/www.bernadettecalonego.com\/de\/wp-json\/wp\/v2\/comments?post=75"}],"version-history":[{"count":5,"href":"https:\/\/www.bernadettecalonego.com\/de\/wp-json\/wp\/v2\/pages\/75\/revisions"}],"predecessor-version":[{"id":2229,"href":"https:\/\/www.bernadettecalonego.com\/de\/wp-json\/wp\/v2\/pages\/75\/revisions\/2229"}],"up":[{"embeddable":true,"href":"https:\/\/www.bernadettecalonego.com\/de\/wp-json\/wp\/v2\/pages\/22"}],"wp:attachment":[{"href":"https:\/\/www.bernadettecalonego.com\/de\/wp-json\/wp\/v2\/media?parent=75"}],"curies":[{"name":"wp","href":"https:\/\/api.w.org\/{rel}","templated":true}]}}