{"id":706,"date":"2019-01-16T11:48:32","date_gmt":"2019-01-16T19:48:32","guid":{"rendered":"https:\/\/www.bernadettecalonego.com\/eng\/?page_id=706"},"modified":"2021-12-09T18:10:50","modified_gmt":"2021-12-10T02:10:50","slug":"professional-life","status":"publish","type":"page","link":"https:\/\/www.bernadettecalonego.com\/eng\/bio\/professional-life\/","title":{"rendered":"Professional life"},"content":{"rendered":"\n<p><\/p>\n\n\n\n<p class=\"has-very-light-gray-background-color has-background\">Bernadette Calonego was born in Stans, Switzerland. She now resides and works as a <a href=\"https:\/\/www.bernadettecalonego.com\/eng\/bio\/journalism\/\">freelance foreign correspondent<\/a> and a novelist near Vancouver, Canada.<\/p>\n\n\n\n<p>She has a diploma from the University of Fribourg (Switzerland) where she focussed on modern languages. Her career has included working as a reporter\/editor for Reuters newsagency in Zurich. From&nbsp; 1990 to 2000, she was the foreign correspondent for \u201cS\u00fcddeutsche Zeitung\u201d and \u201cDer Standard\u201d , reporting from Switzerland. <\/p>\n\n\n\n<div class=\"wp-block-image\"><figure class=\"alignleft is-resized\"><img loading=\"lazy\" decoding=\"async\" src=\"https:\/\/www.bernadettecalonego.com\/eng\/wp-content\/uploads\/2019\/01\/2009-Copy-687x1024.jpg\" alt=\"\" class=\"wp-image-716\" width=\"426\" height=\"634\" srcset=\"https:\/\/www.bernadettecalonego.com\/eng\/wp-content\/uploads\/2019\/01\/2009-Copy-687x1024.jpg 687w, https:\/\/www.bernadettecalonego.com\/eng\/wp-content\/uploads\/2019\/01\/2009-Copy-201x300.jpg 201w, https:\/\/www.bernadettecalonego.com\/eng\/wp-content\/uploads\/2019\/01\/2009-Copy-768x1144.jpg 768w, https:\/\/www.bernadettecalonego.com\/eng\/wp-content\/uploads\/2019\/01\/2009-Copy.jpg 1944w\" sizes=\"auto, (max-width: 426px) 100vw, 426px\" \/><figcaption><strong>A passionate journalist.<\/strong><\/figcaption><\/figure><\/div>\n\n\n\n<p class=\"has-very-light-gray-background-color has-background\">She has written regularly for newspapers like \u201cS\u00fcddeutsche Zeitung\u201d in Munich, \u201cDer Standard\u201d in Vienna, Austria, \u201cTages-Anzeiger\u201d and \u201cFinanz und Wirtschaft\u201d in Zurich, Switzerland, and a range of other important German language newspapers. <\/p>\n\n\n\n<p class=\"has-very-light-gray-background-color has-background\"> Bernadette Calonego`s stories have been published in magazines like GEO, Vogue, SZ-Magazin, natur + kosmos, foto magazin, B\u00f6rse Online, EMMA, abenteuer + reisen, H\u00e4user and in newspapers such as Neue Z\u00fcrcher Zeitung and Weltwoche. <\/p>\n\n\n\n<p><\/p>\n\n\n\n<p>In October 2005,<strong>&nbsp;her first book<\/strong>&nbsp;<em>Nutze deine Feinde<\/em>&nbsp;(Make use of your enemies) was published by Bloomsbury Berlin Verlag.<\/p>\n\n\n\n<p>In August 2007,&nbsp;<strong>her second book<\/strong>&nbsp;<em>Unter dunklen Wassern<\/em>&nbsp;(Under dark waters) was also published by Bloomsbury Berlin Verlag.<\/p>\n\n\n\n<p>In November 2011<strong>, her third book<\/strong>&nbsp;<em>Oh, wie sch\u00f6n ist Kanada<\/em><strong><em>!<\/em>&nbsp;Leben unterm Ahornblatt&nbsp;<\/strong>(O, how beautiful is Canada! Life under the Maple Leaf) was published by Ullstein Verlag.<\/p>\n\n\n\n<div class=\"wp-block-image\"><figure class=\"alignright is-resized\"><img loading=\"lazy\" decoding=\"async\" src=\"https:\/\/www.bernadettecalonego.com\/eng\/wp-content\/uploads\/2019\/01\/IMG_0754-Copy-1-971x1024.jpg\" alt=\"\" class=\"wp-image-710\" width=\"443\" height=\"466\" srcset=\"https:\/\/www.bernadettecalonego.com\/eng\/wp-content\/uploads\/2019\/01\/IMG_0754-Copy-1-971x1024.jpg 971w, https:\/\/www.bernadettecalonego.com\/eng\/wp-content\/uploads\/2019\/01\/IMG_0754-Copy-1-285x300.jpg 285w, https:\/\/www.bernadettecalonego.com\/eng\/wp-content\/uploads\/2019\/01\/IMG_0754-Copy-1-768x810.jpg 768w, https:\/\/www.bernadettecalonego.com\/eng\/wp-content\/uploads\/2019\/01\/IMG_0754-Copy-1.jpg 1590w\" sizes=\"auto, (max-width: 443px) 100vw, 443px\" \/><figcaption><strong>Book reading in Munich, Germany.<\/strong><\/figcaption><\/figure><\/div>\n\n\n\n<p>In June 2012,&nbsp;<strong>The Zurich Conspiracy<\/strong>&nbsp;was published by AmazonCrossing (you can read an excerpt on the page \u201cBooks\u201d).<\/p>\n\n\n\n<p>In April 2015, the mystery novel&nbsp;<strong>Under Dark Waters<\/strong>, also by AmazonCrossing, was launched.<\/p>\n\n\n\n<p>Bernadette Calonego`s fourth book, was published in July 2015, first in German as&nbsp;<strong>Die Bucht des Schweigens&nbsp;<\/strong>and then in English as <strong>Stormy Cove <\/strong>in 2016.<\/p>\n\n\n\n<p>The English version of the book <strong>Die Fremde auf dem Eis<\/strong> was published in August 2018 as <strong>The Stranger on the Ice<\/strong>.<\/p>\n\n\n\n<p>In September 2017, the German mystery novel <strong>Die letzte Erkenntnis<\/strong> was launched.<\/p>\n\n\n\n<p>It was followed by <strong>M\u00f6rderischer Morgen<\/strong> in 2019 (English title <strong>Murderous Morning<\/strong>, 2020).<\/p>\n\n\n\n<p>In 2020,<strong> Eisiger Kerker<\/strong> came out (translated as <strong>Cries from the Cold<\/strong>), and in 2021, <strong>Kalte Klippen<\/strong>, (translated as <strong>A Dark Chill<\/strong>). In the same year, <strong>Grabesgrauen<\/strong> was launched. All three books are part of the Detective Calista Gates series.<\/p>\n\n\n\n<p>Bernadette Calonego is working on a new murder mystery.<\/p>\n\n\n\n<p><\/p>\n","protected":false},"excerpt":{"rendered":"<p>Bernadette Calonego was born in Stans, Switzerland. She now resides and works as a freelance foreign correspondent and a novelist near Vancouver, Canada. She has a diploma from the University of Fribourg (Switzerland) where she focussed on modern languages. Her career has included working as a reporter\/editor for Reuters newsagency <a class=\"read-more-link\" href=\"https:\/\/www.bernadettecalonego.com\/eng\/bio\/professional-life\/\">   Read More<\/a><\/p>\n","protected":false},"author":1,"featured_media":0,"parent":15,"menu_order":0,"comment_status":"closed","ping_status":"closed","template":"","meta":{"ngg_post_thumbnail":0,"footnotes":""},"class_list":["post-706","page","type-page","status-publish","hentry"],"jetpack_sharing_enabled":true,"_links":{"self":[{"href":"https:\/\/www.bernadettecalonego.com\/eng\/wp-json\/wp\/v2\/pages\/706","targetHints":{"allow":["GET"]}}],"collection":[{"href":"https:\/\/www.bernadettecalonego.com\/eng\/wp-json\/wp\/v2\/pages"}],"about":[{"href":"https:\/\/www.bernadettecalonego.com\/eng\/wp-json\/wp\/v2\/types\/page"}],"author":[{"embeddable":true,"href":"https:\/\/www.bernadettecalonego.com\/eng\/wp-json\/wp\/v2\/users\/1"}],"replies":[{"embeddable":true,"href":"https:\/\/www.bernadettecalonego.com\/eng\/wp-json\/wp\/v2\/comments?post=706"}],"version-history":[{"count":4,"href":"https:\/\/www.bernadettecalonego.com\/eng\/wp-json\/wp\/v2\/pages\/706\/revisions"}],"predecessor-version":[{"id":2524,"href":"https:\/\/www.bernadettecalonego.com\/eng\/wp-json\/wp\/v2\/pages\/706\/revisions\/2524"}],"up":[{"embeddable":true,"href":"https:\/\/www.bernadettecalonego.com\/eng\/wp-json\/wp\/v2\/pages\/15"}],"wp:attachment":[{"href":"https:\/\/www.bernadettecalonego.com\/eng\/wp-json\/wp\/v2\/media?parent=706"}],"curies":[{"name":"wp","href":"https:\/\/api.w.org\/{rel}","templated":true}]}}